{"id":4633,"date":"2021-11-01T15:58:36","date_gmt":"2021-11-01T14:58:36","guid":{"rendered":"https:\/\/zank.de\/a-propos-de-zank\/wer-wir-sind\/"},"modified":"2022-01-28T16:37:13","modified_gmt":"2022-01-28T15:37:13","slug":"qui-sommes-nous","status":"publish","type":"page","link":"https:\/\/zank.de\/fr\/a-propos-de-zank\/qui-sommes-nous\/","title":{"rendered":"Qui sommes-nous ?"},"content":{"rendered":"\n<p class=\"has-lead-font-size\" style=\"margin-bottom:39px\">Dans les familles, les crises peuvent prendre des formes diverses et nombreuses. Dans les conflits familiaux \u00e0 composante internationale, qu\u2019il s\u2019agisse de conflits relatifs \u00e0 l\u2019autorit\u00e9 parentale, au droit de garde de l\u2019enfant et au droit de maintien de relations personnelles, de visite et d\u2019h\u00e9bergement, ou d\u2019un enl\u00e8vement d\u2019enfant hors d\u2019Allemagne ou vers l\u2019Allemagne, il n\u2019y a pas de r\u00e9ponses simples.<strong> <\/strong>Les parents se sentent souvent seuls avec leurs probl\u00e8mes, les professionnels ont eux aussi des questions. C&#8217;est pourquoi, depuis dix ans, nous informons de mani\u00e8re interdisciplinaire sur les moyens de g\u00e9rer ces conflits.<\/p>\n\n\n\n<h2 class=\"is-style-heading-h2 wp-block-heading\" style=\"margin-bottom:51px\"><strong>Notre \u00e9quipe du Service social international<\/strong><\/h2>\n\n\n\n<div class=\"wp-block-group alignfull is-layout-constrained wp-container-core-group-is-layout-b836f330 wp-block-group-is-layout-constrained\">\n<div class=\"wp-block-image\"><figure class=\"aligncenter size-full\"><img loading=\"lazy\" decoding=\"async\" width=\"767\" height=\"499\" src=\"https:\/\/zank.de\/wp-content\/uploads\/2021\/12\/DV_ZAnK_Webillu_UeberUns_368x239px.png\" alt=\"\" class=\"wp-image-1853\" srcset=\"https:\/\/zank.de\/wp-content\/uploads\/2021\/12\/DV_ZAnK_Webillu_UeberUns_368x239px.png 767w, https:\/\/zank.de\/wp-content\/uploads\/2021\/12\/DV_ZAnK_Webillu_UeberUns_368x239px-400x260.png 400w\" sizes=\"auto, (max-width: 767px) 100vw, 767px\" \/><\/figure><\/div>\n<\/div>\n\n\n\n<div class=\"wp-block-theme-spacer\" style=\"height:1.5rem\"><\/div>\n\n\n\n<p style=\"margin-bottom:43px\">ZAnK est un service offert par le ISD (membre allemand du Service social international, SSI). En tant que champ d\u2019activit\u00e9 au sein du Deutscher Verein f\u00fcr \u00f6ffentliche und private F\u00fcrsorge e.V. (Association allemande pour l\u2019assistance publique et priv\u00e9e), il compte dix collaborateurs fixes. Le conseil a lieu par deux <strong>juristes<\/strong> et cinq <strong>assistants sociaux \/assistantes sociales,<\/strong> assist\u00e9s de deux employ\u00e9es administratives et une traductrice.<\/p>\n\n\n\n<div class=\"wp-block-group alignfull is-layout-constrained wp-container-core-group-is-layout-b836f330 wp-block-group-is-layout-constrained\">\n<div class=\"wp-block-columns is-style-breakpoint-md is-layout-flex wp-container-core-columns-is-layout-9d6595d7 wp-block-columns-is-layout-flex\">\n<div class=\"wp-block-column is-layout-flow wp-block-column-is-layout-flow\">\n<div class=\"wp-block-group rounded-number has-primary-light-background-color has-background is-layout-flow wp-block-group-is-layout-flow\">\n<p class=\"has-text-align-center\">Service social <br>international depuis<\/p>\n\n\n\n<p class=\"has-text-align-center\"><strong>90<\/strong><\/p>\n\n\n\n<p class=\"has-text-align-center\">ans<\/p>\n<\/div>\n<\/div>\n\n\n\n<div class=\"wp-block-column is-layout-flow wp-block-column-is-layout-flow\">\n<div class=\"wp-block-group rounded-number has-primary-light-background-color has-background is-layout-flow wp-block-group-is-layout-flow\">\n<p class=\"has-text-align-center\">Plus de<\/p>\n\n\n\n<p class=\"has-text-align-center\"><strong>120<\/strong><\/p>\n\n\n\n<p class=\"has-text-align-center\">coop\u00e9rations et interlocuteurs dans le monde entier<\/p>\n<\/div>\n<\/div>\n\n\n\n<div class=\"wp-block-column is-layout-flow wp-block-column-is-layout-flow\">\n<div class=\"wp-block-group rounded-number has-primary-light-background-color has-background is-layout-flow wp-block-group-is-layout-flow\">\n<p class=\"has-text-align-center\">Depuis<\/p>\n\n\n\n<p class=\"has-text-align-center\"><strong>10<\/strong><\/p>\n\n\n\n<p class=\"has-text-align-center\">ans, mandat en tant que Point de contact central pour les conflits familiaux internationaux et la m\u00e9diation<\/p>\n<\/div>\n<\/div>\n\n\n\n<div class=\"wp-block-column is-layout-flow wp-block-column-is-layout-flow\">\n<div class=\"wp-block-group rounded-number has-primary-light-background-color has-background is-layout-flow wp-block-group-is-layout-flow\">\n<p class=\"has-text-align-center\">Plus de<\/p>\n\n\n\n<p class=\"has-text-align-center\"><strong>1000<\/strong><\/p>\n\n\n\n<p class=\"has-text-align-center\">entretiens conseil par an<\/p>\n<\/div>\n<\/div>\n<\/div>\n<\/div>\n\n\n\n<div class=\"wp-block-theme-spacer\" style=\"height:2.1rem\"><\/div>\n\n\n\n<div class=\"wp-block-theme-icons wp-block-buttons icon-offset\">\n<div class=\"wp-block-theme-icon wp-block-button has-secondary-color has-text-color\"><div class=\"wp-block-theme-icon-innen\"><svg class=\"icon check-circle icon-size-7\" xmlns=\"http:\/\/www.w3.org\/2000\/svg\" focusable=\"false\" aria-hidden=\"true\"><use href=\"#check-circle\"><\/use><\/svg><\/div><\/div>\n\n\n\n<h3 class=\"wp-block-heading\">Notre travail est interdisciplinaire<\/h3>\n<\/div>\n\n\n\n<div class=\"wp-block-group is-layout-flow wp-block-group-is-layout-flow\">\n<p>Gr\u00e2ce \u00e0 nos qualifications diverses, nous pouvons r\u00e9agir de mani\u00e8re appropri\u00e9e \u00e0 la complexit\u00e9 des demandes de soutien. Les membres de notre \u00e9quipe disposent de formations compl\u00e9mentaires dans le domaine de la supervision, de la m\u00e9diation, ou en tant que sp\u00e9cialiste exp\u00e9riment\u00e9 de la protection de l\u2019enfance. D\u2019autres conseillers ont fait des \u00e9tudes de master dans le domaine des droits de l\u2019enfant ou de la r\u00e9solution de conflits interculturels.<\/p>\n\n\n\n<p>Ind\u00e9pendamment de la personne avec laquelle vous parlez, <strong>nous vous conseillons pour toutes les questions juridiques et socio-p\u00e9dagogiques<\/strong>.<\/p>\n<\/div>\n\n\n\n<div class=\"wp-block-theme-icons wp-block-buttons icon-offset\">\n<div class=\"wp-block-theme-icon wp-block-button has-secondary-color has-text-color\"><div class=\"wp-block-theme-icon-innen\"><svg class=\"icon check-circle icon-size-7\" xmlns=\"http:\/\/www.w3.org\/2000\/svg\" focusable=\"false\" aria-hidden=\"true\"><use href=\"#check-circle\"><\/use><\/svg><\/div><\/div>\n\n\n\n<h3 class=\"wp-block-heading\">Nous apportons notre savoir et notre exp\u00e9rience au niveau national et international.<\/h3>\n<\/div>\n\n\n\n<div class=\"wp-block-group is-layout-flow wp-block-group-is-layout-flow\">\n<p class=\"icon-offset\">Nous <strong>conseillons depuis de nombreuses ann\u00e9es toutes les personnes qui le d\u00e9sirent,<\/strong> dans le cadre de conflits familiaux \u00e0 composante internationale. L\u2019ensemble des membres de l\u2019\u00e9quipe ont de plus <strong>une exp\u00e9rience professionnelle \u00e0 l\u2019\u00e9tranger<\/strong>. Ceci est pour nous souvent une aide, car, outre le traitement du conflit proprement dit, il appara\u00eet en g\u00e9n\u00e9ral des questions de droit international et de droit de l\u2019autre pays. Des valeurs culturelles diff\u00e9rentes jouent ici \u00e9galement un r\u00f4le.<\/p>\n<\/div>\n\n\n\n<div class=\"wp-block-theme-icons wp-block-buttons icon-offset\">\n<div class=\"wp-block-theme-icon wp-block-button has-secondary-color has-text-color\"><div class=\"wp-block-theme-icon-innen\"><svg class=\"icon check-circle icon-size-7\" xmlns=\"http:\/\/www.w3.org\/2000\/svg\" focusable=\"false\" aria-hidden=\"true\"><use href=\"#check-circle\"><\/use><\/svg><\/div><\/div>\n\n\n\n<h3 class=\"wp-block-heading\">Nous vous conseillons dans des langues diff\u00e9rentes<\/h3>\n<\/div>\n\n\n\n<div class=\"wp-block-group is-layout-flow wp-block-group-is-layout-flow\">\n<p>Pour vous apporter notre soutien, nous parlons, <strong>outre l\u2019allemand,<\/strong> des langues diff\u00e9rentes : actuellement <strong>l\u2019anglais, l\u2019espagnol et le fran\u00e7ais<\/strong>. Si vous n\u00e9cessitez un conseil dans une autre langue que celles mentionn\u00e9es, prenez tout de m\u00eame contact avec nous. Nous trouvons toujours une solution individuelle.<\/p>\n\n\n\n<p>Vous pouvez avoir recours \u00e0 notre <strong>service de conseil par t\u00e9l\u00e9phone ou par e-mail<\/strong>. Un entretien personnel dans nos locaux n\u2019est pas possible.<\/p>\n\n\n\n<p><strong>Nous ne pouvons proposer de conseil juridique au sens strict du terme.<\/strong> Si n\u00e9cessaire, nous renvoyons \u00e0 des avocat(e)s sp\u00e9cialis\u00e9(e)s ; utilisez aussi notre r\u00e9pertoire d\u2019adresses.<\/p>\n<\/div>\n\n\n\n<div class=\"wp-block-theme-spacer\" style=\"height:2.2rem\"><\/div>\n\n\n\n<div class=\"wp-block-group alignfull has-primary-light-background-color has-background is-layout-constrained wp-container-core-group-is-layout-22714b9e wp-block-group-is-layout-constrained\" style=\"padding-top:70px;padding-bottom:70px\">\n<div class=\"wp-block-columns is-style-default is-layout-flex wp-container-core-columns-is-layout-9d6595d7 wp-block-columns-is-layout-flex\">\n<div class=\"wp-block-column is-layout-flow wp-block-column-is-layout-flow\">\n<div class=\"wp-block-group is-style-card is-layout-flow wp-block-group-is-layout-flow\" style=\"padding-top:26px\">\n<h3 class=\"wp-block-heading\" style=\"margin-bottom:15px\">&nbsp;Contact<\/h3>\n\n\n\n<div class=\"wp-block-buttons is-layout-flex wp-block-buttons-is-layout-flex\">\n<div class=\"wp-block-button\"><a class=\"wp-block-button__link\" href=\"https:\/\/zank.de\/fr\/contact-comment-nous-consulter\/\">Service conseil<\/a><\/div>\n<\/div>\n<\/div>\n<\/div>\n\n\n\n<div class=\"wp-block-column is-layout-flow wp-block-column-is-layout-flow\">\n<div class=\"wp-block-group is-style-card is-layout-flow wp-block-group-is-layout-flow\" style=\"padding-top:26px\">\n<h3 class=\"wp-block-heading\" style=\"margin-bottom:15px\">Pourquoi ZAnK<\/h3>\n\n\n\n<div class=\"wp-block-buttons is-layout-flex wp-block-buttons-is-layout-flex\">\n<div class=\"wp-block-button\"><a class=\"wp-block-button__link\" href=\"https:\/\/zank.de\/fr\/a-propos-de-zank\/notre-offre\/\">Notre offre<\/a><\/div>\n<\/div>\n<\/div>\n<\/div>\n\n\n\n<div class=\"wp-block-column is-layout-flow wp-block-column-is-layout-flow\">\n<div class=\"wp-block-group is-style-card is-layout-flow wp-block-group-is-layout-flow\" style=\"padding-top:26px\">\n<h3 class=\"wp-block-heading\" style=\"margin-bottom:15px\">Trouver un interlocuteur<\/h3>\n\n\n\n<div class=\"wp-block-buttons is-layout-flex wp-block-buttons-is-layout-flex\">\n<div class=\"wp-block-button\"><a class=\"wp-block-button__link\" href=\"https:\/\/zank.de\/en\/materials-addresses\/contacts\/\">R\u00e9pertoire d\u2019adresses<\/a><\/div>\n<\/div>\n<\/div>\n<\/div>\n<\/div>\n<\/div>\n","protected":false},"excerpt":{"rendered":"<p>Dans les familles, les crises peuvent prendre des formes diverses et nombreuses. Dans les conflits familiaux \u00e0 composante internationale, qu\u2019il s\u2019agisse de conflits relatifs \u00e0 l\u2019autorit\u00e9 parentale, au droit de garde de l\u2019enfant et au droit de maintien de relations personnelles, de visite et d\u2019h\u00e9bergement, ou d\u2019un enl\u00e8vement d\u2019enfant hors d\u2019Allemagne ou vers l\u2019Allemagne, il [&hellip;]<\/p>\n","protected":false},"author":1,"featured_media":0,"parent":4627,"menu_order":0,"comment_status":"closed","ping_status":"closed","template":"","meta":{"_acf_changed":false,"footnotes":""},"class_list":["post-4633","page","type-page","status-publish","hentry"],"acf":[],"yoast_head":"<!-- This site is optimized with the Yoast SEO plugin v27.2 - https:\/\/yoast.com\/product\/yoast-seo-wordpress\/ -->\n<title>Qui sommes-nous ? &#8226; ZAnK<\/title>\n<meta name=\"robots\" content=\"index, follow, max-snippet:-1, max-image-preview:large, max-video-preview:-1\" \/>\n<link rel=\"canonical\" href=\"https:\/\/zank.de\/fr\/a-propos-de-zank\/qui-sommes-nous\/\" \/>\n<meta property=\"og:locale\" content=\"fr_FR\" \/>\n<meta property=\"og:type\" content=\"article\" \/>\n<meta property=\"og:title\" content=\"Qui sommes-nous ? &#8226; ZAnK\" \/>\n<meta property=\"og:description\" content=\"Dans les familles, les crises peuvent prendre des formes diverses et nombreuses. Dans les conflits familiaux \u00e0 composante internationale, qu\u2019il s\u2019agisse de conflits relatifs \u00e0 l\u2019autorit\u00e9 parentale, au droit de garde de l\u2019enfant et au droit de maintien de relations personnelles, de visite et d\u2019h\u00e9bergement, ou d\u2019un enl\u00e8vement d\u2019enfant hors d\u2019Allemagne ou vers l\u2019Allemagne, il [&hellip;]\" \/>\n<meta property=\"og:url\" content=\"https:\/\/zank.de\/fr\/a-propos-de-zank\/qui-sommes-nous\/\" \/>\n<meta property=\"og:site_name\" content=\"ZAnK\" \/>\n<meta property=\"article:modified_time\" content=\"2022-01-28T15:37:13+00:00\" \/>\n<meta property=\"og:image\" content=\"https:\/\/zank.de\/wp-content\/uploads\/2021\/12\/DV_ZAnK_Webillu_UeberUns_368x239px.png\" \/>\n<meta name=\"twitter:card\" content=\"summary_large_image\" \/>\n<meta name=\"twitter:label1\" content=\"Est. reading time\" \/>\n\t<meta name=\"twitter:data1\" content=\"3 minutes\" \/>\n<script type=\"application\/ld+json\" class=\"yoast-schema-graph\">{\"@context\":\"https:\/\/schema.org\",\"@graph\":[{\"@type\":\"WebPage\",\"@id\":\"https:\/\/zank.de\/fr\/a-propos-de-zank\/qui-sommes-nous\/\",\"url\":\"https:\/\/zank.de\/fr\/a-propos-de-zank\/qui-sommes-nous\/\",\"name\":\"Qui sommes-nous ? &#8226; ZAnK\",\"isPartOf\":{\"@id\":\"https:\/\/zank.de\/#website\"},\"primaryImageOfPage\":{\"@id\":\"https:\/\/zank.de\/fr\/a-propos-de-zank\/qui-sommes-nous\/#primaryimage\"},\"image\":{\"@id\":\"https:\/\/zank.de\/fr\/a-propos-de-zank\/qui-sommes-nous\/#primaryimage\"},\"thumbnailUrl\":\"https:\/\/zank.de\/wp-content\/uploads\/2021\/12\/DV_ZAnK_Webillu_UeberUns_368x239px.png\",\"datePublished\":\"2021-11-01T14:58:36+00:00\",\"dateModified\":\"2022-01-28T15:37:13+00:00\",\"breadcrumb\":{\"@id\":\"https:\/\/zank.de\/fr\/a-propos-de-zank\/qui-sommes-nous\/#breadcrumb\"},\"inLanguage\":\"fr-FR\",\"potentialAction\":[{\"@type\":\"ReadAction\",\"target\":[\"https:\/\/zank.de\/fr\/a-propos-de-zank\/qui-sommes-nous\/\"]}]},{\"@type\":\"ImageObject\",\"inLanguage\":\"fr-FR\",\"@id\":\"https:\/\/zank.de\/fr\/a-propos-de-zank\/qui-sommes-nous\/#primaryimage\",\"url\":\"https:\/\/zank.de\/wp-content\/uploads\/2021\/12\/DV_ZAnK_Webillu_UeberUns_368x239px.png\",\"contentUrl\":\"https:\/\/zank.de\/wp-content\/uploads\/2021\/12\/DV_ZAnK_Webillu_UeberUns_368x239px.png\"},{\"@type\":\"BreadcrumbList\",\"@id\":\"https:\/\/zank.de\/fr\/a-propos-de-zank\/qui-sommes-nous\/#breadcrumb\",\"itemListElement\":[{\"@type\":\"ListItem\",\"position\":1,\"name\":\"Startseite\",\"item\":\"https:\/\/zank.de\/fr\/\"},{\"@type\":\"ListItem\",\"position\":2,\"name\":\"\u00c0 propos de ZAnK\",\"item\":\"https:\/\/zank.de\/fr\/a-propos-de-zank\/\"},{\"@type\":\"ListItem\",\"position\":3,\"name\":\"Qui sommes-nous ?\"}]},{\"@type\":\"WebSite\",\"@id\":\"https:\/\/zank.de\/#website\",\"url\":\"https:\/\/zank.de\/\",\"name\":\"ZAnK\",\"description\":\"Zentrale Anlaufstelle f\u00fcr grenz\u00fcberschreitende Kindschaftskonflikte und Mediation\",\"publisher\":{\"@id\":\"https:\/\/zank.de\/#organization\"},\"potentialAction\":[{\"@type\":\"SearchAction\",\"target\":{\"@type\":\"EntryPoint\",\"urlTemplate\":\"https:\/\/zank.de\/?s={search_term_string}\"},\"query-input\":{\"@type\":\"PropertyValueSpecification\",\"valueRequired\":true,\"valueName\":\"search_term_string\"}}],\"inLanguage\":\"fr-FR\"},{\"@type\":\"Organization\",\"@id\":\"https:\/\/zank.de\/#organization\",\"name\":\"ZAnK\",\"url\":\"https:\/\/zank.de\/\",\"logo\":{\"@type\":\"ImageObject\",\"inLanguage\":\"fr-FR\",\"@id\":\"https:\/\/zank.de\/#\/schema\/logo\/image\/\",\"url\":\"https:\/\/zank.de\/wp-content\/uploads\/2021\/10\/ZANK_Logo.svg\",\"contentUrl\":\"https:\/\/zank.de\/wp-content\/uploads\/2021\/10\/ZANK_Logo.svg\",\"width\":567,\"height\":172,\"caption\":\"ZAnK\"},\"image\":{\"@id\":\"https:\/\/zank.de\/#\/schema\/logo\/image\/\"}}]}<\/script>\n<!-- \/ Yoast SEO plugin. -->","yoast_head_json":{"title":"Qui sommes-nous ? &#8226; ZAnK","robots":{"index":"index","follow":"follow","max-snippet":"max-snippet:-1","max-image-preview":"max-image-preview:large","max-video-preview":"max-video-preview:-1"},"canonical":"https:\/\/zank.de\/fr\/a-propos-de-zank\/qui-sommes-nous\/","og_locale":"fr_FR","og_type":"article","og_title":"Qui sommes-nous ? &#8226; ZAnK","og_description":"Dans les familles, les crises peuvent prendre des formes diverses et nombreuses. Dans les conflits familiaux \u00e0 composante internationale, qu\u2019il s\u2019agisse de conflits relatifs \u00e0 l\u2019autorit\u00e9 parentale, au droit de garde de l\u2019enfant et au droit de maintien de relations personnelles, de visite et d\u2019h\u00e9bergement, ou d\u2019un enl\u00e8vement d\u2019enfant hors d\u2019Allemagne ou vers l\u2019Allemagne, il [&hellip;]","og_url":"https:\/\/zank.de\/fr\/a-propos-de-zank\/qui-sommes-nous\/","og_site_name":"ZAnK","article_modified_time":"2022-01-28T15:37:13+00:00","og_image":[{"url":"https:\/\/zank.de\/wp-content\/uploads\/2021\/12\/DV_ZAnK_Webillu_UeberUns_368x239px.png","type":"","width":"","height":""}],"twitter_card":"summary_large_image","twitter_misc":{"Est. reading time":"3 minutes"},"schema":{"@context":"https:\/\/schema.org","@graph":[{"@type":"WebPage","@id":"https:\/\/zank.de\/fr\/a-propos-de-zank\/qui-sommes-nous\/","url":"https:\/\/zank.de\/fr\/a-propos-de-zank\/qui-sommes-nous\/","name":"Qui sommes-nous ? &#8226; ZAnK","isPartOf":{"@id":"https:\/\/zank.de\/#website"},"primaryImageOfPage":{"@id":"https:\/\/zank.de\/fr\/a-propos-de-zank\/qui-sommes-nous\/#primaryimage"},"image":{"@id":"https:\/\/zank.de\/fr\/a-propos-de-zank\/qui-sommes-nous\/#primaryimage"},"thumbnailUrl":"https:\/\/zank.de\/wp-content\/uploads\/2021\/12\/DV_ZAnK_Webillu_UeberUns_368x239px.png","datePublished":"2021-11-01T14:58:36+00:00","dateModified":"2022-01-28T15:37:13+00:00","breadcrumb":{"@id":"https:\/\/zank.de\/fr\/a-propos-de-zank\/qui-sommes-nous\/#breadcrumb"},"inLanguage":"fr-FR","potentialAction":[{"@type":"ReadAction","target":["https:\/\/zank.de\/fr\/a-propos-de-zank\/qui-sommes-nous\/"]}]},{"@type":"ImageObject","inLanguage":"fr-FR","@id":"https:\/\/zank.de\/fr\/a-propos-de-zank\/qui-sommes-nous\/#primaryimage","url":"https:\/\/zank.de\/wp-content\/uploads\/2021\/12\/DV_ZAnK_Webillu_UeberUns_368x239px.png","contentUrl":"https:\/\/zank.de\/wp-content\/uploads\/2021\/12\/DV_ZAnK_Webillu_UeberUns_368x239px.png"},{"@type":"BreadcrumbList","@id":"https:\/\/zank.de\/fr\/a-propos-de-zank\/qui-sommes-nous\/#breadcrumb","itemListElement":[{"@type":"ListItem","position":1,"name":"Startseite","item":"https:\/\/zank.de\/fr\/"},{"@type":"ListItem","position":2,"name":"\u00c0 propos de ZAnK","item":"https:\/\/zank.de\/fr\/a-propos-de-zank\/"},{"@type":"ListItem","position":3,"name":"Qui sommes-nous ?"}]},{"@type":"WebSite","@id":"https:\/\/zank.de\/#website","url":"https:\/\/zank.de\/","name":"ZAnK","description":"Zentrale Anlaufstelle f\u00fcr grenz\u00fcberschreitende Kindschaftskonflikte und Mediation","publisher":{"@id":"https:\/\/zank.de\/#organization"},"potentialAction":[{"@type":"SearchAction","target":{"@type":"EntryPoint","urlTemplate":"https:\/\/zank.de\/?s={search_term_string}"},"query-input":{"@type":"PropertyValueSpecification","valueRequired":true,"valueName":"search_term_string"}}],"inLanguage":"fr-FR"},{"@type":"Organization","@id":"https:\/\/zank.de\/#organization","name":"ZAnK","url":"https:\/\/zank.de\/","logo":{"@type":"ImageObject","inLanguage":"fr-FR","@id":"https:\/\/zank.de\/#\/schema\/logo\/image\/","url":"https:\/\/zank.de\/wp-content\/uploads\/2021\/10\/ZANK_Logo.svg","contentUrl":"https:\/\/zank.de\/wp-content\/uploads\/2021\/10\/ZANK_Logo.svg","width":567,"height":172,"caption":"ZAnK"},"image":{"@id":"https:\/\/zank.de\/#\/schema\/logo\/image\/"}}]}},"_links":{"self":[{"href":"https:\/\/zank.de\/fr\/wp-json\/wp\/v2\/pages\/4633","targetHints":{"allow":["GET"]}}],"collection":[{"href":"https:\/\/zank.de\/fr\/wp-json\/wp\/v2\/pages"}],"about":[{"href":"https:\/\/zank.de\/fr\/wp-json\/wp\/v2\/types\/page"}],"author":[{"embeddable":true,"href":"https:\/\/zank.de\/fr\/wp-json\/wp\/v2\/users\/1"}],"replies":[{"embeddable":true,"href":"https:\/\/zank.de\/fr\/wp-json\/wp\/v2\/comments?post=4633"}],"version-history":[{"count":4,"href":"https:\/\/zank.de\/fr\/wp-json\/wp\/v2\/pages\/4633\/revisions"}],"predecessor-version":[{"id":4710,"href":"https:\/\/zank.de\/fr\/wp-json\/wp\/v2\/pages\/4633\/revisions\/4710"}],"up":[{"embeddable":true,"href":"https:\/\/zank.de\/fr\/wp-json\/wp\/v2\/pages\/4627"}],"wp:attachment":[{"href":"https:\/\/zank.de\/fr\/wp-json\/wp\/v2\/media?parent=4633"}],"curies":[{"name":"wp","href":"https:\/\/api.w.org\/{rel}","templated":true}]}}