{"id":4627,"date":"2021-10-04T10:08:02","date_gmt":"2021-10-04T10:08:02","guid":{"rendered":"https:\/\/zank.de\/ueber-uns\/"},"modified":"2023-11-29T09:52:04","modified_gmt":"2023-11-29T08:52:04","slug":"a-propos-de-zank","status":"publish","type":"page","link":"https:\/\/zank.de\/fr\/a-propos-de-zank\/","title":{"rendered":"\u00c0 propos de ZAnK"},"content":{"rendered":"\n<div class=\"wp-block-group alignfull intro-background intro-bubble-left is-layout-constrained wp-container-core-group-is-layout-ba54016c wp-block-group-is-layout-constrained\" style=\"padding-top:11px;padding-bottom:3rem\"><div class=\"breadcrumb page-breadcrumb\"><span><a href=\"https:\/\/zank.de\/fr\/\"><span class=\"visually-hidden\">Go to homepage<\/span><svg class=\"icon icon-home\"><use href=\"#home\" \/><\/svg><\/a><\/span><\/div><h1 class=\"entry-title mt-0\">\u00c0 propos de ZAnK<\/h1>\n\n\n<div class=\"wp-block-columns is-layout-flex wp-container-core-columns-is-layout-9d6595d7 wp-block-columns-is-layout-flex\">\n<div class=\"wp-block-column is-layout-flow wp-block-column-is-layout-flow\" style=\"flex-basis:66.66%\">\n<p class=\"has-h-3-font-size\"><em>Ce que le point de contact central pour les conflits familiaux internationaux et la m\u00e9diation ZAnK peut vous offrir dans le d\u00e9tail.<\/em><\/p>\n\n\n\n<div class=\"wp-block-theme-spacer\" style=\"height:1.2rem\"><\/div>\n\n\n\n<p class=\"has-lead-font-size\">Qu\u2019il s\u2019agisse de conflits transfrontaliers concernant l\u2019autorit\u00e9 parentale, le droit de garde de l\u2019enfant et le droit de maintien de relations personnelles, de visite et d\u2019h\u00e9bergement, ou d\u2019un enl\u00e8vement d\u2019enfant hors d\u2019Allemagne ou vers l\u2019Allemagne, nous sommes \u00e0 votre \u00e9coute et vous apportons notre soutien. Mandat\u00e9s par le gouvernement f\u00e9d\u00e9ral allemand, notre offre s\u2019adresse aux parents \u00e0 la recherche de conseils, aux enfants concern\u00e9s et \u00e0 leur entourage. De m\u00eame, nous nous adressons \u00e0 des juristes et des professionnels du secteur social, en particulier aux services et organismes de protection et d\u2019aide \u00e0 l\u2019enfance et \u00e0 la jeunesse.<\/p>\n<\/div>\n\n\n\n<div class=\"wp-block-column is-layout-flow wp-block-column-is-layout-flow\" style=\"flex-basis:31.33%\"><\/div>\n<\/div>\n\n\n\n<div class=\"wp-block-theme-spacer\" style=\"height:4.4rem\"><\/div>\n\n\n\n<div class=\"wp-block-media-text alignwide has-media-on-the-right is-stacked-on-mobile is-vertically-aligned-top is-image-fill is-style-with-shadow\" style=\"grid-template-columns:auto 31.5%\"><div class=\"wp-block-media-text__content\">\n<h2 class=\"wp-block-heading has-h-3-font-size\">Qui sommes-nous ?<\/h2>\n\n\n\n<p><strong>Dans les familles, les crises peuvent prendre des formes diverses et nombreuses. Dans les conflits familiaux \u00e0 composante internationale, il n\u2019y a pas de r\u00e9ponses simples.<\/strong> Les parents se sentent souvent seuls avec leurs probl\u00e8mes, les professionnels ont eux aussi des questions. C&#8217;est pourquoi, depuis dix ans, nous informons de mani\u00e8re interdisciplinaire sur les moyens de g\u00e9rer ces conflits. Faites connaissance avec notre \u00e9quipe.<\/p>\n\n\n\n<div class=\"wp-block-buttons is-layout-flex wp-block-buttons-is-layout-flex\">\n<div class=\"wp-block-button\"><a class=\"wp-block-button__link wp-element-button\" href=\"https:\/\/zank.de\/fr\/a-propos-de-zank\/qui-sommes-nous\/\">En savoir plus sur notre \u00e9quipe<\/a><\/div>\n<\/div>\n<\/div><figure class=\"wp-block-media-text__media\" style=\"background-image:url(https:\/\/zank.de\/wp-content\/uploads\/2021\/12\/Pfeil.svg);background-position:50% 50%\"><img loading=\"lazy\" decoding=\"async\" width=\"268\" height=\"268\" src=\"https:\/\/zank.de\/wp-content\/uploads\/2021\/12\/Pfeil.svg\" alt=\"\" class=\"wp-image-1368 size-full\"\/><\/figure><\/div>\n\n\n\n<div class=\"wp-block-theme-spacer\" style=\"height:2.6rem\"><\/div>\n\n\n\n<div class=\"wp-block-media-text alignwide has-media-on-the-right is-stacked-on-mobile is-vertically-aligned-top is-image-fill is-style-with-shadow has-primary-light-background-color has-background\" style=\"grid-template-columns:auto 31.5%\"><div class=\"wp-block-media-text__content\">\n<h2 class=\"wp-block-heading has-h-3-font-size\">Notre offre<\/h2>\n\n\n\n<p><strong>Nous conseillons les parents en ligne et au t\u00e9l\u00e9phone, leur permettons de s\u2019orienter et les aidons dans les \u00e9tapes suivantes de leur d\u00e9marche.<\/strong> D\u00e9couvrez ici ce qui fait l\u2019essence de notre service, ainsi que nos principes de travail et la mission de ZAnK en tant que point de contact central pour les conflits familiaux internationaux et la m\u00e9diation.<\/p>\n\n\n\n<div class=\"wp-block-buttons is-layout-flex wp-block-buttons-is-layout-flex\">\n<div class=\"wp-block-button\"><a class=\"wp-block-button__link wp-element-button\" href=\"https:\/\/zank.de\/fr\/a-propos-de-zank\/notre-offre\/\">En savoir plus sur l\u2019offre de ZAnK<\/a><\/div>\n<\/div>\n<\/div><figure class=\"wp-block-media-text__media\" style=\"background-image:url(https:\/\/zank.de\/wp-content\/uploads\/2021\/12\/Pfeil_umgekehrt.svg);background-position:50% 50%\"><img loading=\"lazy\" decoding=\"async\" width=\"268\" height=\"268\" src=\"https:\/\/zank.de\/wp-content\/uploads\/2021\/12\/Pfeil_umgekehrt.svg\" alt=\"\" class=\"wp-image-1861 size-full\"\/><\/figure><\/div>\n\n\n\n<div class=\"wp-block-theme-spacer\" style=\"height:2.6rem\"><\/div>\n\n\n\n<div class=\"wp-block-media-text alignwide has-media-on-the-right is-stacked-on-mobile is-vertically-aligned-top is-image-fill is-style-with-shadow\" style=\"grid-template-columns:auto 31.5%\"><div class=\"wp-block-media-text__content\">\n<h2 class=\"wp-block-heading has-h-3-font-size\">Contact<\/h2>\n\n\n\n<p><strong>Vous pouvez nous joindre sur des canaux diff\u00e9rents : profitez de notre service de conseil t\u00e9l\u00e9phonique, ou envoyez-nous un courriel par l\u2019interm\u00e9diaire du formulaire de contact.<\/strong> Nos conseillers sont \u00e0 votre \u00e9coute et vous aident \u00e0 trouver des d\u00e9marches et des solutions individuelles pour les conflits familiaux \u00e0 composante internationale impliquant des enfants.<\/p>\n\n\n\n<div class=\"wp-block-buttons is-layout-flex wp-block-buttons-is-layout-flex\">\n<div class=\"wp-block-button\"><a class=\"wp-block-button__link wp-element-button\" href=\"https:\/\/zank.de\/fr\/contact-comment-nous-consulter\/\">Notre service de conseil<\/a><\/div>\n<\/div>\n<\/div><figure class=\"wp-block-media-text__media\" style=\"background-image:url(https:\/\/zank.de\/wp-content\/uploads\/2021\/12\/Pfeil.svg);background-position:50% 50%\"><img loading=\"lazy\" decoding=\"async\" width=\"268\" height=\"268\" src=\"https:\/\/zank.de\/wp-content\/uploads\/2021\/12\/Pfeil.svg\" alt=\"\" class=\"wp-image-1368 size-full\"\/><\/figure><\/div>\n\n\n\n<div class=\"wp-block-theme-spacer\" style=\"height:2.6rem\"><\/div>\n<\/div>\n","protected":false},"excerpt":{"rendered":"<p>Ce que le point de contact central pour les conflits familiaux internationaux et la m\u00e9diation ZAnK peut vous offrir dans le d\u00e9tail. Qu\u2019il s\u2019agisse de conflits transfrontaliers concernant l\u2019autorit\u00e9 parentale, le droit de garde de l\u2019enfant et le droit de maintien de relations personnelles, de visite et d\u2019h\u00e9bergement, ou d\u2019un enl\u00e8vement d\u2019enfant hors d\u2019Allemagne ou [&hellip;]<\/p>\n","protected":false},"author":1,"featured_media":0,"parent":0,"menu_order":0,"comment_status":"closed","ping_status":"closed","template":"","meta":{"_acf_changed":false,"footnotes":""},"class_list":["post-4627","page","type-page","status-publish","hentry"],"acf":[],"yoast_head":"<!-- This site is optimized with the Yoast SEO plugin v27.5 - https:\/\/yoast.com\/product\/yoast-seo-wordpress\/ -->\n<title>\u00c0 propos de ZAnK &#8226; ZAnK<\/title>\n<meta name=\"robots\" content=\"index, follow, max-snippet:-1, max-image-preview:large, max-video-preview:-1\" \/>\n<link rel=\"canonical\" href=\"https:\/\/zank.de\/fr\/a-propos-de-zank\/\" \/>\n<meta property=\"og:locale\" content=\"fr_FR\" \/>\n<meta property=\"og:type\" content=\"article\" \/>\n<meta property=\"og:title\" content=\"\u00c0 propos de ZAnK &#8226; ZAnK\" \/>\n<meta property=\"og:description\" content=\"Ce que le point de contact central pour les conflits familiaux internationaux et la m\u00e9diation ZAnK peut vous offrir dans le d\u00e9tail. Qu\u2019il s\u2019agisse de conflits transfrontaliers concernant l\u2019autorit\u00e9 parentale, le droit de garde de l\u2019enfant et le droit de maintien de relations personnelles, de visite et d\u2019h\u00e9bergement, ou d\u2019un enl\u00e8vement d\u2019enfant hors d\u2019Allemagne ou [&hellip;]\" \/>\n<meta property=\"og:url\" content=\"https:\/\/zank.de\/fr\/a-propos-de-zank\/\" \/>\n<meta property=\"og:site_name\" content=\"ZAnK\" \/>\n<meta property=\"article:modified_time\" content=\"2023-11-29T08:52:04+00:00\" \/>\n<meta property=\"og:image\" content=\"https:\/\/zank.de\/wp-content\/uploads\/2021\/12\/Pfeil.svg\" \/>\n<meta name=\"twitter:card\" content=\"summary_large_image\" \/>\n<meta name=\"twitter:label1\" content=\"Est. reading time\" \/>\n\t<meta name=\"twitter:data1\" content=\"3 minutes\" \/>\n<script type=\"application\/ld+json\" class=\"yoast-schema-graph\">{\"@context\":\"https:\\\/\\\/schema.org\",\"@graph\":[{\"@type\":\"WebPage\",\"@id\":\"https:\\\/\\\/zank.de\\\/fr\\\/a-propos-de-zank\\\/\",\"url\":\"https:\\\/\\\/zank.de\\\/fr\\\/a-propos-de-zank\\\/\",\"name\":\"\u00c0 propos de ZAnK &#8226; ZAnK\",\"isPartOf\":{\"@id\":\"https:\\\/\\\/zank.de\\\/#website\"},\"primaryImageOfPage\":{\"@id\":\"https:\\\/\\\/zank.de\\\/fr\\\/a-propos-de-zank\\\/#primaryimage\"},\"image\":{\"@id\":\"https:\\\/\\\/zank.de\\\/fr\\\/a-propos-de-zank\\\/#primaryimage\"},\"thumbnailUrl\":\"https:\\\/\\\/zank.de\\\/wp-content\\\/uploads\\\/2021\\\/12\\\/Pfeil.svg\",\"datePublished\":\"2021-10-04T10:08:02+00:00\",\"dateModified\":\"2023-11-29T08:52:04+00:00\",\"breadcrumb\":{\"@id\":\"https:\\\/\\\/zank.de\\\/fr\\\/a-propos-de-zank\\\/#breadcrumb\"},\"inLanguage\":\"fr-FR\",\"potentialAction\":[{\"@type\":\"ReadAction\",\"target\":[\"https:\\\/\\\/zank.de\\\/fr\\\/a-propos-de-zank\\\/\"]}]},{\"@type\":\"ImageObject\",\"inLanguage\":\"fr-FR\",\"@id\":\"https:\\\/\\\/zank.de\\\/fr\\\/a-propos-de-zank\\\/#primaryimage\",\"url\":\"https:\\\/\\\/zank.de\\\/wp-content\\\/uploads\\\/2021\\\/12\\\/Pfeil.svg\",\"contentUrl\":\"https:\\\/\\\/zank.de\\\/wp-content\\\/uploads\\\/2021\\\/12\\\/Pfeil.svg\"},{\"@type\":\"BreadcrumbList\",\"@id\":\"https:\\\/\\\/zank.de\\\/fr\\\/a-propos-de-zank\\\/#breadcrumb\",\"itemListElement\":[{\"@type\":\"ListItem\",\"position\":1,\"name\":\"Startseite\",\"item\":\"https:\\\/\\\/zank.de\\\/fr\\\/\"},{\"@type\":\"ListItem\",\"position\":2,\"name\":\"\u00c0 propos de ZAnK\"}]},{\"@type\":\"WebSite\",\"@id\":\"https:\\\/\\\/zank.de\\\/#website\",\"url\":\"https:\\\/\\\/zank.de\\\/\",\"name\":\"ZAnK\",\"description\":\"Zentrale Anlaufstelle f\u00fcr grenz\u00fcberschreitende Kindschaftskonflikte und Mediation\",\"publisher\":{\"@id\":\"https:\\\/\\\/zank.de\\\/#organization\"},\"potentialAction\":[{\"@type\":\"SearchAction\",\"target\":{\"@type\":\"EntryPoint\",\"urlTemplate\":\"https:\\\/\\\/zank.de\\\/?s={search_term_string}\"},\"query-input\":{\"@type\":\"PropertyValueSpecification\",\"valueRequired\":true,\"valueName\":\"search_term_string\"}}],\"inLanguage\":\"fr-FR\"},{\"@type\":\"Organization\",\"@id\":\"https:\\\/\\\/zank.de\\\/#organization\",\"name\":\"ZAnK\",\"url\":\"https:\\\/\\\/zank.de\\\/\",\"logo\":{\"@type\":\"ImageObject\",\"inLanguage\":\"fr-FR\",\"@id\":\"https:\\\/\\\/zank.de\\\/#\\\/schema\\\/logo\\\/image\\\/\",\"url\":\"https:\\\/\\\/zank.de\\\/wp-content\\\/uploads\\\/2021\\\/10\\\/ZANK_Logo.svg\",\"contentUrl\":\"https:\\\/\\\/zank.de\\\/wp-content\\\/uploads\\\/2021\\\/10\\\/ZANK_Logo.svg\",\"width\":567,\"height\":172,\"caption\":\"ZAnK\"},\"image\":{\"@id\":\"https:\\\/\\\/zank.de\\\/#\\\/schema\\\/logo\\\/image\\\/\"}}]}<\/script>\n<!-- \/ Yoast SEO plugin. -->","yoast_head_json":{"title":"\u00c0 propos de ZAnK &#8226; ZAnK","robots":{"index":"index","follow":"follow","max-snippet":"max-snippet:-1","max-image-preview":"max-image-preview:large","max-video-preview":"max-video-preview:-1"},"canonical":"https:\/\/zank.de\/fr\/a-propos-de-zank\/","og_locale":"fr_FR","og_type":"article","og_title":"\u00c0 propos de ZAnK &#8226; ZAnK","og_description":"Ce que le point de contact central pour les conflits familiaux internationaux et la m\u00e9diation ZAnK peut vous offrir dans le d\u00e9tail. Qu\u2019il s\u2019agisse de conflits transfrontaliers concernant l\u2019autorit\u00e9 parentale, le droit de garde de l\u2019enfant et le droit de maintien de relations personnelles, de visite et d\u2019h\u00e9bergement, ou d\u2019un enl\u00e8vement d\u2019enfant hors d\u2019Allemagne ou [&hellip;]","og_url":"https:\/\/zank.de\/fr\/a-propos-de-zank\/","og_site_name":"ZAnK","article_modified_time":"2023-11-29T08:52:04+00:00","og_image":[{"url":"https:\/\/zank.de\/wp-content\/uploads\/2021\/12\/Pfeil.svg","type":"","width":"","height":""}],"twitter_card":"summary_large_image","twitter_misc":{"Est. reading time":"3 minutes"},"schema":{"@context":"https:\/\/schema.org","@graph":[{"@type":"WebPage","@id":"https:\/\/zank.de\/fr\/a-propos-de-zank\/","url":"https:\/\/zank.de\/fr\/a-propos-de-zank\/","name":"\u00c0 propos de ZAnK &#8226; ZAnK","isPartOf":{"@id":"https:\/\/zank.de\/#website"},"primaryImageOfPage":{"@id":"https:\/\/zank.de\/fr\/a-propos-de-zank\/#primaryimage"},"image":{"@id":"https:\/\/zank.de\/fr\/a-propos-de-zank\/#primaryimage"},"thumbnailUrl":"https:\/\/zank.de\/wp-content\/uploads\/2021\/12\/Pfeil.svg","datePublished":"2021-10-04T10:08:02+00:00","dateModified":"2023-11-29T08:52:04+00:00","breadcrumb":{"@id":"https:\/\/zank.de\/fr\/a-propos-de-zank\/#breadcrumb"},"inLanguage":"fr-FR","potentialAction":[{"@type":"ReadAction","target":["https:\/\/zank.de\/fr\/a-propos-de-zank\/"]}]},{"@type":"ImageObject","inLanguage":"fr-FR","@id":"https:\/\/zank.de\/fr\/a-propos-de-zank\/#primaryimage","url":"https:\/\/zank.de\/wp-content\/uploads\/2021\/12\/Pfeil.svg","contentUrl":"https:\/\/zank.de\/wp-content\/uploads\/2021\/12\/Pfeil.svg"},{"@type":"BreadcrumbList","@id":"https:\/\/zank.de\/fr\/a-propos-de-zank\/#breadcrumb","itemListElement":[{"@type":"ListItem","position":1,"name":"Startseite","item":"https:\/\/zank.de\/fr\/"},{"@type":"ListItem","position":2,"name":"\u00c0 propos de ZAnK"}]},{"@type":"WebSite","@id":"https:\/\/zank.de\/#website","url":"https:\/\/zank.de\/","name":"ZAnK","description":"Zentrale Anlaufstelle f\u00fcr grenz\u00fcberschreitende Kindschaftskonflikte und Mediation","publisher":{"@id":"https:\/\/zank.de\/#organization"},"potentialAction":[{"@type":"SearchAction","target":{"@type":"EntryPoint","urlTemplate":"https:\/\/zank.de\/?s={search_term_string}"},"query-input":{"@type":"PropertyValueSpecification","valueRequired":true,"valueName":"search_term_string"}}],"inLanguage":"fr-FR"},{"@type":"Organization","@id":"https:\/\/zank.de\/#organization","name":"ZAnK","url":"https:\/\/zank.de\/","logo":{"@type":"ImageObject","inLanguage":"fr-FR","@id":"https:\/\/zank.de\/#\/schema\/logo\/image\/","url":"https:\/\/zank.de\/wp-content\/uploads\/2021\/10\/ZANK_Logo.svg","contentUrl":"https:\/\/zank.de\/wp-content\/uploads\/2021\/10\/ZANK_Logo.svg","width":567,"height":172,"caption":"ZAnK"},"image":{"@id":"https:\/\/zank.de\/#\/schema\/logo\/image\/"}}]}},"_links":{"self":[{"href":"https:\/\/zank.de\/fr\/wp-json\/wp\/v2\/pages\/4627","targetHints":{"allow":["GET"]}}],"collection":[{"href":"https:\/\/zank.de\/fr\/wp-json\/wp\/v2\/pages"}],"about":[{"href":"https:\/\/zank.de\/fr\/wp-json\/wp\/v2\/types\/page"}],"author":[{"embeddable":true,"href":"https:\/\/zank.de\/fr\/wp-json\/wp\/v2\/users\/1"}],"replies":[{"embeddable":true,"href":"https:\/\/zank.de\/fr\/wp-json\/wp\/v2\/comments?post=4627"}],"version-history":[{"count":6,"href":"https:\/\/zank.de\/fr\/wp-json\/wp\/v2\/pages\/4627\/revisions"}],"predecessor-version":[{"id":5412,"href":"https:\/\/zank.de\/fr\/wp-json\/wp\/v2\/pages\/4627\/revisions\/5412"}],"wp:attachment":[{"href":"https:\/\/zank.de\/fr\/wp-json\/wp\/v2\/media?parent=4627"}],"curies":[{"name":"wp","href":"https:\/\/api.w.org\/{rel}","templated":true}]}}