{"id":4622,"date":"2021-11-02T13:55:45","date_gmt":"2021-11-02T12:55:45","guid":{"rendered":"https:\/\/zank.de\/erste-schritte-im-akutfall\/"},"modified":"2022-01-28T17:05:01","modified_gmt":"2022-01-28T16:05:01","slug":"que-faire-en-cas-durgence-denlevement-parental-en-cours","status":"publish","type":"page","link":"https:\/\/zank.de\/fr\/que-faire-en-cas-durgence-denlevement-parental-en-cours\/","title":{"rendered":"Que faire en cas d\u2019urgence d\u2019enl\u00e8vement parental en cours ?"},"content":{"rendered":"\n<div class=\"wp-block-group alignfull intro-background is-style-default is-layout-constrained wp-block-group-is-layout-constrained\"><div class=\"breadcrumb page-breadcrumb\"><span><a href=\"https:\/\/zank.de\/fr\/\"><span class=\"visually-hidden\">Go to homepage<\/span><svg class=\"icon icon-home\"><use href=\"#home\" \/><\/svg><\/a><\/span><\/div><h1 class=\"entry-title mt-0\">Que faire en cas d\u2019urgence d\u2019enl\u00e8vement parental en cours ?<\/h1>\n\n\n<p class=\"has-lead-font-size\">Vous craignez qu\u2019un enl\u00e8vement parental soit actuellement en cours ou imminent ? Vous trouverez ici une vue d\u2019ensemble des premi\u00e8res possibilit\u00e9s d\u2019agir dans des situations d\u2019urgence de ce type.<\/p>\n\n\n\n<ul class=\"is-style-anchor wp-block-list\"><li><a href=\"#passe\">Que s\u2019est-il pass\u00e9 ?<\/a><\/li><li><a href=\"#possibles\">Prochaines d\u00e9marches possibles<\/a><\/li><\/ul>\n<\/div>\n\n\n\n<h2 class=\"is-style-heading-h2 wp-block-heading\" id=\"passe\"><strong>Que s\u2019est-il pass\u00e9 ?<\/strong><\/h2>\n\n\n\n<p>Un enfant<\/p>\n\n\n\n<ul class=\"wp-block-list\"><li>a d\u00e9m\u00e9nag\u00e9 avec l\u2019un des parents<strong> \u00e0 destination d\u2019un pays \u00e9tranger<\/strong> ?<\/li><li>ou <strong>n\u2019est pas rentr\u00e9 \u00e0 la maison<\/strong> apr\u00e8s une excursion, des vacances ou une visite de week-end chez l\u2019autre parent ?<\/li><\/ul>\n\n\n\n<p>Il est maintenant dans un autre pays et l\u2019<strong>autorit\u00e9 parentale <\/strong>est exerc\u00e9e<\/p>\n\n\n\n<ul class=\"wp-block-list\"><li>conjointement par les deux parents<\/li><li>ou uniquement par le parent victime du d\u00e9placement de l\u2019enfant ?<\/li><\/ul>\n\n\n\n<p>En m\u00eame temps, il n\u2019existe ni de <strong>consentement de l\u2019autre parent<\/strong>, ni une <strong>d\u00e9cision judiciaire <\/strong>correspondante ?<\/p>\n\n\n\n<h2 class=\"is-style-heading-h2 wp-block-heading\" id=\"possibles\"><strong><strong>Prochaines d\u00e9marches possibles<\/strong><\/strong><\/h2>\n\n\n\n<div class=\"wp-block-theme-accordion accordion-item\"><h3 class=\"accordion-header\" id=\"heading-20e7d73f-2371-41a8-9c9a-0c08d1d6d35c\"><button class=\"accordion-button collapsed\" type=\"button\" aria-expanded=\"false\" aria-controls=\"collapse-20e7d73f-2371-41a8-9c9a-0c08d1d6d35c\"><span class=\"accordion-button-text\">Informez la police au num\u00e9ro d\u2019appel d\u2019urgence 110<\/span><\/button><\/h3><div id=\"collapse-20e7d73f-2371-41a8-9c9a-0c08d1d6d35c\" class=\"accordion-collapse collapse\" aria-labelledby=\"heading-20e7d73f-2371-41a8-9c9a-0c08d1d6d35c\"><div class=\"accordion-body\">\n<p>Il est possible de <strong>porter plainte<\/strong> aupr\u00e8s de la police par t\u00e9l\u00e9phone au <strong>110<\/strong> ou \u00e0 n\u2019importe quel poste de police, afin que la police puisse engager des mesures de recherche.<\/p>\n\n\n\n<p>Les <strong>informations suivantes <\/strong>peuvent alors s\u2019av\u00e9rer utiles :<\/p>\n\n\n\n<ul class=\"wp-block-list\"><li>nom, date de naissance et nationalit\u00e9 de l\u2019enfant disparu et de l\u2019autre parent<\/li><li>signalement de l\u2019enfant (couleur des cheveux et des yeux, taille) et signes particuliers, ainsi que, le cas \u00e9ch\u00e9ant, une photo r\u00e9centeoto<\/li><li>informations relatives aux v\u00eatements de l\u2019enfant<\/li><li>particularit\u00e9s telles que par exemple boucles d\u2019oreille, appareil dentaire ou lunettes<\/li><li>signalement correspondant de l\u2019autre parent.<\/li><\/ul>\n<\/div><\/div><\/div>\n\n\n\n<div class=\"wp-block-theme-accordion accordion-item\"><h3 class=\"accordion-header\" id=\"heading-e2b92457-b1fa-48e6-b525-965746761f31\"><button class=\"accordion-button collapsed\" type=\"button\" aria-expanded=\"false\" aria-controls=\"collapse-e2b92457-b1fa-48e6-b525-965746761f31\"><span class=\"accordion-button-text\">Adressez-vous \u00e0 l\u2019organisation \u00ab Vermisste Kinder \u00bb (enfants disparus) au num\u00e9ro 116 000<\/span><\/button><\/h3><div id=\"collapse-e2b92457-b1fa-48e6-b525-965746761f31\" class=\"accordion-collapse collapse\" aria-labelledby=\"heading-e2b92457-b1fa-48e6-b525-965746761f31\"><div class=\"accordion-body\">\n<p>Il est \u00e9galement possible de contacter l\u2019<strong>organisation \u00ab Vermisste Kinder \u00bb (enfants disparus)<\/strong>, qui peut \u00e9ventuellement lancer un avis de recherche de l\u2019enfant en attirant l\u2019attention du public. Le num\u00e9ro <strong>116 000<\/strong> est un <strong>num\u00e9ro de t\u00e9l\u00e9phone d\u2019urgence unique dans toute l\u2019Europe<\/strong> disponible pour cela 24h\/24.<\/p>\n\n\n\n<div class=\"wp-block-buttons is-layout-flex wp-block-buttons-is-layout-flex\">\n<div class=\"wp-block-button\"><a class=\"wp-block-button__link\" href=\"https:\/\/www.vermisste-kinder.de\/\">Site web de l\u2019organisation \u00ab Vermisste Kinder \u00bb (enfants disparus)<\/a><\/div>\n<\/div>\n<\/div><\/div><\/div>\n\n\n\n<div class=\"wp-block-theme-accordion accordion-item\"><h3 class=\"accordion-header\" id=\"heading-3dd29240-946d-4a26-be1b-b939aeadfda9\"><button class=\"accordion-button collapsed\" type=\"button\" aria-expanded=\"false\" aria-controls=\"collapse-3dd29240-946d-4a26-be1b-b939aeadfda9\"><span class=\"accordion-button-text\">D\u00e9posez aupr\u00e8s du Juge aux affaires familiales (Jaf) (Familiengericht en Allemagne) une demande de publication d\u2019un avis de recherche aux fronti\u00e8res<\/span><\/button><\/h3><div id=\"collapse-3dd29240-946d-4a26-be1b-b939aeadfda9\" class=\"accordion-collapse collapse\" aria-labelledby=\"heading-3dd29240-946d-4a26-be1b-b939aeadfda9\"><div class=\"accordion-body\">\n<p>De plus, dans certaines conditions, il est possible de d\u00e9poser une demande de publication d\u2019un avis de recherche aux fronti\u00e8res sur le <strong>territoire des pays Membres de l&#8217;espace Schengen<\/strong> (Allemagne, Autriche, Belgique, Danemark, Espagne, Estonie, Finlande, France, Gr\u00e8ce, Hongrie, Islande, Italie, Lettonie, Lituanie, Luxembourg, Malte, Norv\u00e8ge, Pays-Bas, Pologne, Portugal, Slovaquie, Slov\u00e9nie, R\u00e9publique tch\u00e8que, Su\u00e8de, Suisse).<\/p>\n\n\n\n<p>L\u2019autorit\u00e9 comp\u00e9tente pouvant prononcer une opposition de sortie du territoire (OST<strong>) <\/strong>est en Allemagne le <strong>Amtsgericht (tribunal d\u2019instance) du lieu de r\u00e9sidence de l\u2019enfant<\/strong>.<\/p>\n\n\n\n<p>Le <strong>Bundespolizeipr\u00e4sidium<\/strong> (commissariat de la police f\u00e9d\u00e9rale) de Potsdam peut ensuite faire inscrire le parent auteur de l\u2019enl\u00e8vement et l\u2019enfant au fichier des personnes recherch\u00e9es du syst\u00e8me d&#8217;information Schengen (SIS), ce qui permet de d\u00e9clencher des mesures de recherche.<\/p>\n<\/div><\/div><\/div>\n\n\n\n<div class=\"wp-block-group alignfull has-primary-light-background-color has-background is-layout-constrained wp-container-core-group-is-layout-22714b9e wp-block-group-is-layout-constrained\" style=\"padding-top:70px;padding-bottom:70px\">\n<div class=\"wp-block-columns is-style-default is-layout-flex wp-container-core-columns-is-layout-9d6595d7 wp-block-columns-is-layout-flex\">\n<div class=\"wp-block-column is-layout-flow wp-block-column-is-layout-flow\">\n<div class=\"wp-block-group is-style-card is-layout-flow wp-block-group-is-layout-flow\" style=\"padding-top:26px\">\n<h3 class=\"wp-block-heading\" style=\"margin-bottom:15px\">Contact<\/h3>\n\n\n\n<div class=\"wp-block-buttons is-layout-flex wp-block-buttons-is-layout-flex\">\n<div class=\"wp-block-button\"><a class=\"wp-block-button__link\" href=\"https:\/\/zank.de\/fr\/contact-comment-nous-consulter\/\">Service conseil<\/a><\/div>\n<\/div>\n<\/div>\n<\/div>\n\n\n\n<div class=\"wp-block-column is-layout-flow wp-block-column-is-layout-flow\">\n<div class=\"wp-block-group is-style-card is-layout-flow wp-block-group-is-layout-flow\" style=\"padding-top:26px\">\n<h3 class=\"wp-block-heading\" style=\"margin-bottom:15px\">Pourquoi ZAnK<\/h3>\n\n\n\n<div class=\"wp-block-buttons is-layout-flex wp-block-buttons-is-layout-flex\">\n<div class=\"wp-block-button\"><a class=\"wp-block-button__link\" href=\"https:\/\/zank.de\/fr\/a-propos-de-zank\/notre-offre\/\">Notre offre<\/a><\/div>\n<\/div>\n<\/div>\n<\/div>\n\n\n\n<div class=\"wp-block-column is-layout-flow wp-block-column-is-layout-flow\">\n<div class=\"wp-block-group is-style-card is-layout-flow wp-block-group-is-layout-flow\" style=\"padding-top:26px\">\n<h3 class=\"wp-block-heading\" style=\"margin-bottom:15px\">Trouver un interlocuteur<\/h3>\n\n\n\n<div class=\"wp-block-buttons is-layout-flex wp-block-buttons-is-layout-flex\">\n<div class=\"wp-block-button\"><a class=\"wp-block-button__link\" href=\"https:\/\/zank.de\/en\/materials-addresses\/contacts\/\">R\u00e9pertoire d\u2019adresses<\/a><\/div>\n<\/div>\n<\/div>\n<\/div>\n<\/div>\n<\/div>\n","protected":false},"excerpt":{"rendered":"<p>Vous craignez qu\u2019un enl\u00e8vement parental soit actuellement en cours ou imminent ? Vous trouverez ici une vue d\u2019ensemble des premi\u00e8res possibilit\u00e9s d\u2019agir dans des situations d\u2019urgence de ce type. Que s\u2019est-il pass\u00e9 ? Prochaines d\u00e9marches possibles Que s\u2019est-il pass\u00e9 ? Un enfant a d\u00e9m\u00e9nag\u00e9 avec l\u2019un des parents \u00e0 destination d\u2019un pays \u00e9tranger ? ou [&hellip;]<\/p>\n","protected":false},"author":3,"featured_media":0,"parent":0,"menu_order":5,"comment_status":"closed","ping_status":"closed","template":"","meta":{"_acf_changed":false,"footnotes":""},"class_list":["post-4622","page","type-page","status-publish","hentry"],"acf":[],"yoast_head":"<!-- This site is optimized with the Yoast SEO plugin v27.5 - https:\/\/yoast.com\/product\/yoast-seo-wordpress\/ -->\n<title>Que faire en cas d\u2019urgence d\u2019enl\u00e8vement parental en cours ? &#8226; ZAnK<\/title>\n<meta name=\"robots\" content=\"index, follow, max-snippet:-1, max-image-preview:large, max-video-preview:-1\" \/>\n<link rel=\"canonical\" href=\"https:\/\/zank.de\/fr\/que-faire-en-cas-durgence-denlevement-parental-en-cours\/\" \/>\n<meta property=\"og:locale\" content=\"fr_FR\" \/>\n<meta property=\"og:type\" content=\"article\" \/>\n<meta property=\"og:title\" content=\"Que faire en cas d\u2019urgence d\u2019enl\u00e8vement parental en cours ? &#8226; ZAnK\" \/>\n<meta property=\"og:description\" content=\"Vous craignez qu\u2019un enl\u00e8vement parental soit actuellement en cours ou imminent ? Vous trouverez ici une vue d\u2019ensemble des premi\u00e8res possibilit\u00e9s d\u2019agir dans des situations d\u2019urgence de ce type. Que s\u2019est-il pass\u00e9 ? Prochaines d\u00e9marches possibles Que s\u2019est-il pass\u00e9 ? Un enfant a d\u00e9m\u00e9nag\u00e9 avec l\u2019un des parents \u00e0 destination d\u2019un pays \u00e9tranger ? ou [&hellip;]\" \/>\n<meta property=\"og:url\" content=\"https:\/\/zank.de\/fr\/que-faire-en-cas-durgence-denlevement-parental-en-cours\/\" \/>\n<meta property=\"og:site_name\" content=\"ZAnK\" \/>\n<meta property=\"article:modified_time\" content=\"2022-01-28T16:05:01+00:00\" \/>\n<meta name=\"twitter:card\" content=\"summary_large_image\" \/>\n<meta name=\"twitter:label1\" content=\"Est. reading time\" \/>\n\t<meta name=\"twitter:data1\" content=\"3 minutes\" \/>\n<script type=\"application\/ld+json\" class=\"yoast-schema-graph\">{\"@context\":\"https:\\\/\\\/schema.org\",\"@graph\":[{\"@type\":\"WebPage\",\"@id\":\"https:\\\/\\\/zank.de\\\/fr\\\/que-faire-en-cas-durgence-denlevement-parental-en-cours\\\/\",\"url\":\"https:\\\/\\\/zank.de\\\/fr\\\/que-faire-en-cas-durgence-denlevement-parental-en-cours\\\/\",\"name\":\"Que faire en cas d\u2019urgence d\u2019enl\u00e8vement parental en cours ? &#8226; ZAnK\",\"isPartOf\":{\"@id\":\"https:\\\/\\\/zank.de\\\/#website\"},\"datePublished\":\"2021-11-02T12:55:45+00:00\",\"dateModified\":\"2022-01-28T16:05:01+00:00\",\"breadcrumb\":{\"@id\":\"https:\\\/\\\/zank.de\\\/fr\\\/que-faire-en-cas-durgence-denlevement-parental-en-cours\\\/#breadcrumb\"},\"inLanguage\":\"fr-FR\",\"potentialAction\":[{\"@type\":\"ReadAction\",\"target\":[\"https:\\\/\\\/zank.de\\\/fr\\\/que-faire-en-cas-durgence-denlevement-parental-en-cours\\\/\"]}]},{\"@type\":\"BreadcrumbList\",\"@id\":\"https:\\\/\\\/zank.de\\\/fr\\\/que-faire-en-cas-durgence-denlevement-parental-en-cours\\\/#breadcrumb\",\"itemListElement\":[{\"@type\":\"ListItem\",\"position\":1,\"name\":\"Startseite\",\"item\":\"https:\\\/\\\/zank.de\\\/fr\\\/\"},{\"@type\":\"ListItem\",\"position\":2,\"name\":\"Que faire en cas d\u2019urgence d\u2019enl\u00e8vement parental en cours ?\"}]},{\"@type\":\"WebSite\",\"@id\":\"https:\\\/\\\/zank.de\\\/#website\",\"url\":\"https:\\\/\\\/zank.de\\\/\",\"name\":\"ZAnK\",\"description\":\"Zentrale Anlaufstelle f\u00fcr grenz\u00fcberschreitende Kindschaftskonflikte und Mediation\",\"publisher\":{\"@id\":\"https:\\\/\\\/zank.de\\\/#organization\"},\"potentialAction\":[{\"@type\":\"SearchAction\",\"target\":{\"@type\":\"EntryPoint\",\"urlTemplate\":\"https:\\\/\\\/zank.de\\\/?s={search_term_string}\"},\"query-input\":{\"@type\":\"PropertyValueSpecification\",\"valueRequired\":true,\"valueName\":\"search_term_string\"}}],\"inLanguage\":\"fr-FR\"},{\"@type\":\"Organization\",\"@id\":\"https:\\\/\\\/zank.de\\\/#organization\",\"name\":\"ZAnK\",\"url\":\"https:\\\/\\\/zank.de\\\/\",\"logo\":{\"@type\":\"ImageObject\",\"inLanguage\":\"fr-FR\",\"@id\":\"https:\\\/\\\/zank.de\\\/#\\\/schema\\\/logo\\\/image\\\/\",\"url\":\"https:\\\/\\\/zank.de\\\/wp-content\\\/uploads\\\/2021\\\/10\\\/ZANK_Logo.svg\",\"contentUrl\":\"https:\\\/\\\/zank.de\\\/wp-content\\\/uploads\\\/2021\\\/10\\\/ZANK_Logo.svg\",\"width\":567,\"height\":172,\"caption\":\"ZAnK\"},\"image\":{\"@id\":\"https:\\\/\\\/zank.de\\\/#\\\/schema\\\/logo\\\/image\\\/\"}}]}<\/script>\n<!-- \/ Yoast SEO plugin. -->","yoast_head_json":{"title":"Que faire en cas d\u2019urgence d\u2019enl\u00e8vement parental en cours ? &#8226; ZAnK","robots":{"index":"index","follow":"follow","max-snippet":"max-snippet:-1","max-image-preview":"max-image-preview:large","max-video-preview":"max-video-preview:-1"},"canonical":"https:\/\/zank.de\/fr\/que-faire-en-cas-durgence-denlevement-parental-en-cours\/","og_locale":"fr_FR","og_type":"article","og_title":"Que faire en cas d\u2019urgence d\u2019enl\u00e8vement parental en cours ? &#8226; ZAnK","og_description":"Vous craignez qu\u2019un enl\u00e8vement parental soit actuellement en cours ou imminent ? Vous trouverez ici une vue d\u2019ensemble des premi\u00e8res possibilit\u00e9s d\u2019agir dans des situations d\u2019urgence de ce type. Que s\u2019est-il pass\u00e9 ? Prochaines d\u00e9marches possibles Que s\u2019est-il pass\u00e9 ? Un enfant a d\u00e9m\u00e9nag\u00e9 avec l\u2019un des parents \u00e0 destination d\u2019un pays \u00e9tranger ? ou [&hellip;]","og_url":"https:\/\/zank.de\/fr\/que-faire-en-cas-durgence-denlevement-parental-en-cours\/","og_site_name":"ZAnK","article_modified_time":"2022-01-28T16:05:01+00:00","twitter_card":"summary_large_image","twitter_misc":{"Est. reading time":"3 minutes"},"schema":{"@context":"https:\/\/schema.org","@graph":[{"@type":"WebPage","@id":"https:\/\/zank.de\/fr\/que-faire-en-cas-durgence-denlevement-parental-en-cours\/","url":"https:\/\/zank.de\/fr\/que-faire-en-cas-durgence-denlevement-parental-en-cours\/","name":"Que faire en cas d\u2019urgence d\u2019enl\u00e8vement parental en cours ? &#8226; ZAnK","isPartOf":{"@id":"https:\/\/zank.de\/#website"},"datePublished":"2021-11-02T12:55:45+00:00","dateModified":"2022-01-28T16:05:01+00:00","breadcrumb":{"@id":"https:\/\/zank.de\/fr\/que-faire-en-cas-durgence-denlevement-parental-en-cours\/#breadcrumb"},"inLanguage":"fr-FR","potentialAction":[{"@type":"ReadAction","target":["https:\/\/zank.de\/fr\/que-faire-en-cas-durgence-denlevement-parental-en-cours\/"]}]},{"@type":"BreadcrumbList","@id":"https:\/\/zank.de\/fr\/que-faire-en-cas-durgence-denlevement-parental-en-cours\/#breadcrumb","itemListElement":[{"@type":"ListItem","position":1,"name":"Startseite","item":"https:\/\/zank.de\/fr\/"},{"@type":"ListItem","position":2,"name":"Que faire en cas d\u2019urgence d\u2019enl\u00e8vement parental en cours ?"}]},{"@type":"WebSite","@id":"https:\/\/zank.de\/#website","url":"https:\/\/zank.de\/","name":"ZAnK","description":"Zentrale Anlaufstelle f\u00fcr grenz\u00fcberschreitende Kindschaftskonflikte und Mediation","publisher":{"@id":"https:\/\/zank.de\/#organization"},"potentialAction":[{"@type":"SearchAction","target":{"@type":"EntryPoint","urlTemplate":"https:\/\/zank.de\/?s={search_term_string}"},"query-input":{"@type":"PropertyValueSpecification","valueRequired":true,"valueName":"search_term_string"}}],"inLanguage":"fr-FR"},{"@type":"Organization","@id":"https:\/\/zank.de\/#organization","name":"ZAnK","url":"https:\/\/zank.de\/","logo":{"@type":"ImageObject","inLanguage":"fr-FR","@id":"https:\/\/zank.de\/#\/schema\/logo\/image\/","url":"https:\/\/zank.de\/wp-content\/uploads\/2021\/10\/ZANK_Logo.svg","contentUrl":"https:\/\/zank.de\/wp-content\/uploads\/2021\/10\/ZANK_Logo.svg","width":567,"height":172,"caption":"ZAnK"},"image":{"@id":"https:\/\/zank.de\/#\/schema\/logo\/image\/"}}]}},"_links":{"self":[{"href":"https:\/\/zank.de\/fr\/wp-json\/wp\/v2\/pages\/4622","targetHints":{"allow":["GET"]}}],"collection":[{"href":"https:\/\/zank.de\/fr\/wp-json\/wp\/v2\/pages"}],"about":[{"href":"https:\/\/zank.de\/fr\/wp-json\/wp\/v2\/types\/page"}],"author":[{"embeddable":true,"href":"https:\/\/zank.de\/fr\/wp-json\/wp\/v2\/users\/3"}],"replies":[{"embeddable":true,"href":"https:\/\/zank.de\/fr\/wp-json\/wp\/v2\/comments?post=4622"}],"version-history":[{"count":6,"href":"https:\/\/zank.de\/fr\/wp-json\/wp\/v2\/pages\/4622\/revisions"}],"predecessor-version":[{"id":4733,"href":"https:\/\/zank.de\/fr\/wp-json\/wp\/v2\/pages\/4622\/revisions\/4733"}],"wp:attachment":[{"href":"https:\/\/zank.de\/fr\/wp-json\/wp\/v2\/media?parent=4622"}],"curies":[{"name":"wp","href":"https:\/\/api.w.org\/{rel}","templated":true}]}}