{"id":4608,"date":"2021-10-04T10:08:31","date_gmt":"2021-10-04T10:08:31","guid":{"rendered":"https:\/\/zank.de\/hilfe-bei\/mir-wird-kindesentfuehrung-vorgeworfen\/"},"modified":"2022-01-28T17:04:00","modified_gmt":"2022-01-28T16:04:00","slug":"on-me-reproche-davoir-enleve-mon-enfant","status":"publish","type":"page","link":"https:\/\/zank.de\/fr\/notre-soutien-dans-les-cas-suivants\/on-me-reproche-davoir-enleve-mon-enfant\/","title":{"rendered":"On me reproche d\u2019avoir enlev\u00e9 mon enfant"},"content":{"rendered":"\n<div class=\"wp-block-group alignfull intro-background is-layout-constrained wp-block-group-is-layout-constrained\"><div class=\"breadcrumb page-breadcrumb\"><span><a href=\"https:\/\/zank.de\/fr\/\"><span class=\"visually-hidden\">Go to homepage<\/span><svg class=\"icon icon-home\"><use href=\"#home\" \/><\/svg><\/a><\/span><\/div><h1 class=\"entry-title mt-0\">On me reproche d\u2019avoir enlev\u00e9 mon enfant<\/h1>\n\n\n<p class=\"has-lead-font-size\">Vous \u00eates revenu(e) en Allemagne avec votre enfant, ou vous \u00eates parti(e) d\u00e9finitivement \u00e0 l\u2019\u00e9tranger ?<strong> <\/strong>Si vous l\u2019avez fait sans l\u2019accord de l\u2019autre parent ou d\u2019un tribunal, il peut effectivement s\u2019agir d\u2019un enl\u00e8vement parental. Vous avez vraisemblablement agi avec les meilleures intentions. Mais les cons\u00e9quences pour votre enfant sont \u00e9normes. Que faire maintenant ? Permettez-nous de vous apporter notre soutien pour r\u00e9gler ce conflit parental et agir dans l\u2019int\u00e9r\u00eat de votre enfant.<\/p>\n\n\n\n<ul class=\"is-style-anchor wp-block-list\"><li><a href=\"#enlevement-parental\">Que signifie \u00ab enl\u00e8vement parental \u00bb ?<\/a><\/li><li><a href=\"#\"><\/a><a href=\"#maintenant\">Que se passe-t-il maintenant ?<\/a><\/li><li><a href=\"#reglement\">Retrouver la voie d\u2019un r\u00e8glement \u00e0 l\u2019amiable<\/a><\/li><\/ul>\n<\/div>\n\n\n\n<h2 class=\"is-style-heading-h2 wp-block-heading\" id=\"enlevement-parental\"><strong>Que signifie \u00ab enl\u00e8vement parental \u00bb ?<\/strong><\/h2>\n\n\n\n<h3 class=\"wp-block-heading\">La situation<\/h3>\n\n\n\n<p>Si vous avez d\u00e9m\u00e9nag\u00e9 d\u2019un pays dans un autre avec votre enfant <strong>sans<\/strong> avoir pour cela, <strong>l\u2019autorisation de l\u2019autre parent ou d\u2019un tribunal<\/strong> (par exemple sous forme d\u2019une d\u00e9cision vous accordant le droit exclusif de fixer le lieu de r\u00e9sidence de l\u2019enfant), il se peut que l\u2019on vous reproche un enl\u00e8vement parental international.<\/p>\n\n\n\n<p>La seule question d\u00e9terminante pour un enl\u00e8vement est celle de savoir o\u00f9 l&#8217;enfant avait sa <strong>r\u00e9sidence habituelle<\/strong> avant le d\u00e9m\u00e9nagement. La nationalit\u00e9 ou le pays de naissance de l\u2019enfant ne jouent ici aucun r\u00f4le.<\/p>\n\n\n\n<h3 class=\"wp-block-heading\">La notion<\/h3>\n\n\n\n<p>Ce terme est employ\u00e9 tant dans le <strong>droit p\u00e9nal national<\/strong> que dans les <strong>l\u00e9gislations internationales<\/strong>. Au lieu d\u2019un enl\u00e8vement parental, on parle aussi d\u2019un <strong>d\u00e9placement illicite de l\u2019enfant<\/strong>. Nous le savons : dans la pratique, le constat d\u2019\u00ab enl\u00e8vement parental \u00bb couvre des situations de vie et familiales extr\u00eamement diverses.<\/p>\n\n\n\n<div class=\"wp-block-group is-style-infobox is-layout-flow wp-block-group-is-layout-flow\">\n<h3 class=\"wp-block-heading\">Une constellation possible<\/h3>\n\n\n\n<p>Vous avez v\u00e9cu dans un pays \u00e9tranger avec l\u2019autre parent et l\u2019enfant. Vous d\u00e9tenez conjointement l&#8217;autorit\u00e9 parentale. Votre couple a \u00e9chou\u00e9. Rien ne vous retient dans ce pays et vous souhaitez revenir dans votre pays d\u2019origine, o\u00f9 vous voyez \u00e9galement de meilleures perspectives d&#8217;avenir pour votre enfant. Alors que vous vous disputez en tant que parents, une chose est s\u00fbre pour vous : d\u00e9m\u00e9nager : oui, mais bien s\u00fbr pas sans l&#8217;enfant.<\/p>\n\n\n\n<p>C\u2019est pourquoi vous avez pris votre enfant ou avez d\u00e9cid\u00e9 de ne pas le ramener ou le remettre apr\u00e8s une visite, sans que l\u2019autre parent ait donn\u00e9 son consentement \u00e0 ce changement de domicile de l\u2019enfant.<\/p>\n\n\n\n<p>Peut-\u00eatre que, pour une raison autre que celles mentionn\u00e9es ci-dessus, vous n\u2019avez <strong>pas <\/strong>vu <strong>d\u2019autre issue<\/strong> et \u00eates pass\u00e9(e) consciemment outre la loi. Vous savez <strong>que vous imposez ainsi beaucoup \u00e0 votre enfant<\/strong>. Mais peut-\u00eatre n\u2019avez-vous <strong>pas<\/strong> eu <strong>pleinement conscience<\/strong> des cons\u00e9quences (juridiques) de vos actes.<\/p>\n<\/div>\n\n\n\n<h2 class=\"is-style-heading-h2 wp-block-heading\" id=\"maintenant\"><strong>Que se passe-t-il maintenant ?<\/strong><\/h2>\n\n\n\n<p>Si les points ci-dessus correspondent \u00e0 votre situation, vous risquez que votre enfant ne puisse vous accompagner ou doive revenir dans le pays de d\u00e9part parce que l\u2019autre parent a d\u00e9pos\u00e9 une demande selon la Convention de La Haye relative \u00e0 l\u2019enl\u00e8vement d\u2019enfants et l\u2019am\u00e8ne \u00e0 ex\u00e9cution et\/ou ait recours \u00e0 la police.<\/p>\n\n\n\n<div class=\"wp-block-theme-accordion accordion-item\"><h3 class=\"accordion-header\" id=\"heading-d4fff4a0-d577-4260-bef5-6ea21138e080\"><button class=\"accordion-button collapsed\" type=\"button\" aria-expanded=\"false\" aria-controls=\"collapse-d4fff4a0-d577-4260-bef5-6ea21138e080\"><span class=\"accordion-button-text\">Pertinence p\u00e9nale<\/span><\/button><\/h3><div id=\"collapse-d4fff4a0-d577-4260-bef5-6ea21138e080\" class=\"accordion-collapse collapse\" aria-labelledby=\"heading-d4fff4a0-d577-4260-bef5-6ea21138e080\"><div class=\"accordion-body\">\n<p>L\u2019autre parent dont le droit \u00e0 l\u2019exercice de l\u2019autorit\u00e9 parentale a \u00e9t\u00e9 l\u00e9s\u00e9 par le d\u00e9m\u00e9nagement, a <strong>selon les pays des possibilit\u00e9s diverses d\u2019agir contre ce d\u00e9placement de l\u2019enfant<\/strong>. L\u2019enl\u00e8vement parental est un d\u00e9lit dans de nombreux \u00c9tats (en Allemagne au sens de l\u2019article 235 du Code p\u00e9nal allemand) ; il est donc possible de d\u00e9poser aupr\u00e8s de la police une <strong>plainte<\/strong> p\u00e9nale, ce qui peut entra\u00eener des enqu\u00eates p\u00e9nales, un mandat d\u2019arr\u00eat (international), et le cas \u00e9ch\u00e9ant plus tard mener \u00e0 une condamnation.<\/p>\n<\/div><\/div><\/div>\n\n\n\n<div class=\"wp-block-theme-accordion accordion-item\"><h3 class=\"accordion-header\" id=\"heading-45d8f84d-e374-4997-b02a-85532a301a13\"><button class=\"accordion-button collapsed\" type=\"button\" aria-expanded=\"false\" aria-controls=\"collapse-45d8f84d-e374-4997-b02a-85532a301a13\"><span class=\"accordion-button-text\">Une demande de retour a \u00e9t\u00e9 d\u00e9pos\u00e9e ?<\/span><\/button><\/h3><div id=\"collapse-45d8f84d-e374-4997-b02a-85532a301a13\" class=\"accordion-collapse collapse\" aria-labelledby=\"heading-45d8f84d-e374-4997-b02a-85532a301a13\"><div class=\"accordion-body\">\n<h4 class=\"wp-block-heading\">Proc\u00e9dure<\/h4>\n\n\n\n<p>Si tant le pays o\u00f9 l\u2019enfant avait jusqu\u2019\u00e0 pr\u00e9sent le centre de ses int\u00e9r\u00eats vitaux que le pays dans lequel vous avez d\u00e9m\u00e9nag\u00e9 sont des <strong>\u00c9tats contractants de la Convention de La Haye relative \u00e0 l\u2019enl\u00e8vement d\u2019enfants<\/strong>, l\u2019autre parent peut d\u00e9poser, outre une plainte, une demande de retour de l\u2019enfant. Ceci d\u00e9clenche une proc\u00e9dure dont l\u2019id\u00e9e est que les enfants d\u00e9plac\u00e9s illicitement vers un autre pays <strong>retournent dans leur pays de r\u00e9sidence habituelle<\/strong>, jusqu\u2019\u00e0 ce que l\u2019accord n\u00e9cessaire ou la proc\u00e9dure aupr\u00e8s du Juge aux affaires familiales (Jaf) soient r\u00e9gl\u00e9s ult\u00e9rieurement.<\/p>\n\n\n\n<p>L\u2019autre parent peut s\u2019adresser pour cette demande \u00e0 l\u2019<strong>Autorit\u00e9 centrale <\/strong>de son propre pays \u2013 en Allemagne le Bundesamt f\u00fcr Justiz (Office f\u00e9d\u00e9ral allemand de la justice) \u2013 laquelle d\u00e9pose aupr\u00e8s du tribunal de votre lieu de r\u00e9sidence une demande de retour. L\u2019autre parent peut cependant aussi y <strong>exiger directement la remise de l\u2019enfant enlev\u00e9<\/strong> sans passer par une Autorit\u00e9 centrale, mais en se r\u00e9f\u00e9rant \u00e0 la Convention de La Haye relative \u00e0 l\u2019enl\u00e8vement d\u2019enfants.<\/p>\n\n\n\n<hr class=\"wp-block-separator\"\/>\n\n\n\n<h4 class=\"wp-block-heading\">Obstacles possibles au retour<\/h4>\n\n\n\n<p>Le tribunal d\u00e9cide alors si votre enfant devra revenir dans le pays de d\u00e9part ou s\u2019il existe une raison qui y a fait obstacle. Les raisons mentionn\u00e9es dans la Convention comprennent par exemple le cas o\u00f9 il serait constat\u00e9 que la remise est li\u00e9e \u00e0 un <strong>danger <\/strong>grave<strong> pour l\u2019enfant<\/strong>. Les tribunaux examinent avec soin ces objections \u2013 appel\u00e9es exceptions au retour \u2013 et appliquent ici des <strong>crit\u00e8res s\u00e9v\u00e8res<\/strong>.<\/p>\n\n\n\n<p>Dans la plupart des pays de l\u2019Union europ\u00e9enne, le retour de l\u2019enfant est ordonn\u00e9 d\u00e8s qu\u2019il est \u00e9tabli que des dispositions ad\u00e9quates ont \u00e9t\u00e9 prises pour assurer la protection de l&#8217;enfant apr\u00e8s son retour.<\/p>\n\n\n\n<h4 class=\"wp-block-heading\">D\u00e9lai de d\u00e9p\u00f4t de la demande<\/h4>\n\n\n\n<p>Si le parent l\u00e9s\u00e9 n\u2019entreprend rien contre le d\u00e9m\u00e9nagement dans un <strong>d\u00e9lai d\u2019un an<\/strong>, il est suppos\u00e9 que ceci fonde une nouvelle r\u00e9sidence habituelle de l\u2019enfant. Pour une proc\u00e9dure en mati\u00e8re de droit familial, ce sont alors les tribunaux du nouveau pays de r\u00e9sidence qui sont comp\u00e9tents.<\/p>\n<\/div><\/div><\/div>\n\n\n\n<div class=\"wp-block-theme-accordion accordion-item\"><h3 class=\"accordion-header\" id=\"heading-c5f73454-e9e3-4344-a898-81aa53668325\"><button class=\"accordion-button collapsed\" type=\"button\" aria-expanded=\"false\" aria-controls=\"collapse-c5f73454-e9e3-4344-a898-81aa53668325\"><span class=\"accordion-button-text\">Une d\u00e9cision de retour a \u00e9t\u00e9 prononc\u00e9e, il y a menace d\u2019ex\u00e9cution forc\u00e9e ?<\/span><\/button><\/h3><div id=\"collapse-c5f73454-e9e3-4344-a898-81aa53668325\" class=\"accordion-collapse collapse\" aria-labelledby=\"heading-c5f73454-e9e3-4344-a898-81aa53668325\"><div class=\"accordion-body\">\n<p>Une d\u00e9cision de retour concerne uniquement le retour de l\u2019enfant, et non celui du parent auteur de l\u2019enl\u00e8vement. Si la d\u00e9cision de retour est <strong>d\u00e9finitive et d\u00e9clar\u00e9e ex\u00e9cutoire<\/strong>, cela signifie qu\u2019il est possible de mandater un huissier qui, le cas \u00e9ch\u00e9ant, <strong>fera ex\u00e9cuter de force le retour de l\u2019enfant<\/strong>.<\/p>\n\n\n\n<blockquote class=\"wp-block-quote is-layout-flow wp-block-quote-is-layout-flow\"><p>Pour \u00e9pargner cette exp\u00e9rience \u00e0 votre enfant et \u00e0 vous-m\u00eame, vous devriez assurer au plus tard \u00e0 ce moment-l\u00e0 de plein gr\u00e9 le retour de l\u2019enfant.<\/p><\/blockquote>\n\n\n\n<p>Nous pouvons r\u00e9fl\u00e9chir ensemble \u00e0 la mani\u00e8re de r\u00e9aliser un d\u00e9m\u00e9nagement de retour venant de vous-m\u00eame.<\/p>\n\n\n\n<div class=\"wp-block-buttons is-layout-flex wp-block-buttons-is-layout-flex\">\n<div class=\"wp-block-button\"><a class=\"wp-block-button__link\" href=\"https:\/\/zank.de\/fr\/contact-comment-nous-consulter\/\">Prendre contact avec nous<\/a><\/div>\n<\/div>\n<\/div><\/div><\/div>\n\n\n\n<h2 class=\"is-style-heading-h2 wp-block-heading\" id=\"reglement\"><strong>Retrouver la voie d\u2019un r\u00e8glement \u00e0 l\u2019amiable<\/strong><\/h2>\n\n\n\n<p>De mani\u00e8re g\u00e9n\u00e9rale, la possibilit\u00e9 d\u2019un arrangement \u00e0 l\u2019amiable est toujours donn\u00e9e \u2013 <strong>en dehors d\u2019une proc\u00e9dure judiciaire, mais aussi dans le cadre d\u2019une telle proc\u00e9dure<\/strong>, en particulier dans le cadre d\u2019une proc\u00e9dure selon la Convention de La Haye relative \u00e0 l\u2019enl\u00e8vement d\u2019enfants. M\u00eame la proc\u00e9dure conclue, il est possible de parvenir \u00e0 un accord amiable. Souvent, il est propos\u00e9 une m\u00e9diation, qui doit avoir lieu pendant la proc\u00e9dure judiciaire.<\/p>\n\n\n\n<div class=\"wp-block-group is-style-infobox is-layout-flow wp-block-group-is-layout-flow\">\n<p>Votre enfant a le <strong>droit d\u2019entretenir des relations personnelles<\/strong> avec ses deux parents. Ne serait-ce que pour cette raison, vous devriez permettre des contacts entre votre enfant et l\u2019autre parent <strong>\u00e0 tous les stades<\/strong> d\u2019une proc\u00e9dure judiciaire \u00e9ventuelle ou d\u2019un processus de n\u00e9gociation.<\/p>\n<\/div>\n\n\n\n<div class=\"wp-block-group alignfull has-primary-light-background-color has-background is-layout-constrained wp-container-core-group-is-layout-22714b9e wp-block-group-is-layout-constrained\" style=\"padding-top:70px;padding-bottom:70px\">\n<div class=\"wp-block-columns is-style-default is-layout-flex wp-container-core-columns-is-layout-9d6595d7 wp-block-columns-is-layout-flex\">\n<div class=\"wp-block-column is-layout-flow wp-block-column-is-layout-flow\">\n<div class=\"wp-block-group is-style-card is-layout-flow wp-block-group-is-layout-flow\" style=\"padding-top:26px\">\n<h3 class=\"wp-block-heading\" style=\"margin-bottom:15px\">Contact<\/h3>\n\n\n\n<div class=\"wp-block-buttons is-layout-flex wp-block-buttons-is-layout-flex\">\n<div class=\"wp-block-button\"><a class=\"wp-block-button__link\" href=\"https:\/\/zank.de\/fr\/contact-comment-nous-consulter\/\">Service conseil<\/a><\/div>\n<\/div>\n<\/div>\n<\/div>\n\n\n\n<div class=\"wp-block-column is-layout-flow wp-block-column-is-layout-flow\">\n<div class=\"wp-block-group is-style-card is-layout-flow wp-block-group-is-layout-flow\" style=\"padding-top:26px\">\n<h3 class=\"wp-block-heading\" style=\"margin-bottom:15px\">Pourquoi ZAnK<\/h3>\n\n\n\n<div class=\"wp-block-buttons is-layout-flex wp-block-buttons-is-layout-flex\">\n<div class=\"wp-block-button\"><a class=\"wp-block-button__link\" href=\"https:\/\/zank.de\/fr\/a-propos-de-zank\/notre-offre\/\">Notre offre<\/a><\/div>\n<\/div>\n<\/div>\n<\/div>\n\n\n\n<div class=\"wp-block-column is-layout-flow wp-block-column-is-layout-flow\">\n<div class=\"wp-block-group is-style-card is-layout-flow wp-block-group-is-layout-flow\" style=\"padding-top:26px\">\n<h3 class=\"wp-block-heading\" style=\"margin-bottom:15px\">\u00c9tablissement de r\u00e8glementations<\/h3>\n\n\n\n<div class=\"wp-block-buttons is-layout-flex wp-block-buttons-is-layout-flex\">\n<div class=\"wp-block-button\"><a class=\"wp-block-button__link\" href=\"https:\/\/zank.de\/fr\/notre-soutien-dans-les-cas-suivants\/droit-de-visite-et-dhebergement\/\">Droit de visite et d\u2019h\u00e9bergement<\/a><\/div>\n<\/div>\n<\/div>\n<\/div>\n<\/div>\n<\/div>\n","protected":false},"excerpt":{"rendered":"<p>Vous \u00eates revenu(e) en Allemagne avec votre enfant, ou vous \u00eates parti(e) d\u00e9finitivement \u00e0 l\u2019\u00e9tranger ? Si vous l\u2019avez fait sans l\u2019accord de l\u2019autre parent ou d\u2019un tribunal, il peut effectivement s\u2019agir d\u2019un enl\u00e8vement parental. Vous avez vraisemblablement agi avec les meilleures intentions. Mais les cons\u00e9quences pour votre enfant sont \u00e9normes. Que faire maintenant ? [&hellip;]<\/p>\n","protected":false},"author":1,"featured_media":0,"parent":4558,"menu_order":6,"comment_status":"closed","ping_status":"closed","template":"","meta":{"_acf_changed":false,"footnotes":""},"class_list":["post-4608","page","type-page","status-publish","hentry"],"acf":[],"yoast_head":"<!-- This site is optimized with the Yoast SEO plugin v27.2 - https:\/\/yoast.com\/product\/yoast-seo-wordpress\/ -->\n<title>On me reproche d\u2019avoir enlev\u00e9 mon enfant &#8226; ZAnK<\/title>\n<meta name=\"robots\" content=\"index, follow, max-snippet:-1, max-image-preview:large, max-video-preview:-1\" \/>\n<link rel=\"canonical\" href=\"https:\/\/zank.de\/fr\/notre-soutien-dans-les-cas-suivants\/on-me-reproche-davoir-enleve-mon-enfant\/\" \/>\n<meta property=\"og:locale\" content=\"fr_FR\" \/>\n<meta property=\"og:type\" content=\"article\" \/>\n<meta property=\"og:title\" content=\"On me reproche d\u2019avoir enlev\u00e9 mon enfant &#8226; ZAnK\" \/>\n<meta property=\"og:description\" content=\"Vous \u00eates revenu(e) en Allemagne avec votre enfant, ou vous \u00eates parti(e) d\u00e9finitivement \u00e0 l\u2019\u00e9tranger ? Si vous l\u2019avez fait sans l\u2019accord de l\u2019autre parent ou d\u2019un tribunal, il peut effectivement s\u2019agir d\u2019un enl\u00e8vement parental. Vous avez vraisemblablement agi avec les meilleures intentions. Mais les cons\u00e9quences pour votre enfant sont \u00e9normes. Que faire maintenant ? [&hellip;]\" \/>\n<meta property=\"og:url\" content=\"https:\/\/zank.de\/fr\/notre-soutien-dans-les-cas-suivants\/on-me-reproche-davoir-enleve-mon-enfant\/\" \/>\n<meta property=\"og:site_name\" content=\"ZAnK\" \/>\n<meta property=\"article:modified_time\" content=\"2022-01-28T16:04:00+00:00\" \/>\n<meta name=\"twitter:card\" content=\"summary_large_image\" \/>\n<meta name=\"twitter:label1\" content=\"Est. reading time\" \/>\n\t<meta name=\"twitter:data1\" content=\"7 minutes\" \/>\n<script type=\"application\/ld+json\" class=\"yoast-schema-graph\">{\"@context\":\"https:\/\/schema.org\",\"@graph\":[{\"@type\":\"WebPage\",\"@id\":\"https:\/\/zank.de\/fr\/notre-soutien-dans-les-cas-suivants\/on-me-reproche-davoir-enleve-mon-enfant\/\",\"url\":\"https:\/\/zank.de\/fr\/notre-soutien-dans-les-cas-suivants\/on-me-reproche-davoir-enleve-mon-enfant\/\",\"name\":\"On me reproche d\u2019avoir enlev\u00e9 mon enfant &#8226; ZAnK\",\"isPartOf\":{\"@id\":\"https:\/\/zank.de\/#website\"},\"datePublished\":\"2021-10-04T10:08:31+00:00\",\"dateModified\":\"2022-01-28T16:04:00+00:00\",\"breadcrumb\":{\"@id\":\"https:\/\/zank.de\/fr\/notre-soutien-dans-les-cas-suivants\/on-me-reproche-davoir-enleve-mon-enfant\/#breadcrumb\"},\"inLanguage\":\"fr-FR\",\"potentialAction\":[{\"@type\":\"ReadAction\",\"target\":[\"https:\/\/zank.de\/fr\/notre-soutien-dans-les-cas-suivants\/on-me-reproche-davoir-enleve-mon-enfant\/\"]}]},{\"@type\":\"BreadcrumbList\",\"@id\":\"https:\/\/zank.de\/fr\/notre-soutien-dans-les-cas-suivants\/on-me-reproche-davoir-enleve-mon-enfant\/#breadcrumb\",\"itemListElement\":[{\"@type\":\"ListItem\",\"position\":1,\"name\":\"Startseite\",\"item\":\"https:\/\/zank.de\/fr\/\"},{\"@type\":\"ListItem\",\"position\":2,\"name\":\"Notre soutien dans les cas suivants \u2026\",\"item\":\"https:\/\/zank.de\/fr\/notre-soutien-dans-les-cas-suivants\/\"},{\"@type\":\"ListItem\",\"position\":3,\"name\":\"On me reproche d\u2019avoir enlev\u00e9 mon enfant\"}]},{\"@type\":\"WebSite\",\"@id\":\"https:\/\/zank.de\/#website\",\"url\":\"https:\/\/zank.de\/\",\"name\":\"ZAnK\",\"description\":\"Zentrale Anlaufstelle f\u00fcr grenz\u00fcberschreitende Kindschaftskonflikte und Mediation\",\"publisher\":{\"@id\":\"https:\/\/zank.de\/#organization\"},\"potentialAction\":[{\"@type\":\"SearchAction\",\"target\":{\"@type\":\"EntryPoint\",\"urlTemplate\":\"https:\/\/zank.de\/?s={search_term_string}\"},\"query-input\":{\"@type\":\"PropertyValueSpecification\",\"valueRequired\":true,\"valueName\":\"search_term_string\"}}],\"inLanguage\":\"fr-FR\"},{\"@type\":\"Organization\",\"@id\":\"https:\/\/zank.de\/#organization\",\"name\":\"ZAnK\",\"url\":\"https:\/\/zank.de\/\",\"logo\":{\"@type\":\"ImageObject\",\"inLanguage\":\"fr-FR\",\"@id\":\"https:\/\/zank.de\/#\/schema\/logo\/image\/\",\"url\":\"https:\/\/zank.de\/wp-content\/uploads\/2021\/10\/ZANK_Logo.svg\",\"contentUrl\":\"https:\/\/zank.de\/wp-content\/uploads\/2021\/10\/ZANK_Logo.svg\",\"width\":567,\"height\":172,\"caption\":\"ZAnK\"},\"image\":{\"@id\":\"https:\/\/zank.de\/#\/schema\/logo\/image\/\"}}]}<\/script>\n<!-- \/ Yoast SEO plugin. -->","yoast_head_json":{"title":"On me reproche d\u2019avoir enlev\u00e9 mon enfant &#8226; ZAnK","robots":{"index":"index","follow":"follow","max-snippet":"max-snippet:-1","max-image-preview":"max-image-preview:large","max-video-preview":"max-video-preview:-1"},"canonical":"https:\/\/zank.de\/fr\/notre-soutien-dans-les-cas-suivants\/on-me-reproche-davoir-enleve-mon-enfant\/","og_locale":"fr_FR","og_type":"article","og_title":"On me reproche d\u2019avoir enlev\u00e9 mon enfant &#8226; ZAnK","og_description":"Vous \u00eates revenu(e) en Allemagne avec votre enfant, ou vous \u00eates parti(e) d\u00e9finitivement \u00e0 l\u2019\u00e9tranger ? Si vous l\u2019avez fait sans l\u2019accord de l\u2019autre parent ou d\u2019un tribunal, il peut effectivement s\u2019agir d\u2019un enl\u00e8vement parental. Vous avez vraisemblablement agi avec les meilleures intentions. Mais les cons\u00e9quences pour votre enfant sont \u00e9normes. Que faire maintenant ? [&hellip;]","og_url":"https:\/\/zank.de\/fr\/notre-soutien-dans-les-cas-suivants\/on-me-reproche-davoir-enleve-mon-enfant\/","og_site_name":"ZAnK","article_modified_time":"2022-01-28T16:04:00+00:00","twitter_card":"summary_large_image","twitter_misc":{"Est. reading time":"7 minutes"},"schema":{"@context":"https:\/\/schema.org","@graph":[{"@type":"WebPage","@id":"https:\/\/zank.de\/fr\/notre-soutien-dans-les-cas-suivants\/on-me-reproche-davoir-enleve-mon-enfant\/","url":"https:\/\/zank.de\/fr\/notre-soutien-dans-les-cas-suivants\/on-me-reproche-davoir-enleve-mon-enfant\/","name":"On me reproche d\u2019avoir enlev\u00e9 mon enfant &#8226; ZAnK","isPartOf":{"@id":"https:\/\/zank.de\/#website"},"datePublished":"2021-10-04T10:08:31+00:00","dateModified":"2022-01-28T16:04:00+00:00","breadcrumb":{"@id":"https:\/\/zank.de\/fr\/notre-soutien-dans-les-cas-suivants\/on-me-reproche-davoir-enleve-mon-enfant\/#breadcrumb"},"inLanguage":"fr-FR","potentialAction":[{"@type":"ReadAction","target":["https:\/\/zank.de\/fr\/notre-soutien-dans-les-cas-suivants\/on-me-reproche-davoir-enleve-mon-enfant\/"]}]},{"@type":"BreadcrumbList","@id":"https:\/\/zank.de\/fr\/notre-soutien-dans-les-cas-suivants\/on-me-reproche-davoir-enleve-mon-enfant\/#breadcrumb","itemListElement":[{"@type":"ListItem","position":1,"name":"Startseite","item":"https:\/\/zank.de\/fr\/"},{"@type":"ListItem","position":2,"name":"Notre soutien dans les cas suivants \u2026","item":"https:\/\/zank.de\/fr\/notre-soutien-dans-les-cas-suivants\/"},{"@type":"ListItem","position":3,"name":"On me reproche d\u2019avoir enlev\u00e9 mon enfant"}]},{"@type":"WebSite","@id":"https:\/\/zank.de\/#website","url":"https:\/\/zank.de\/","name":"ZAnK","description":"Zentrale Anlaufstelle f\u00fcr grenz\u00fcberschreitende Kindschaftskonflikte und Mediation","publisher":{"@id":"https:\/\/zank.de\/#organization"},"potentialAction":[{"@type":"SearchAction","target":{"@type":"EntryPoint","urlTemplate":"https:\/\/zank.de\/?s={search_term_string}"},"query-input":{"@type":"PropertyValueSpecification","valueRequired":true,"valueName":"search_term_string"}}],"inLanguage":"fr-FR"},{"@type":"Organization","@id":"https:\/\/zank.de\/#organization","name":"ZAnK","url":"https:\/\/zank.de\/","logo":{"@type":"ImageObject","inLanguage":"fr-FR","@id":"https:\/\/zank.de\/#\/schema\/logo\/image\/","url":"https:\/\/zank.de\/wp-content\/uploads\/2021\/10\/ZANK_Logo.svg","contentUrl":"https:\/\/zank.de\/wp-content\/uploads\/2021\/10\/ZANK_Logo.svg","width":567,"height":172,"caption":"ZAnK"},"image":{"@id":"https:\/\/zank.de\/#\/schema\/logo\/image\/"}}]}},"_links":{"self":[{"href":"https:\/\/zank.de\/fr\/wp-json\/wp\/v2\/pages\/4608","targetHints":{"allow":["GET"]}}],"collection":[{"href":"https:\/\/zank.de\/fr\/wp-json\/wp\/v2\/pages"}],"about":[{"href":"https:\/\/zank.de\/fr\/wp-json\/wp\/v2\/types\/page"}],"author":[{"embeddable":true,"href":"https:\/\/zank.de\/fr\/wp-json\/wp\/v2\/users\/1"}],"replies":[{"embeddable":true,"href":"https:\/\/zank.de\/fr\/wp-json\/wp\/v2\/comments?post=4608"}],"version-history":[{"count":7,"href":"https:\/\/zank.de\/fr\/wp-json\/wp\/v2\/pages\/4608\/revisions"}],"predecessor-version":[{"id":4732,"href":"https:\/\/zank.de\/fr\/wp-json\/wp\/v2\/pages\/4608\/revisions\/4732"}],"up":[{"embeddable":true,"href":"https:\/\/zank.de\/fr\/wp-json\/wp\/v2\/pages\/4558"}],"wp:attachment":[{"href":"https:\/\/zank.de\/fr\/wp-json\/wp\/v2\/media?parent=4608"}],"curies":[{"name":"wp","href":"https:\/\/api.w.org\/{rel}","templated":true}]}}