{"id":4603,"date":"2021-10-04T10:08:28","date_gmt":"2021-10-04T10:08:28","guid":{"rendered":"https:\/\/zank.de\/hilfe-bei\/mit-kind-in-ein-anderes-land-umziehen\/"},"modified":"2022-01-28T17:02:33","modified_gmt":"2022-01-28T16:02:33","slug":"je-veux-minstaller-seul-dans-un-autre-pays-avec-notre-enfant","status":"publish","type":"page","link":"https:\/\/zank.de\/fr\/notre-soutien-dans-les-cas-suivants\/je-veux-minstaller-seul-dans-un-autre-pays-avec-notre-enfant\/","title":{"rendered":"Je veux m\u2019installer seul(e) dans un autre pays avec notre enfant"},"content":{"rendered":"\n<div class=\"wp-block-group alignfull intro-background is-layout-constrained wp-block-group-is-layout-constrained\"><div class=\"breadcrumb page-breadcrumb\"><span><a href=\"https:\/\/zank.de\/fr\/\"><span class=\"visually-hidden\">Go to homepage<\/span><svg class=\"icon icon-home\"><use href=\"#home\" \/><\/svg><\/a><\/span><\/div><h1 class=\"entry-title mt-0\">Je veux m\u2019installer seul(e) dans un autre pays avec notre enfant<\/h1>\n\n\n<p class=\"has-lead-font-size\">Les couples qui se s\u00e9parent ou divorcent sont nombreux. Souvent, des enfants sont concern\u00e9s : dans bien des cas, la s\u00e9paration des parents bouleverse l\u2019univers de l\u2019enfant. Ceci peut s\u2019accentuer si les parents souhaitent habiter \u00e0 l\u2019avenir dans des pays diff\u00e9rents. Un d\u00e9m\u00e9nagement de ce type peut avoir de nombreuses raisons plausibles. Projetez-vous vous-m\u00eame de vous installer dans un autre pays avec votre enfant ? Nous vous indiquons quelles questions doivent \u00eatre r\u00e9gl\u00e9es au pr\u00e9alable.<\/p>\n\n\n\n<ul class=\"is-style-anchor wp-block-list\"><li><a href=\"#demenagement\">Projets de d\u00e9m\u00e9nagement<\/a><\/li><li><a href=\"#penser\">\u00c0 quoi faut-il penser ?<\/a><\/li><li><a href=\"#consentement\">Vous ne comptez pas sur un consentement, mais vous ne voyez pas d\u2019alternatives \u00e0 ce d\u00e9m\u00e9nagement ?<\/a><\/li><\/ul>\n<\/div>\n\n\n\n<h2 class=\"is-style-heading-h2 wp-block-heading\" id=\"demenagement\"><strong>Projets de d\u00e9m\u00e9nagement<\/strong><\/h2>\n\n\n\n<p>L\u2019exp\u00e9rience de notre service de conseil le montre : les <strong>raisons<\/strong> de d\u00e9m\u00e9nager seul(e) avec l\u2019enfant <strong>sont multiples<\/strong>. Peut-\u00eatre il y a-t-il des tensions importantes dans votre relation ; peut-\u00eatre vivez-vous s\u00e9par\u00e9s depuis longtemps ou peut-\u00eatre n\u2019avez-vous jamais v\u00e9cu ensemble avec l\u2019autre parent de l\u2019enfant ? En m\u00eame temps, peut-\u00eatre \u00eates-vous attir\u00e9(e) \u00e0 l\u2019\u00e9tranger par une opportunit\u00e9 professionnelle, la r\u00e9union avec votre famille au sens large, ou un autre facteur ?<\/p>\n\n\n\n<h2 class=\"is-style-heading-h2 wp-block-heading\" id=\"penser\"><strong>\u00c0 quoi faut-il penser ?<\/strong><\/h2>\n\n\n\n<div class=\"wp-block-group is-style-infobox is-layout-flow wp-block-group-is-layout-flow\">\n<p>Dans le cadre de projets de d\u00e9m\u00e9nagement \u00e9ventuels, ce <strong>principe <\/strong>reste valable : tant que les deux parents exercent conjointement l\u2019autorit\u00e9 parentale, et en particulier le droit de fixer la r\u00e9sidence de l\u2019enfant, ils doivent <strong>d\u00e9cider ensemble d\u2019un d\u00e9m\u00e9nagement de l\u2019enfant<\/strong>.<\/p>\n<\/div>\n\n\n\n<p>Vous habitez actuellement en Allemagne et vous souhaitez vous installer (ou revenir) \u00e0 l\u2019\u00e9tranger avec votre enfant sans l\u2019autre parent ? Vous voulez quitter un pays \u00e9tranger pour (re)venir en Allemagne ? Pour \u00e9viter un conflit ou une aggravation de la situation, vous devriez vous pencher <strong>auparavant<\/strong> sur les questions suivantes :<\/p>\n\n\n\n<ul class=\"wp-block-list\"><li>Ai-je <strong>la seule autorit\u00e9 parentale<\/strong> pour mon enfant ou <strong>le droit de fixer seul(e) sa r\u00e9sidence<\/strong> m\u2019a-t-il \u00e9t\u00e9 accord\u00e9 ? Important : dans les constellations familiales par-del\u00e0 les fronti\u00e8res, les droits des parents ne correspondront pas n\u00e9cessairement au (seul) droit allemand. Voir \u00e0 ce sujet notre <a href=\"https:\/\/zank.de\/fr\/notre-soutien-dans-les-cas-suivants\/autorite-parentale-internationale\/\">page sur l\u2019autorit\u00e9 parentale internationale<\/a>.<\/li><li>M\u00eame si j\u2019ai le droit de fixer seul(e) le lieu de r\u00e9sidence habituelle de notre enfant, quels <strong>avantages<\/strong> pourraient avoir le fait de se concerter \u00e0 ce sujet avec l\u2019autre parent ? Inversement : quelles sont les <strong>cons\u00e9quences<\/strong> \u00e0 attendre si je fais l\u2019impasse sur cette concertation ?<\/li><li>Ai-je \u00e9cout\u00e9 <strong>le point de vue de mon enfant<\/strong> en fonction de son \u00e2ge et l\u2019ai-je pris en compte dans la mesure de mes possibilit\u00e9s ?<\/li><li>Dans la mesure o\u00f9 le droit de maintien de relations personnelles et le droit de visite et d\u2019h\u00e9bergement de l\u2019autre parent n\u2019est pas limit\u00e9, comment puis-je satisfaire apr\u00e8s le d\u00e9m\u00e9nagement au besoin et au droit de notre enfant d\u2019entretenir des contacts r\u00e9guliers avec ses deux parents ? Comment <strong>le contact avec l\u2019autre parent<\/strong> pourra-t-il \u00eatre organis\u00e9<strong> par-del\u00e0 les fronti\u00e8res<\/strong> ?<\/li><\/ul>\n\n\n\n<p>Il se peut qu\u2019il vous faille, pour r\u00e9pondre \u00e0 ces questions \u2013 qui ne pr\u00e9tendent pas \u00eatre exhaustives et d\u00e9pendent de votre situation individuelle et familiale propre \u2013 <strong>faire appel \u00e0 l\u2019aide de professionnels<\/strong>. Outre les offres locales, nous vous conseillerons volontiers. Notre activit\u00e9 de conseil est centr\u00e9e toujours sur la protection<strong> des int\u00e9r\u00eats de votre enfant<\/strong>, tout en tenant compte de vos r\u00e9flexions <strong>sans porter de jugement<\/strong>.<\/p>\n\n\n\n<div class=\"wp-block-buttons is-layout-flex wp-block-buttons-is-layout-flex\">\n<div class=\"wp-block-button\"><a class=\"wp-block-button__link\" href=\"https:\/\/zank.de\/fr\/contact-comment-nous-consulter\/\">Prendre contact avec nous<\/a><\/div>\n<\/div>\n\n\n\n<div class=\"wp-block-theme-spacer\" style=\"height:2rem\"><\/div>\n\n\n\n<p>Les points indiqu\u00e9s doivent bien \u00e9videmment \u00eatre pris en consid\u00e9ration \u00e9galement si vous avez un droit de visite et d\u2019h\u00e9bergement et que vous projetiez de ne pas ramener l\u2019enfant \u00e0 la m\u00e8re\/au p\u00e8re ayant le droit de garde de l\u2019enfant.<\/p>\n\n\n\n<h2 class=\"is-style-heading-h2 wp-block-heading\" id=\"consentement\"><strong>Vous ne comptez pas sur un consentement, mais vous ne voyez pas d\u2019alternatives \u00e0 ce d\u00e9m\u00e9nagement ?<\/strong><\/h2>\n\n\n\n<p>Avant votre d\u00e9part \u00e0 l\u2019\u00e9tranger avec l\u2019enfant, l\u2019autre parent doit donc donner son consentement. Vous vous demandez peut-\u00eatre <strong>ce que vous pouvez faire<\/strong> s\u2019il le refuse.<\/p>\n\n\n\n<div class=\"wp-block-theme-accordion accordion-item\"><h3 class=\"accordion-header\" id=\"heading-665219b5-610b-40c6-8e17-6317c0a78612\"><button class=\"accordion-button collapsed\" type=\"button\" aria-expanded=\"false\" aria-controls=\"collapse-665219b5-610b-40c6-8e17-6317c0a78612\"><span class=\"accordion-button-text\">Parvenir \u00e0 un accord<\/span><\/button><\/h3><div id=\"collapse-665219b5-610b-40c6-8e17-6317c0a78612\" class=\"accordion-collapse collapse\" aria-labelledby=\"heading-665219b5-610b-40c6-8e17-6317c0a78612\"><div class=\"accordion-body\">\n<p>Notre exp\u00e9rience montre qu\u2019il peut \u00eatre possible d\u2019obtenir un <strong>consentement<\/strong>, m\u00eame dans des situations difficiles et tr\u00e8s conflictuelles, <strong>par une communication <\/strong>directe et un \u00e9change ouvert. Demandez l\u2019aide de <strong>tiers <\/strong>: peut-\u00eatre que des amis ou d\u2019autres membres de la famille peuvent <strong>servir de m\u00e9diateurs<\/strong>, ou que des professionnels peuvent <strong>faciliter le dialogue&nbsp;<\/strong>?<\/p>\n\n\n\n<p>Souvent, il est particuli\u00e8rement important, pour parvenir \u00e0 un accord, de proposer une bonne solution pour <strong>le<\/strong> <strong>maintien de relations personnelles et du droit de visite et d\u2019h\u00e9bergement<\/strong> afin que l\u2019autre parent comprenne bien que, malgr\u00e9 le d\u00e9m\u00e9nagement, il pourra continuer d\u2019entretenir une bonne relation avec son enfant.<\/p>\n<\/div><\/div><\/div>\n\n\n\n<div class=\"wp-block-theme-accordion accordion-item\"><h3 class=\"accordion-header\" id=\"heading-bd6ed973-aa96-4d8a-9bc6-15a5c5773d96\"><button class=\"accordion-button collapsed\" type=\"button\" aria-expanded=\"false\" aria-controls=\"collapse-bd6ed973-aa96-4d8a-9bc6-15a5c5773d96\"><span class=\"accordion-button-text\">Demander l\u2019accord du Juge aux affaires familiales (Jaf)<\/span><\/button><\/h3><div id=\"collapse-bd6ed973-aa96-4d8a-9bc6-15a5c5773d96\" class=\"accordion-collapse collapse\" aria-labelledby=\"heading-bd6ed973-aa96-4d8a-9bc6-15a5c5773d96\"><div class=\"accordion-body\">\n<p>Si l\u2019autre parent n\u2019est pas pr\u00eat \u00e0 donner son consentement \u00e0 un d\u00e9m\u00e9nagement \u00e0 l\u2019\u00e9tranger, que vous ne vouliez ou ne puissiez toutefois pas renoncer \u00e0 vos projets, ceci devra \u00eatre soumis \u00e0 la d\u00e9cision du <strong>Juge aux affaires familiales (Jaf)<\/strong>. Le Juge aux affaires familiales (Jaf) comp\u00e9tent pour une telle proc\u00e9dure est celui dans le ressort duquel l&#8217;enfant a sa r\u00e9sidence habituelle.<\/p>\n\n\n\n<p><strong>En Allemagne<\/strong>, le Juge aux affaires familiales (Jaf) ne peut toutefois pas d\u00e9cider du pays dans lequel devra vivre l\u2019enfant. Au lieu de cela, il peut <strong>confier<\/strong> \u00e0 l\u2019un ou \u00e0 l\u2019autre des parents <strong>le droit exclusif de fixerle lieu de r\u00e9sidence de l\u2019enfant<\/strong>.<\/p>\n\n\n\n<p>Vous trouverez plus d\u2019informations sur le partage de l\u2019autorit\u00e9 parentale \u00e0 la rubrique <a href=\"https:\/\/zank.de\/fr\/notre-soutien-dans-les-cas-suivants\/autorite-parentale-internationale\/\">Autorit\u00e9 parentale internationale<\/a>.<\/p>\n\n\n\n<p>D\u00e8s que vous avez obtenu le droit exclusif de fixer le lieu de r\u00e9sidence de l\u2019enfant, vous pouvez d\u00e9m\u00e9nager avec votre enfant. L\u2019important est que la <strong>totalit\u00e9 de la proc\u00e9dure relevant du droit familial soit conclue<\/strong> avant que le centre des int\u00e9r\u00eats vitaux de l\u2019enfant soit modifi\u00e9.<\/p>\n\n\n\n<div class=\"wp-block-group is-style-infobox is-layout-flow wp-block-group-is-layout-flow\">\n<p><strong>Important :<\/strong> si vous vivez hors d\u2019Allemagne, ce sont les r\u00e8gles de votre pays de r\u00e9sidence qui sont applicables. Ceci signifie que les <strong>conditions permettant de quitter le pays<\/strong> peuvent \u00eatre <strong>diff\u00e9rentes selon le pays<\/strong>. L\u2019autorit\u00e9 parentale exclusive n\u2019implique pas dans tous les \u00c9tat le droit de pouvoir quitter le pays avec l\u2019enfant. Il se peut qu\u2019une autorisation particuli\u00e8re soit n\u00e9cessaire.<\/p>\n<\/div>\n\n\n\n<blockquote class=\"wp-block-quote is-layout-flow wp-block-quote-is-layout-flow\"><p>Renseignez-vous obligatoirement dans chaque cas sur les conditions en vigueur et les r\u00e8gles \u00e0 respecter.<\/p><\/blockquote>\n\n\n\n<p>En l&#8217;absence d&#8217;une d\u00e9cision de justice et si le parent jouissant \u00e9galement de l\u2019autorit\u00e9 parentale (ou du droit de visite et d\u2019h\u00e9bergement dans certaines juridictions) n&#8217;a pas donn\u00e9 son accord ou a m\u00eame express\u00e9ment refus\u00e9 son accord, vous ne devriez pas d\u00e9m\u00e9nager. Vous commettriez alors un <strong>enl\u00e8vement parental international<\/strong>. Non seulement vous exigez alors de votre enfant de supporter les changements d\u00e9j\u00e0 li\u00e9s \u00e0 un d\u00e9m\u00e9nagement \u00e0 l\u2019\u00e9tranger, mais vous vous <strong>exposez<\/strong> aussi \u00e0 des <strong>cons\u00e9quences allant au-del\u00e0,<\/strong> jusqu\u2019au <strong>retour de l\u2019enfant<\/strong>.<\/p>\n<\/div><\/div><\/div>\n\n\n\n<div class=\"wp-block-group is-style-infobox is-layout-flow wp-block-group-is-layout-flow\">\n<h3 class=\"wp-block-heading\">Les parents peuvent-ils enlever leurs propres enfants ?<\/h3>\n\n\n\n<p>Oui \u2013 m\u00eame si, bien s\u00fbr, un enl\u00e8vement parental signifie autre chose qu\u2019un enl\u00e8vement pour des motifs criminels. Si vous partez avec votre enfant pour l\u2019\u00e9tranger ou voulez y rester alors que vous n\u2019avez pas le droit exclusif de d\u00e9terminer le lieu de r\u00e9sidence de l\u2019enfant, il est indispensable que l\u2019autre parent soit d\u2019accord avec votre choix. Si ce n\u2019est pas le cas et que vous passiez aux actes, on parle alors d\u2019enl\u00e8vement parental.<\/p>\n<\/div>\n\n\n\n<p>Comment pouvons-nous vous aider \u00e0 cr\u00e9er les conditions de <strong>rechercher<\/strong>, en tant que parents, <strong>une solution commune<\/strong> ou \u00e0 prendre <strong>les mesures juridiques n\u00e9cessaires<\/strong> ? <strong><a href=\"https:\/\/zank.de\/fr\/contact-comment-nous-consulter\/\">Consultez-nous<\/a> !<\/strong><\/p>\n\n\n\n<div class=\"wp-block-group alignfull has-primary-light-background-color has-background is-layout-constrained wp-container-core-group-is-layout-22714b9e wp-block-group-is-layout-constrained\" style=\"padding-top:70px;padding-bottom:70px\">\n<div class=\"wp-block-columns is-style-default is-layout-flex wp-container-core-columns-is-layout-9d6595d7 wp-block-columns-is-layout-flex\">\n<div class=\"wp-block-column is-layout-flow wp-block-column-is-layout-flow\">\n<div class=\"wp-block-group is-style-card is-layout-flow wp-block-group-is-layout-flow\" style=\"padding-top:26px\">\n<h3 class=\"wp-block-heading\" style=\"margin-bottom:15px\">Trouver un interlocuteur<\/h3>\n\n\n\n<div class=\"wp-block-buttons is-layout-flex wp-block-buttons-is-layout-flex\">\n<div class=\"wp-block-button\"><a class=\"wp-block-button__link\" href=\"https:\/\/zank.de\/en\/materials-addresses\/contacts\/\">R\u00e9pertoire d\u2019adresses<\/a><\/div>\n<\/div>\n<\/div>\n<\/div>\n\n\n\n<div class=\"wp-block-column is-layout-flow wp-block-column-is-layout-flow\">\n<div class=\"wp-block-group is-style-card is-layout-flow wp-block-group-is-layout-flow\" style=\"padding-top:26px\">\n<h3 class=\"wp-block-heading\" style=\"margin-bottom:15px\">\u00c9tablissement de r\u00e8glementations<\/h3>\n\n\n\n<div class=\"wp-block-buttons is-layout-flex wp-block-buttons-is-layout-flex\">\n<div class=\"wp-block-button\"><a class=\"wp-block-button__link\" href=\"https:\/\/zank.de\/fr\/notre-soutien-dans-les-cas-suivants\/droit-de-visite-et-dhebergement\/\">Droit de visite et d\u2019h\u00e9bergement<\/a><\/div>\n<\/div>\n<\/div>\n<\/div>\n\n\n\n<div class=\"wp-block-column is-layout-flow wp-block-column-is-layout-flow\">\n<div class=\"wp-block-group is-style-card is-layout-flow wp-block-group-is-layout-flow\" style=\"padding-top:26px\">\n<h3 class=\"wp-block-heading\" style=\"margin-bottom:15px\">Pourquoi ZAnK<\/h3>\n\n\n\n<div class=\"wp-block-buttons is-layout-flex wp-block-buttons-is-layout-flex\">\n<div class=\"wp-block-button\"><a class=\"wp-block-button__link\" href=\"https:\/\/zank.de\/fr\/a-propos-de-zank\/notre-offre\/\">Notre offre<\/a><\/div>\n<\/div>\n<\/div>\n<\/div>\n<\/div>\n<\/div>\n","protected":false},"excerpt":{"rendered":"<p>Les couples qui se s\u00e9parent ou divorcent sont nombreux. Souvent, des enfants sont concern\u00e9s : dans bien des cas, la s\u00e9paration des parents bouleverse l\u2019univers de l\u2019enfant. Ceci peut s\u2019accentuer si les parents souhaitent habiter \u00e0 l\u2019avenir dans des pays diff\u00e9rents. Un d\u00e9m\u00e9nagement de ce type peut avoir de nombreuses raisons plausibles. Projetez-vous vous-m\u00eame de [&hellip;]<\/p>\n","protected":false},"author":1,"featured_media":0,"parent":4558,"menu_order":5,"comment_status":"closed","ping_status":"closed","template":"","meta":{"_acf_changed":false,"footnotes":""},"class_list":["post-4603","page","type-page","status-publish","hentry"],"acf":[],"yoast_head":"<!-- This site is optimized with the Yoast SEO plugin v27.2 - https:\/\/yoast.com\/product\/yoast-seo-wordpress\/ -->\n<title>Je veux m\u2019installer seul(e) dans un autre pays avec notre enfant &#8226; ZAnK<\/title>\n<meta name=\"robots\" content=\"index, follow, max-snippet:-1, max-image-preview:large, max-video-preview:-1\" \/>\n<link rel=\"canonical\" href=\"https:\/\/zank.de\/fr\/notre-soutien-dans-les-cas-suivants\/je-veux-minstaller-seul-dans-un-autre-pays-avec-notre-enfant\/\" \/>\n<meta property=\"og:locale\" content=\"fr_FR\" \/>\n<meta property=\"og:type\" content=\"article\" \/>\n<meta property=\"og:title\" content=\"Je veux m\u2019installer seul(e) dans un autre pays avec notre enfant &#8226; ZAnK\" \/>\n<meta property=\"og:description\" content=\"Les couples qui se s\u00e9parent ou divorcent sont nombreux. Souvent, des enfants sont concern\u00e9s : dans bien des cas, la s\u00e9paration des parents bouleverse l\u2019univers de l\u2019enfant. Ceci peut s\u2019accentuer si les parents souhaitent habiter \u00e0 l\u2019avenir dans des pays diff\u00e9rents. Un d\u00e9m\u00e9nagement de ce type peut avoir de nombreuses raisons plausibles. Projetez-vous vous-m\u00eame de [&hellip;]\" \/>\n<meta property=\"og:url\" content=\"https:\/\/zank.de\/fr\/notre-soutien-dans-les-cas-suivants\/je-veux-minstaller-seul-dans-un-autre-pays-avec-notre-enfant\/\" \/>\n<meta property=\"og:site_name\" content=\"ZAnK\" \/>\n<meta property=\"article:modified_time\" content=\"2022-01-28T16:02:33+00:00\" \/>\n<meta name=\"twitter:card\" content=\"summary_large_image\" \/>\n<meta name=\"twitter:label1\" content=\"Est. reading time\" \/>\n\t<meta name=\"twitter:data1\" content=\"7 minutes\" \/>\n<script type=\"application\/ld+json\" class=\"yoast-schema-graph\">{\"@context\":\"https:\/\/schema.org\",\"@graph\":[{\"@type\":\"WebPage\",\"@id\":\"https:\/\/zank.de\/fr\/notre-soutien-dans-les-cas-suivants\/je-veux-minstaller-seul-dans-un-autre-pays-avec-notre-enfant\/\",\"url\":\"https:\/\/zank.de\/fr\/notre-soutien-dans-les-cas-suivants\/je-veux-minstaller-seul-dans-un-autre-pays-avec-notre-enfant\/\",\"name\":\"Je veux m\u2019installer seul(e) dans un autre pays avec notre enfant &#8226; ZAnK\",\"isPartOf\":{\"@id\":\"https:\/\/zank.de\/#website\"},\"datePublished\":\"2021-10-04T10:08:28+00:00\",\"dateModified\":\"2022-01-28T16:02:33+00:00\",\"breadcrumb\":{\"@id\":\"https:\/\/zank.de\/fr\/notre-soutien-dans-les-cas-suivants\/je-veux-minstaller-seul-dans-un-autre-pays-avec-notre-enfant\/#breadcrumb\"},\"inLanguage\":\"fr-FR\",\"potentialAction\":[{\"@type\":\"ReadAction\",\"target\":[\"https:\/\/zank.de\/fr\/notre-soutien-dans-les-cas-suivants\/je-veux-minstaller-seul-dans-un-autre-pays-avec-notre-enfant\/\"]}]},{\"@type\":\"BreadcrumbList\",\"@id\":\"https:\/\/zank.de\/fr\/notre-soutien-dans-les-cas-suivants\/je-veux-minstaller-seul-dans-un-autre-pays-avec-notre-enfant\/#breadcrumb\",\"itemListElement\":[{\"@type\":\"ListItem\",\"position\":1,\"name\":\"Startseite\",\"item\":\"https:\/\/zank.de\/fr\/\"},{\"@type\":\"ListItem\",\"position\":2,\"name\":\"Notre soutien dans les cas suivants \u2026\",\"item\":\"https:\/\/zank.de\/fr\/notre-soutien-dans-les-cas-suivants\/\"},{\"@type\":\"ListItem\",\"position\":3,\"name\":\"Je veux m\u2019installer seul(e) dans un autre pays avec notre enfant\"}]},{\"@type\":\"WebSite\",\"@id\":\"https:\/\/zank.de\/#website\",\"url\":\"https:\/\/zank.de\/\",\"name\":\"ZAnK\",\"description\":\"Zentrale Anlaufstelle f\u00fcr grenz\u00fcberschreitende Kindschaftskonflikte und Mediation\",\"publisher\":{\"@id\":\"https:\/\/zank.de\/#organization\"},\"potentialAction\":[{\"@type\":\"SearchAction\",\"target\":{\"@type\":\"EntryPoint\",\"urlTemplate\":\"https:\/\/zank.de\/?s={search_term_string}\"},\"query-input\":{\"@type\":\"PropertyValueSpecification\",\"valueRequired\":true,\"valueName\":\"search_term_string\"}}],\"inLanguage\":\"fr-FR\"},{\"@type\":\"Organization\",\"@id\":\"https:\/\/zank.de\/#organization\",\"name\":\"ZAnK\",\"url\":\"https:\/\/zank.de\/\",\"logo\":{\"@type\":\"ImageObject\",\"inLanguage\":\"fr-FR\",\"@id\":\"https:\/\/zank.de\/#\/schema\/logo\/image\/\",\"url\":\"https:\/\/zank.de\/wp-content\/uploads\/2021\/10\/ZANK_Logo.svg\",\"contentUrl\":\"https:\/\/zank.de\/wp-content\/uploads\/2021\/10\/ZANK_Logo.svg\",\"width\":567,\"height\":172,\"caption\":\"ZAnK\"},\"image\":{\"@id\":\"https:\/\/zank.de\/#\/schema\/logo\/image\/\"}}]}<\/script>\n<!-- \/ Yoast SEO plugin. -->","yoast_head_json":{"title":"Je veux m\u2019installer seul(e) dans un autre pays avec notre enfant &#8226; ZAnK","robots":{"index":"index","follow":"follow","max-snippet":"max-snippet:-1","max-image-preview":"max-image-preview:large","max-video-preview":"max-video-preview:-1"},"canonical":"https:\/\/zank.de\/fr\/notre-soutien-dans-les-cas-suivants\/je-veux-minstaller-seul-dans-un-autre-pays-avec-notre-enfant\/","og_locale":"fr_FR","og_type":"article","og_title":"Je veux m\u2019installer seul(e) dans un autre pays avec notre enfant &#8226; ZAnK","og_description":"Les couples qui se s\u00e9parent ou divorcent sont nombreux. Souvent, des enfants sont concern\u00e9s : dans bien des cas, la s\u00e9paration des parents bouleverse l\u2019univers de l\u2019enfant. Ceci peut s\u2019accentuer si les parents souhaitent habiter \u00e0 l\u2019avenir dans des pays diff\u00e9rents. Un d\u00e9m\u00e9nagement de ce type peut avoir de nombreuses raisons plausibles. Projetez-vous vous-m\u00eame de [&hellip;]","og_url":"https:\/\/zank.de\/fr\/notre-soutien-dans-les-cas-suivants\/je-veux-minstaller-seul-dans-un-autre-pays-avec-notre-enfant\/","og_site_name":"ZAnK","article_modified_time":"2022-01-28T16:02:33+00:00","twitter_card":"summary_large_image","twitter_misc":{"Est. reading time":"7 minutes"},"schema":{"@context":"https:\/\/schema.org","@graph":[{"@type":"WebPage","@id":"https:\/\/zank.de\/fr\/notre-soutien-dans-les-cas-suivants\/je-veux-minstaller-seul-dans-un-autre-pays-avec-notre-enfant\/","url":"https:\/\/zank.de\/fr\/notre-soutien-dans-les-cas-suivants\/je-veux-minstaller-seul-dans-un-autre-pays-avec-notre-enfant\/","name":"Je veux m\u2019installer seul(e) dans un autre pays avec notre enfant &#8226; ZAnK","isPartOf":{"@id":"https:\/\/zank.de\/#website"},"datePublished":"2021-10-04T10:08:28+00:00","dateModified":"2022-01-28T16:02:33+00:00","breadcrumb":{"@id":"https:\/\/zank.de\/fr\/notre-soutien-dans-les-cas-suivants\/je-veux-minstaller-seul-dans-un-autre-pays-avec-notre-enfant\/#breadcrumb"},"inLanguage":"fr-FR","potentialAction":[{"@type":"ReadAction","target":["https:\/\/zank.de\/fr\/notre-soutien-dans-les-cas-suivants\/je-veux-minstaller-seul-dans-un-autre-pays-avec-notre-enfant\/"]}]},{"@type":"BreadcrumbList","@id":"https:\/\/zank.de\/fr\/notre-soutien-dans-les-cas-suivants\/je-veux-minstaller-seul-dans-un-autre-pays-avec-notre-enfant\/#breadcrumb","itemListElement":[{"@type":"ListItem","position":1,"name":"Startseite","item":"https:\/\/zank.de\/fr\/"},{"@type":"ListItem","position":2,"name":"Notre soutien dans les cas suivants \u2026","item":"https:\/\/zank.de\/fr\/notre-soutien-dans-les-cas-suivants\/"},{"@type":"ListItem","position":3,"name":"Je veux m\u2019installer seul(e) dans un autre pays avec notre enfant"}]},{"@type":"WebSite","@id":"https:\/\/zank.de\/#website","url":"https:\/\/zank.de\/","name":"ZAnK","description":"Zentrale Anlaufstelle f\u00fcr grenz\u00fcberschreitende Kindschaftskonflikte und Mediation","publisher":{"@id":"https:\/\/zank.de\/#organization"},"potentialAction":[{"@type":"SearchAction","target":{"@type":"EntryPoint","urlTemplate":"https:\/\/zank.de\/?s={search_term_string}"},"query-input":{"@type":"PropertyValueSpecification","valueRequired":true,"valueName":"search_term_string"}}],"inLanguage":"fr-FR"},{"@type":"Organization","@id":"https:\/\/zank.de\/#organization","name":"ZAnK","url":"https:\/\/zank.de\/","logo":{"@type":"ImageObject","inLanguage":"fr-FR","@id":"https:\/\/zank.de\/#\/schema\/logo\/image\/","url":"https:\/\/zank.de\/wp-content\/uploads\/2021\/10\/ZANK_Logo.svg","contentUrl":"https:\/\/zank.de\/wp-content\/uploads\/2021\/10\/ZANK_Logo.svg","width":567,"height":172,"caption":"ZAnK"},"image":{"@id":"https:\/\/zank.de\/#\/schema\/logo\/image\/"}}]}},"_links":{"self":[{"href":"https:\/\/zank.de\/fr\/wp-json\/wp\/v2\/pages\/4603","targetHints":{"allow":["GET"]}}],"collection":[{"href":"https:\/\/zank.de\/fr\/wp-json\/wp\/v2\/pages"}],"about":[{"href":"https:\/\/zank.de\/fr\/wp-json\/wp\/v2\/types\/page"}],"author":[{"embeddable":true,"href":"https:\/\/zank.de\/fr\/wp-json\/wp\/v2\/users\/1"}],"replies":[{"embeddable":true,"href":"https:\/\/zank.de\/fr\/wp-json\/wp\/v2\/comments?post=4603"}],"version-history":[{"count":5,"href":"https:\/\/zank.de\/fr\/wp-json\/wp\/v2\/pages\/4603\/revisions"}],"predecessor-version":[{"id":4730,"href":"https:\/\/zank.de\/fr\/wp-json\/wp\/v2\/pages\/4603\/revisions\/4730"}],"up":[{"embeddable":true,"href":"https:\/\/zank.de\/fr\/wp-json\/wp\/v2\/pages\/4558"}],"wp:attachment":[{"href":"https:\/\/zank.de\/fr\/wp-json\/wp\/v2\/media?parent=4603"}],"curies":[{"name":"wp","href":"https:\/\/api.w.org\/{rel}","templated":true}]}}