{"id":4558,"date":"2021-10-04T10:08:06","date_gmt":"2021-10-04T08:08:06","guid":{"rendered":"https:\/\/zank.de\/hilfe-bei\/"},"modified":"2022-01-28T16:49:31","modified_gmt":"2022-01-28T15:49:31","slug":"notre-soutien-dans-les-cas-suivants","status":"publish","type":"page","link":"https:\/\/zank.de\/fr\/notre-soutien-dans-les-cas-suivants\/","title":{"rendered":"Notre soutien dans les cas suivants \u2026"},"content":{"rendered":"\n<div class=\"wp-block-group alignfull intro-background intro-bubble-left is-layout-constrained wp-container-core-group-is-layout-ba54016c wp-block-group-is-layout-constrained\" style=\"padding-top:11px;padding-bottom:3rem\"><div class=\"breadcrumb page-breadcrumb\"><span><a href=\"https:\/\/zank.de\/fr\/\"><span class=\"visually-hidden\">Go to homepage<\/span><svg class=\"icon icon-home\"><use href=\"#home\" \/><\/svg><\/a><\/span><\/div><h1 class=\"entry-title mt-0\">Notre soutien dans les cas suivants \u2026<\/h1>\n\n\n<div class=\"wp-block-columns is-layout-flex wp-container-core-columns-is-layout-9d6595d7 wp-block-columns-is-layout-flex\">\n<div class=\"wp-block-column is-layout-flow wp-block-column-is-layout-flow\" style=\"flex-basis:66.66%\">\n<p class=\"has-h-3-font-size\"><em><em>Lorsque des parents se s\u00e9parent, les familles traversent des p\u00e9riodes tumultueuses.<\/em><\/em><\/p>\n\n\n\n<div class=\"wp-block-theme-spacer\" style=\"height:1.2rem\"><\/div>\n\n\n\n<p class=\"has-lead-font-size\">Il en r\u00e9sulte un grand nombre de questions quant \u00e0 l\u2019avenir de l\u2019enfant ou des enfants. Comment les deux parents peuvent-ils rester tous deux pour l\u2019enfant une figure d\u2019attachement ? Comment les parents peuvent-ils communiquer dans le respect l\u2019un de l\u2019autre et s\u2019entendre malgr\u00e9 des sentiments de deuil, d\u2019amertume et de col\u00e8re ? Et comment le faire \u2013 dans le cas d\u2019une composante internationale \u2013 m\u00eame par-del\u00e0 des fronti\u00e8res ?<\/p>\n<\/div>\n\n\n\n<div class=\"wp-block-column is-layout-flow wp-block-column-is-layout-flow\" style=\"flex-basis:31.33%\"><\/div>\n<\/div>\n\n\n\n<div class=\"wp-block-theme-spacer\" style=\"height:4.4rem\"><\/div>\n\n\n\n<div class=\"wp-block-media-text alignwide has-media-on-the-right is-stacked-on-mobile is-vertically-aligned-top is-image-fill padding-sm is-style-with-shadow\" style=\"grid-template-columns:auto 31.5%\"><figure class=\"wp-block-media-text__media\" style=\"background-image:url(https:\/\/zank.de\/wp-content\/uploads\/2021\/12\/Pfeil.svg);background-position:50% 50%\"><img loading=\"lazy\" decoding=\"async\" width=\"268\" height=\"268\" src=\"https:\/\/zank.de\/wp-content\/uploads\/2021\/12\/Pfeil.svg\" alt=\"\" class=\"wp-image-1368 size-full\"\/><\/figure><div class=\"wp-block-media-text__content\">\n<h2 class=\"has-h-3-font-size wp-block-heading\">Autorit\u00e9 parentale internationale<\/h2>\n\n\n\n<p style=\"margin-bottom:24px\"><strong><strong>Parents s\u00e9par\u00e9s, il vous faut trouver des arrangements et r\u00e8glements concernant votre autorit\u00e9 parentale ou votre droit de garde de l\u2019enfant. <\/strong><\/strong>Se mettre d\u2019accord sur ce point n\u2019est pas toujours possible. L\u2019exp\u00e9rience de notre service de conseil le montre : si les membres de la famille, en particulier, sont domicili\u00e9s dans plus d\u2019un pays, de nombreuses causes de conflits, r\u00e8glements internationaux et particularit\u00e9s sont \u00e0 prendre en compte. Pour en savoir plus \u00e0 ce sujet :<\/p>\n\n\n\n<div class=\"wp-block-buttons mb-1 is-layout-flex wp-block-buttons-is-layout-flex\">\n<div class=\"wp-block-button\"><a class=\"wp-block-button__link\" href=\"https:\/\/zank.de\/fr\/notre-soutien-dans-les-cas-suivants\/autorite-parentale-internationale\/\">Informations relatives \u00e0 l\u2019autorit\u00e9 parentale<\/a><\/div>\n<\/div>\n<\/div><\/div>\n\n\n\n<div class=\"wp-block-theme-spacer\" style=\"height:2.6rem\"><\/div>\n\n\n\n<div class=\"wp-block-media-text alignwide has-media-on-the-right is-stacked-on-mobile is-vertically-aligned-top is-image-fill padding-sm is-style-with-shadow has-primary-light-background-color has-background\" style=\"grid-template-columns:auto 31.5%\"><figure class=\"wp-block-media-text__media\" style=\"background-image:url(https:\/\/zank.de\/wp-content\/uploads\/2021\/12\/Pfeil_umgekehrt.svg);background-position:50% 50%\"><img loading=\"lazy\" decoding=\"async\" width=\"268\" height=\"268\" src=\"https:\/\/zank.de\/wp-content\/uploads\/2021\/12\/Pfeil_umgekehrt.svg\" alt=\"\" class=\"wp-image-1861 size-full\"\/><\/figure><div class=\"wp-block-media-text__content\">\n<h2 class=\"has-h-3-font-size wp-block-heading\">Droit de maintien de relations personnelles, droit de visite et d\u2019h\u00e9bergement<\/h2>\n\n\n\n<p style=\"margin-bottom:26px\"><strong>Les enfants ont un droit d\u2019entretenir des relations personnelles avec leurs deux parents. <\/strong>Nous souhaitons vous aider \u00e0 r\u00e9aliser une solution concernant le droit de maintien de relations personnelles, de visite et d\u2019h\u00e9bergement qui r\u00e9ussisse \u00e9galement au-del\u00e0 des fronti\u00e8res. En effet, des visites et un contact t\u00e9l\u00e9phonique r\u00e9guliers avec l\u2019autre parent peuvent, m\u00eame apr\u00e8s une s\u00e9paration ou un divorce, donner \u00e0 l\u2019enfant le sentiment de pouvoir compter sur sa famille.<\/p>\n\n\n\n<div class=\"wp-block-buttons is-layout-flex wp-block-buttons-is-layout-flex\">\n<div class=\"wp-block-button\"><a class=\"wp-block-button__link\" href=\"https:\/\/zank.de\/fr\/notre-soutien-dans-les-cas-suivants\/droit-de-visite-et-dhebergement\/\">Informations relatives au droit de maintien de relations personnelles, droit de visite et d\u2019h\u00e9bergement<\/a><\/div>\n<\/div>\n<\/div><\/div>\n\n\n\n<div class=\"wp-block-theme-spacer\" style=\"height:2.6rem\"><\/div>\n\n\n\n<div class=\"wp-block-media-text alignwide has-media-on-the-right is-stacked-on-mobile is-vertically-aligned-top is-image-fill padding-sm is-style-with-shadow\" style=\"grid-template-columns:auto 31.5%\"><figure class=\"wp-block-media-text__media\" style=\"background-image:url(https:\/\/zank.de\/wp-content\/uploads\/2021\/12\/Pfeil.svg);background-position:50% 50%\"><img loading=\"lazy\" decoding=\"async\" width=\"268\" height=\"268\" src=\"https:\/\/zank.de\/wp-content\/uploads\/2021\/12\/Pfeil.svg\" alt=\"\" class=\"wp-image-1368 size-full\"\/><\/figure><div class=\"wp-block-media-text__content\">\n<h2 class=\"has-h-3-font-size wp-block-heading\">Je crains un enl\u00e8vement parental<\/h2>\n\n\n\n<p style=\"margin-bottom:24px\"><strong>Parfois, dans la crise engendr\u00e9e par une s\u00e9paration, l\u2019un des parents peut avoir peur que l\u2019autre ne disparaisse avec l\u2019enfant \u2013 <\/strong>que ce soit en raison d\u2019une menace prononc\u00e9e ou du fait que les parents savent qu\u2019ils veulent habiter dans des pays diff\u00e9rents. Si vous connaissez cette crainte, nous souhaitons vous indiquer o\u00f9 trouver de l\u2019aide et quelles pr\u00e9cautions vous pouvez prendre.<\/p>\n\n\n\n<div class=\"wp-block-buttons mb-1 is-layout-flex wp-block-buttons-is-layout-flex\">\n<div class=\"wp-block-button\"><a class=\"wp-block-button__link\" href=\"https:\/\/zank.de\/fr\/notre-soutien-dans-les-cas-suivants\/jai-peur-que-lautre-parent-enleve-notre-enfant-vers-un-autre-pays\/\">Les options \u00e0 votre disposition si vous craignez un enl\u00e8vement parental<\/a><\/div>\n<\/div>\n<\/div><\/div>\n\n\n\n<div class=\"wp-block-theme-spacer\" style=\"height:2.6rem\"><\/div>\n\n\n\n<div class=\"wp-block-media-text alignwide has-media-on-the-right is-stacked-on-mobile is-vertically-aligned-top is-image-fill padding-sm is-style-with-shadow has-primary-light-background-color has-background\" style=\"grid-template-columns:auto 31.5%\"><figure class=\"wp-block-media-text__media\" style=\"background-image:url(https:\/\/zank.de\/wp-content\/uploads\/2021\/12\/Pfeil_umgekehrt.svg);background-position:50% 50%\"><img loading=\"lazy\" decoding=\"async\" width=\"268\" height=\"268\" src=\"https:\/\/zank.de\/wp-content\/uploads\/2021\/12\/Pfeil_umgekehrt.svg\" alt=\"\" class=\"wp-image-1861 size-full\"\/><\/figure><div class=\"wp-block-media-text__content\">\n<h2 class=\"has-h-3-font-size wp-block-heading\">Mon enfant a \u00e9t\u00e9 enlev\u00e9<\/h2>\n\n\n\n<p style=\"margin-bottom:26px\"><strong>Un enl\u00e8vement parental international constitue une aggravation importante d\u2019un conflit parental. <\/strong>Quand parle-t-on d\u2019enl\u00e8vement parental ? Qu\u2019est-ce qui pousse un parent \u00e0 emmener l\u2019enfant \u00e0 l\u2019\u00e9tranger contre la volont\u00e9 de l\u2019autre ou de l\u2019y retenir ? Les questions qui se posent alors sont nombreuses. Nous vous expliquons ce que vous pouvez faire concr\u00e8tement si vous \u00eates le parent priv\u00e9 de l\u2019enfant.<\/p>\n\n\n\n<div class=\"wp-block-buttons is-layout-flex wp-block-buttons-is-layout-flex\">\n<div class=\"wp-block-button\"><a class=\"wp-block-button__link\" href=\"https:\/\/zank.de\/fr\/notre-soutien-dans-les-cas-suivants\/mon-enfant-a-ete-enleve\/\">Mon enfant a \u00e9t\u00e9 enlev\u00e9<\/a><\/div>\n<\/div>\n<\/div><\/div>\n\n\n\n<div class=\"wp-block-theme-spacer\" style=\"height:2.6rem\"><\/div>\n\n\n\n<div class=\"wp-block-media-text alignwide has-media-on-the-right is-stacked-on-mobile is-vertically-aligned-top is-image-fill padding-sm is-style-with-shadow\" style=\"grid-template-columns:auto 31.5%\"><figure class=\"wp-block-media-text__media\" style=\"background-image:url(https:\/\/zank.de\/wp-content\/uploads\/2021\/12\/Pfeil.svg);background-position:50% 50%\"><img loading=\"lazy\" decoding=\"async\" width=\"268\" height=\"268\" src=\"https:\/\/zank.de\/wp-content\/uploads\/2021\/12\/Pfeil.svg\" alt=\"\" class=\"wp-image-1368 size-full\"\/><\/figure><div class=\"wp-block-media-text__content\">\n<h2 class=\"has-h-3-font-size wp-block-heading\">Je veux m\u2019installer dans un autre pays avec mon enfant<\/h2>\n\n\n\n<p style=\"margin-bottom:24px\"><strong>Les couples qui se s\u00e9parent ou divorcent sont nombreux. <\/strong>Souvent, des enfants sont concern\u00e9s : dans bien des cas, la s\u00e9paration des parents bouleverse l\u2019univers de l\u2019enfant. Ceci peut s\u2019accentuer si les parents souhaitent habiter \u00e0 l\u2019avenir dans des pays diff\u00e9rents. Projetez-vous de vous installer dans un autre pays avec votre enfant? Nous vous indiquons quelles questions doivent \u00eatre r\u00e9gl\u00e9es au pr\u00e9alable.<\/p>\n\n\n\n<div class=\"wp-block-buttons mb-1 is-layout-flex wp-block-buttons-is-layout-flex\">\n<div class=\"wp-block-button\"><a class=\"wp-block-button__link\" href=\"https:\/\/zank.de\/fr\/notre-soutien-dans-les-cas-suivants\/je-veux-minstaller-seul-dans-un-autre-pays-avec-notre-enfant\/\">Ce qu\u2019il faut savoir si vous projetez un d\u00e9m\u00e9nagement<\/a><\/div>\n<\/div>\n<\/div><\/div>\n\n\n\n<div class=\"wp-block-theme-spacer\" style=\"height:2.6rem\"><\/div>\n\n\n\n<div class=\"wp-block-media-text alignwide has-media-on-the-right is-stacked-on-mobile is-vertically-aligned-top is-image-fill padding-sm is-style-with-shadow has-primary-light-background-color has-background\" style=\"grid-template-columns:auto 31.5%\"><figure class=\"wp-block-media-text__media\" style=\"background-image:url(https:\/\/zank.de\/wp-content\/uploads\/2021\/12\/Pfeil_umgekehrt.svg);background-position:50% 50%\"><img loading=\"lazy\" decoding=\"async\" width=\"268\" height=\"268\" src=\"https:\/\/zank.de\/wp-content\/uploads\/2021\/12\/Pfeil_umgekehrt.svg\" alt=\"\" class=\"wp-image-1861 size-full\"\/><\/figure><div class=\"wp-block-media-text__content\">\n<h2 class=\"has-h-3-font-size wp-block-heading\">On me reproche d\u2019avoir enlev\u00e9 mon enfant<\/h2>\n\n\n\n<p style=\"margin-bottom:26px\"><strong>Vous \u00eates revenu(e) en Allemagne avec votre enfant, ou vous \u00eates parti(e) d\u00e9finitivement \u00e0 l\u2019\u00e9tranger avec l\u2019enfant ? <\/strong>Si vous l\u2019avez fait sans l\u2019accord de l\u2019autre parent ou d\u2019un tribunal, il peut effectivement s\u2019agir d\u2019un enl\u00e8vement parental. Vous avez vraisemblablement agi avec les meilleures intentions. Mais les cons\u00e9quences pour votre enfant sont \u00e9normes. Que faire maintenant ? Permettez-nous de vous apporter notre soutien pour r\u00e9gler ce conflit parental et agir dans l\u2019int\u00e9r\u00eat de votre enfant.<\/p>\n\n\n\n<div class=\"wp-block-buttons is-layout-flex wp-block-buttons-is-layout-flex\">\n<div class=\"wp-block-button\"><a class=\"wp-block-button__link\" href=\"https:\/\/zank.de\/fr\/notre-soutien-dans-les-cas-suivants\/on-me-reproche-davoir-enleve-mon-enfant\/\">R\u00e9agir \u00e0 l\u2019all\u00e9gation d\u2019enl\u00e8vement parental<\/a><\/div>\n<\/div>\n<\/div><\/div>\n\n\n\n<div class=\"wp-block-theme-spacer\" style=\"height:2.6rem\"><\/div>\n\n\n\n<div class=\"wp-block-media-text alignwide has-media-on-the-right is-stacked-on-mobile is-vertically-aligned-top is-image-fill padding-sm is-style-with-shadow\" style=\"grid-template-columns:auto 31.5%\"><figure class=\"wp-block-media-text__media\" style=\"background-image:url(https:\/\/zank.de\/wp-content\/uploads\/2021\/12\/Pfeil.svg);background-position:50% 50%\"><img loading=\"lazy\" decoding=\"async\" width=\"268\" height=\"268\" src=\"https:\/\/zank.de\/wp-content\/uploads\/2021\/12\/Pfeil.svg\" alt=\"\" class=\"wp-image-1368 size-full\"\/><\/figure><div class=\"wp-block-media-text__content\">\n<h2 class=\"has-h-3-font-size wp-block-heading\">Que faire en cas d\u2019urgence d\u2019enl\u00e8vement parental en cours ?<\/h2>\n\n\n\n<p style=\"margin-bottom:24px\">Vous craignez qu\u2019un enl\u00e8vement parental soit actuellement en cours ou imminent ? Vous trouverez ici une vue d\u2019ensemble des premi\u00e8res possibilit\u00e9s d\u2019agir dans des situations d\u2019urgence de ce type.<\/p>\n\n\n\n<div class=\"wp-block-buttons mb-1 is-layout-flex wp-block-buttons-is-layout-flex\">\n<div class=\"wp-block-button\"><a class=\"wp-block-button__link\" href=\"https:\/\/zank.de\/fr\/que-faire-en-cas-durgence-denlevement-parental-en-cours\/\">Premi\u00e8res mesures en cas d\u2019urgence<\/a><\/div>\n<\/div>\n<\/div><\/div>\n\n\n\n<div class=\"wp-block-theme-spacer\" style=\"height:0.5rem\"><\/div>\n<\/div>\n","protected":false},"excerpt":{"rendered":"<p>Lorsque des parents se s\u00e9parent, les familles traversent des p\u00e9riodes tumultueuses. Il en r\u00e9sulte un grand nombre de questions quant \u00e0 l\u2019avenir de l\u2019enfant ou des enfants. Comment les deux parents peuvent-ils rester tous deux pour l\u2019enfant une figure d\u2019attachement ? Comment les parents peuvent-ils communiquer dans le respect l\u2019un de l\u2019autre et s\u2019entendre malgr\u00e9 [&hellip;]<\/p>\n","protected":false},"author":3,"featured_media":0,"parent":0,"menu_order":0,"comment_status":"closed","ping_status":"closed","template":"","meta":{"_acf_changed":false,"footnotes":""},"class_list":["post-4558","page","type-page","status-publish","hentry"],"acf":[],"yoast_head":"<!-- This site is optimized with the Yoast SEO plugin v27.2 - https:\/\/yoast.com\/product\/yoast-seo-wordpress\/ -->\n<title>Notre soutien dans les cas suivants \u2026 &#8226; ZAnK<\/title>\n<meta name=\"robots\" content=\"index, follow, max-snippet:-1, max-image-preview:large, max-video-preview:-1\" \/>\n<link rel=\"canonical\" href=\"https:\/\/zank.de\/fr\/notre-soutien-dans-les-cas-suivants\/\" \/>\n<meta property=\"og:locale\" content=\"fr_FR\" \/>\n<meta property=\"og:type\" content=\"article\" \/>\n<meta property=\"og:title\" content=\"Notre soutien dans les cas suivants \u2026 &#8226; ZAnK\" \/>\n<meta property=\"og:description\" content=\"Lorsque des parents se s\u00e9parent, les familles traversent des p\u00e9riodes tumultueuses. Il en r\u00e9sulte un grand nombre de questions quant \u00e0 l\u2019avenir de l\u2019enfant ou des enfants. Comment les deux parents peuvent-ils rester tous deux pour l\u2019enfant une figure d\u2019attachement ? Comment les parents peuvent-ils communiquer dans le respect l\u2019un de l\u2019autre et s\u2019entendre malgr\u00e9 [&hellip;]\" \/>\n<meta property=\"og:url\" content=\"https:\/\/zank.de\/fr\/notre-soutien-dans-les-cas-suivants\/\" \/>\n<meta property=\"og:site_name\" content=\"ZAnK\" \/>\n<meta property=\"article:modified_time\" content=\"2022-01-28T15:49:31+00:00\" \/>\n<meta property=\"og:image\" content=\"https:\/\/zank.de\/wp-content\/uploads\/2021\/12\/Pfeil.svg\" \/>\n<meta name=\"twitter:card\" content=\"summary_large_image\" \/>\n<meta name=\"twitter:label1\" content=\"Est. reading time\" \/>\n\t<meta name=\"twitter:data1\" content=\"5 minutes\" \/>\n<script type=\"application\/ld+json\" class=\"yoast-schema-graph\">{\"@context\":\"https:\/\/schema.org\",\"@graph\":[{\"@type\":\"WebPage\",\"@id\":\"https:\/\/zank.de\/fr\/notre-soutien-dans-les-cas-suivants\/\",\"url\":\"https:\/\/zank.de\/fr\/notre-soutien-dans-les-cas-suivants\/\",\"name\":\"Notre soutien dans les cas suivants \u2026 &#8226; ZAnK\",\"isPartOf\":{\"@id\":\"https:\/\/zank.de\/#website\"},\"primaryImageOfPage\":{\"@id\":\"https:\/\/zank.de\/fr\/notre-soutien-dans-les-cas-suivants\/#primaryimage\"},\"image\":{\"@id\":\"https:\/\/zank.de\/fr\/notre-soutien-dans-les-cas-suivants\/#primaryimage\"},\"thumbnailUrl\":\"https:\/\/zank.de\/wp-content\/uploads\/2021\/12\/Pfeil.svg\",\"datePublished\":\"2021-10-04T08:08:06+00:00\",\"dateModified\":\"2022-01-28T15:49:31+00:00\",\"breadcrumb\":{\"@id\":\"https:\/\/zank.de\/fr\/notre-soutien-dans-les-cas-suivants\/#breadcrumb\"},\"inLanguage\":\"fr-FR\",\"potentialAction\":[{\"@type\":\"ReadAction\",\"target\":[\"https:\/\/zank.de\/fr\/notre-soutien-dans-les-cas-suivants\/\"]}]},{\"@type\":\"ImageObject\",\"inLanguage\":\"fr-FR\",\"@id\":\"https:\/\/zank.de\/fr\/notre-soutien-dans-les-cas-suivants\/#primaryimage\",\"url\":\"https:\/\/zank.de\/wp-content\/uploads\/2021\/12\/Pfeil.svg\",\"contentUrl\":\"https:\/\/zank.de\/wp-content\/uploads\/2021\/12\/Pfeil.svg\"},{\"@type\":\"BreadcrumbList\",\"@id\":\"https:\/\/zank.de\/fr\/notre-soutien-dans-les-cas-suivants\/#breadcrumb\",\"itemListElement\":[{\"@type\":\"ListItem\",\"position\":1,\"name\":\"Startseite\",\"item\":\"https:\/\/zank.de\/fr\/\"},{\"@type\":\"ListItem\",\"position\":2,\"name\":\"Notre soutien dans les cas suivants \u2026\"}]},{\"@type\":\"WebSite\",\"@id\":\"https:\/\/zank.de\/#website\",\"url\":\"https:\/\/zank.de\/\",\"name\":\"ZAnK\",\"description\":\"Zentrale Anlaufstelle f\u00fcr grenz\u00fcberschreitende Kindschaftskonflikte und Mediation\",\"publisher\":{\"@id\":\"https:\/\/zank.de\/#organization\"},\"potentialAction\":[{\"@type\":\"SearchAction\",\"target\":{\"@type\":\"EntryPoint\",\"urlTemplate\":\"https:\/\/zank.de\/?s={search_term_string}\"},\"query-input\":{\"@type\":\"PropertyValueSpecification\",\"valueRequired\":true,\"valueName\":\"search_term_string\"}}],\"inLanguage\":\"fr-FR\"},{\"@type\":\"Organization\",\"@id\":\"https:\/\/zank.de\/#organization\",\"name\":\"ZAnK\",\"url\":\"https:\/\/zank.de\/\",\"logo\":{\"@type\":\"ImageObject\",\"inLanguage\":\"fr-FR\",\"@id\":\"https:\/\/zank.de\/#\/schema\/logo\/image\/\",\"url\":\"https:\/\/zank.de\/wp-content\/uploads\/2021\/10\/ZANK_Logo.svg\",\"contentUrl\":\"https:\/\/zank.de\/wp-content\/uploads\/2021\/10\/ZANK_Logo.svg\",\"width\":567,\"height\":172,\"caption\":\"ZAnK\"},\"image\":{\"@id\":\"https:\/\/zank.de\/#\/schema\/logo\/image\/\"}}]}<\/script>\n<!-- \/ Yoast SEO plugin. -->","yoast_head_json":{"title":"Notre soutien dans les cas suivants \u2026 &#8226; ZAnK","robots":{"index":"index","follow":"follow","max-snippet":"max-snippet:-1","max-image-preview":"max-image-preview:large","max-video-preview":"max-video-preview:-1"},"canonical":"https:\/\/zank.de\/fr\/notre-soutien-dans-les-cas-suivants\/","og_locale":"fr_FR","og_type":"article","og_title":"Notre soutien dans les cas suivants \u2026 &#8226; ZAnK","og_description":"Lorsque des parents se s\u00e9parent, les familles traversent des p\u00e9riodes tumultueuses. Il en r\u00e9sulte un grand nombre de questions quant \u00e0 l\u2019avenir de l\u2019enfant ou des enfants. Comment les deux parents peuvent-ils rester tous deux pour l\u2019enfant une figure d\u2019attachement ? Comment les parents peuvent-ils communiquer dans le respect l\u2019un de l\u2019autre et s\u2019entendre malgr\u00e9 [&hellip;]","og_url":"https:\/\/zank.de\/fr\/notre-soutien-dans-les-cas-suivants\/","og_site_name":"ZAnK","article_modified_time":"2022-01-28T15:49:31+00:00","og_image":[{"url":"https:\/\/zank.de\/wp-content\/uploads\/2021\/12\/Pfeil.svg","type":"","width":"","height":""}],"twitter_card":"summary_large_image","twitter_misc":{"Est. reading time":"5 minutes"},"schema":{"@context":"https:\/\/schema.org","@graph":[{"@type":"WebPage","@id":"https:\/\/zank.de\/fr\/notre-soutien-dans-les-cas-suivants\/","url":"https:\/\/zank.de\/fr\/notre-soutien-dans-les-cas-suivants\/","name":"Notre soutien dans les cas suivants \u2026 &#8226; ZAnK","isPartOf":{"@id":"https:\/\/zank.de\/#website"},"primaryImageOfPage":{"@id":"https:\/\/zank.de\/fr\/notre-soutien-dans-les-cas-suivants\/#primaryimage"},"image":{"@id":"https:\/\/zank.de\/fr\/notre-soutien-dans-les-cas-suivants\/#primaryimage"},"thumbnailUrl":"https:\/\/zank.de\/wp-content\/uploads\/2021\/12\/Pfeil.svg","datePublished":"2021-10-04T08:08:06+00:00","dateModified":"2022-01-28T15:49:31+00:00","breadcrumb":{"@id":"https:\/\/zank.de\/fr\/notre-soutien-dans-les-cas-suivants\/#breadcrumb"},"inLanguage":"fr-FR","potentialAction":[{"@type":"ReadAction","target":["https:\/\/zank.de\/fr\/notre-soutien-dans-les-cas-suivants\/"]}]},{"@type":"ImageObject","inLanguage":"fr-FR","@id":"https:\/\/zank.de\/fr\/notre-soutien-dans-les-cas-suivants\/#primaryimage","url":"https:\/\/zank.de\/wp-content\/uploads\/2021\/12\/Pfeil.svg","contentUrl":"https:\/\/zank.de\/wp-content\/uploads\/2021\/12\/Pfeil.svg"},{"@type":"BreadcrumbList","@id":"https:\/\/zank.de\/fr\/notre-soutien-dans-les-cas-suivants\/#breadcrumb","itemListElement":[{"@type":"ListItem","position":1,"name":"Startseite","item":"https:\/\/zank.de\/fr\/"},{"@type":"ListItem","position":2,"name":"Notre soutien dans les cas suivants \u2026"}]},{"@type":"WebSite","@id":"https:\/\/zank.de\/#website","url":"https:\/\/zank.de\/","name":"ZAnK","description":"Zentrale Anlaufstelle f\u00fcr grenz\u00fcberschreitende Kindschaftskonflikte und Mediation","publisher":{"@id":"https:\/\/zank.de\/#organization"},"potentialAction":[{"@type":"SearchAction","target":{"@type":"EntryPoint","urlTemplate":"https:\/\/zank.de\/?s={search_term_string}"},"query-input":{"@type":"PropertyValueSpecification","valueRequired":true,"valueName":"search_term_string"}}],"inLanguage":"fr-FR"},{"@type":"Organization","@id":"https:\/\/zank.de\/#organization","name":"ZAnK","url":"https:\/\/zank.de\/","logo":{"@type":"ImageObject","inLanguage":"fr-FR","@id":"https:\/\/zank.de\/#\/schema\/logo\/image\/","url":"https:\/\/zank.de\/wp-content\/uploads\/2021\/10\/ZANK_Logo.svg","contentUrl":"https:\/\/zank.de\/wp-content\/uploads\/2021\/10\/ZANK_Logo.svg","width":567,"height":172,"caption":"ZAnK"},"image":{"@id":"https:\/\/zank.de\/#\/schema\/logo\/image\/"}}]}},"_links":{"self":[{"href":"https:\/\/zank.de\/fr\/wp-json\/wp\/v2\/pages\/4558","targetHints":{"allow":["GET"]}}],"collection":[{"href":"https:\/\/zank.de\/fr\/wp-json\/wp\/v2\/pages"}],"about":[{"href":"https:\/\/zank.de\/fr\/wp-json\/wp\/v2\/types\/page"}],"author":[{"embeddable":true,"href":"https:\/\/zank.de\/fr\/wp-json\/wp\/v2\/users\/3"}],"replies":[{"embeddable":true,"href":"https:\/\/zank.de\/fr\/wp-json\/wp\/v2\/comments?post=4558"}],"version-history":[{"count":5,"href":"https:\/\/zank.de\/fr\/wp-json\/wp\/v2\/pages\/4558\/revisions"}],"predecessor-version":[{"id":4720,"href":"https:\/\/zank.de\/fr\/wp-json\/wp\/v2\/pages\/4558\/revisions\/4720"}],"wp:attachment":[{"href":"https:\/\/zank.de\/fr\/wp-json\/wp\/v2\/media?parent=4558"}],"curies":[{"name":"wp","href":"https:\/\/api.w.org\/{rel}","templated":true}]}}