{"id":2990,"date":"2021-10-04T10:07:40","date_gmt":"2021-10-04T08:07:40","guid":{"rendered":"https:\/\/zank.de\/home\/"},"modified":"2022-02-23T18:32:43","modified_gmt":"2022-02-23T17:32:43","slug":"home","status":"publish","type":"page","link":"https:\/\/zank.de\/fr\/","title":{"rendered":"Home"},"content":{"rendered":"\n<div class=\"wp-block-cover alignfull has-background-dim keyvisual\"><img loading=\"lazy\" decoding=\"async\" width=\"2363\" height=\"1791\" class=\"wp-block-cover__image-background wp-image-1819\" alt=\"\" src=\"https:\/\/zank.de\/wp-content\/uploads\/2021\/12\/DV_ZAnK_Webillu_KeyVisual_Header_1134x859px.png\" data-object-fit=\"cover\" srcset=\"https:\/\/zank.de\/wp-content\/uploads\/2021\/12\/DV_ZAnK_Webillu_KeyVisual_Header_1134x859px.png 2363w, https:\/\/zank.de\/wp-content\/uploads\/2021\/12\/DV_ZAnK_Webillu_KeyVisual_Header_1134x859px-400x303.png 400w, https:\/\/zank.de\/wp-content\/uploads\/2021\/12\/DV_ZAnK_Webillu_KeyVisual_Header_1134x859px-968x734.png 968w, https:\/\/zank.de\/wp-content\/uploads\/2021\/12\/DV_ZAnK_Webillu_KeyVisual_Header_1134x859px-1536x1164.png 1536w, https:\/\/zank.de\/wp-content\/uploads\/2021\/12\/DV_ZAnK_Webillu_KeyVisual_Header_1134x859px-2048x1552.png 2048w\" sizes=\"auto, (max-width: 2363px) 100vw, 2363px\" \/><div class=\"wp-block-cover__inner-container is-layout-flow wp-block-cover-is-layout-flow\">\n<div class=\"wp-block-theme-spacer d-none d-lg-block\" style=\"height:8.5rem\"><\/div>\n\n\n\n<div class=\"wp-block-columns is-style-breakpoint-md is-layout-flex wp-container-core-columns-is-layout-9d6595d7 wp-block-columns-is-layout-flex\">\n<div class=\"wp-block-column is-layout-flow wp-block-column-is-layout-flow\"><\/div>\n\n\n\n<div class=\"wp-block-column is-layout-flow wp-block-column-is-layout-flow\">\n<div class=\"wp-block-group has-primary-light-background-color has-background is-layout-flow wp-block-group-is-layout-flow\">\n<h1 class=\"wp-block-heading\" style=\"margin-bottom:0px\"><span><span>Au-del\u00e0 des fronti\u00e8res \u2013<\/span> <br>aide dans le cas de conflits <\/span><br><span>concernant des enfants<\/span><\/h1>\n<\/div>\n\n\n\n<div class=\"wp-block-group has-white-background-color has-background d-none d-lg-block is-layout-flow wp-block-group-is-layout-flow\">\n<p class=\"has-h-3-font-size\">En tant que<strong> point de contact central pour les conflits familiaux internationaux et la m\u00e9diation, <\/strong>ZAnK informe et oriente en cas de conflits familiaux transfronti\u00e8res.<\/p>\n<\/div>\n<\/div>\n<\/div>\n\n\n\n<div class=\"wp-block-theme-spacer d-none d-xxxl-block\" style=\"height:9rem\"><\/div>\n\n\n\n<div class=\"wp-block-theme-spacer d-none d-lg-block\" style=\"height:9.1rem\"><\/div>\n<\/div><\/div>\n\n\n\n<div class=\"wp-block-group d-lg-none is-layout-flow wp-block-group-is-layout-flow\" style=\"padding-top:15px;padding-bottom:15px\">\n<p class=\"has-h-3-font-size\">En tant que<strong> point de contact central pour les conflits familiaux internationaux et la m\u00e9diation, <\/strong>ZAnK informe et oriente en cas de conflits familiaux transfronti\u00e8res.<\/p>\n<\/div>\n\n\n\n<div class=\"wp-block-group alignfull has-primary-light-background-color has-background is-layout-constrained wp-container-core-group-is-layout-e727fd00 wp-block-group-is-layout-constrained\" style=\"padding-top:0rem;padding-bottom:3rem\">\n<h2 class=\"is-style-heading-h2 wp-block-heading\"><strong>Votre probl\u00e8me<\/strong><\/h2>\n\n\n\n<div class=\"wp-block-theme-spacer\" style=\"height:0.3rem\"><\/div>\n\n\n\n<div class=\"wp-block-columns is-layout-flex wp-container-core-columns-is-layout-9d6595d7 wp-block-columns-is-layout-flex\">\n<div class=\"wp-block-column is-layout-flow wp-block-column-is-layout-flow\">\n<div class=\"wp-block-group is-style-card is-layout-flow wp-block-group-is-layout-flow\" style=\"padding-top:29px;padding-bottom:32px\">\n<h3 class=\"wp-block-heading\" style=\"margin-bottom:16px\">Je veux m\u2019installer dans un autre pays avec mon enfant<\/h3>\n\n\n\n<div class=\"wp-block-buttons is-layout-flex wp-block-buttons-is-layout-flex\">\n<div class=\"wp-block-button\"><a class=\"wp-block-button__link\" href=\"https:\/\/zank.de\/fr\/notre-soutien-dans-les-cas-suivants\/je-veux-minstaller-seul-dans-un-autre-pays-avec-notre-enfant\/\" title=\"Seitenlik: Ich m\u00f6chte allein mit unserem Kind in ein anderes Land umziehen\">En savoir plus<\/a><\/div>\n<\/div>\n<\/div>\n<\/div>\n\n\n\n<div class=\"wp-block-column is-layout-flow wp-block-column-is-layout-flow\">\n<div class=\"wp-block-group is-style-card is-layout-flow wp-block-group-is-layout-flow\" style=\"padding-top:29px;padding-bottom:32px\">\n<h3 class=\"wp-block-heading\" style=\"margin-bottom:16px\">On me reproche d\u2019avoir enlev\u00e9 mon enfant<\/h3>\n\n\n\n<div class=\"wp-block-buttons is-layout-flex wp-block-buttons-is-layout-flex\">\n<div class=\"wp-block-button\"><a class=\"wp-block-button__link\" href=\"https:\/\/zank.de\/fr\/notre-soutien-dans-les-cas-suivants\/on-me-reproche-davoir-enleve-mon-enfant\/\" title=\"Seitenlink: Mir wird Kindesentf\u00fchrung vorgeworfen\">En savoir plus<\/a><\/div>\n<\/div>\n<\/div>\n<\/div>\n<\/div>\n\n\n\n<div class=\"wp-block-theme-spacer d-none d-md-block\" style=\"height:2.6rem\"><\/div>\n\n\n\n<div class=\"wp-block-columns is-layout-flex wp-container-core-columns-is-layout-9d6595d7 wp-block-columns-is-layout-flex\">\n<div class=\"wp-block-column is-layout-flow wp-block-column-is-layout-flow\">\n<div class=\"wp-block-group is-style-card is-layout-flow wp-block-group-is-layout-flow\" style=\"padding-top:29px;padding-bottom:38px\">\n<h3 class=\"wp-block-heading\" style=\"margin-bottom:16px\">Je crains un enl\u00e8vement parental<\/h3>\n\n\n\n<div class=\"wp-block-buttons is-layout-flex wp-block-buttons-is-layout-flex\">\n<div class=\"wp-block-button\"><a class=\"wp-block-button__link\" href=\"https:\/\/zank.de\/fr\/notre-soutien-dans-les-cas-suivants\/jai-peur-que-lautre-parent-enleve-notre-enfant-vers-un-autre-pays\/\" title=\"Ich habe Angst vor Kindesentf\u00fchrung\">En savoir plus<\/a><\/div>\n<\/div>\n<\/div>\n<\/div>\n\n\n\n<div class=\"wp-block-column is-layout-flow wp-block-column-is-layout-flow\">\n<div class=\"wp-block-group is-style-card is-layout-flow wp-block-group-is-layout-flow\" style=\"padding-top:29px;padding-bottom:38px\">\n<h3 class=\"wp-block-heading\" style=\"margin-bottom:16px\">Mon enfant a \u00e9t\u00e9 enlev\u00e9<\/h3>\n\n\n\n<div class=\"wp-block-buttons is-layout-flex wp-block-buttons-is-layout-flex\">\n<div class=\"wp-block-button\"><a class=\"wp-block-button__link\" href=\"https:\/\/zank.de\/fr\/notre-soutien-dans-les-cas-suivants\/mon-enfant-a-ete-enleve\/\" title=\"Seitenlink: Mein Kind wurde entf\u00fchrt\">En savoir plus<\/a><\/div>\n<\/div>\n<\/div>\n<\/div>\n<\/div>\n\n\n\n<div class=\"wp-block-theme-spacer\" style=\"height:1.4rem\"><\/div>\n<\/div>\n\n\n\n<div class=\"wp-block-group alignfull is-layout-constrained wp-container-core-group-is-layout-b836f330 wp-block-group-is-layout-constrained\">\n<div class=\"wp-block-theme-spacer\" style=\"height:5.9rem\"><\/div>\n\n\n\n<h2 class=\"is-style-heading-h2 wp-block-heading\"><strong>Notre service<\/strong><\/h2>\n\n\n\n<div class=\"wp-block-columns is-layout-flex wp-container-core-columns-is-layout-9d6595d7 wp-block-columns-is-layout-flex\">\n<div class=\"wp-block-column is-layout-flow wp-block-column-is-layout-flow\">\n<p>Qu\u2019il s\u2019agisse de conflits relatifs \u00e0 l\u2019autorit\u00e9 parentale, au droit de garde de l\u2019enfant et au droit de maintien de relations personnelles, de visite et d\u2019h\u00e9bergement, ou d\u2019un enl\u00e8vement d\u2019enfant hors d\u2019Allemagne ou vers l\u2019Allemagne, nous sommes \u00e0 votre \u00e9coute et vous apportons notre soutien. Notre service de conseil en ligne et t\u00e9l\u00e9phonique vous donne une premi\u00e8re orientation et vous aide \u00e0 trouver des solutions individuelles.<\/p>\n\n\n\n<p>Pour ZanK, <strong>l\u2019int\u00e9r\u00eat sup\u00e9rieur de l\u2019enfant est la priorit\u00e9 principale <\/strong>; nous restons <strong>impartiaux<\/strong> vis-\u00e0-vis des parents. Nous faisons partie du Service social international (SSI), et nos consultants, <strong>connect\u00e9s dans le monde entier<\/strong>, vous orientent si n\u00e9cessaire sur des services locaux qui peuvent vous aider.<\/p>\n\n\n\n<p>Mandat\u00e9s par le gouvernement f\u00e9d\u00e9ral allemand, notre service s\u2019adresse aux <strong>parents \u00e0 la recherche de conseils, aux enfants concern\u00e9s et \u00e0 leur entourage<\/strong>. De m\u00eame, nous nous adressons \u00e0 des <strong>juristes <\/strong>et des <strong>professionnels du secteur social<\/strong>, en particulier aux services et organismes de protection et d\u2019aide \u00e0 l\u2019enfance et \u00e0 la jeunesse.<\/p>\n\n\n\n<div class=\"wp-block-buttons is-layout-flex wp-block-buttons-is-layout-flex\">\n<div class=\"wp-block-button\"><a class=\"wp-block-button__link\" href=\"https:\/\/zank.de\/fr\/a-propos-de-zank\/notre-offre\/\">Ce que nous pouvons faire pour vous<\/a><\/div>\n<\/div>\n<\/div>\n\n\n\n<div class=\"wp-block-column is-layout-flow wp-block-column-is-layout-flow\" style=\"flex-basis:31%\">\n<figure class=\"wp-block-image size-full\"><img loading=\"lazy\" decoding=\"async\" width=\"768\" height=\"567\" src=\"https:\/\/zank.de\/wp-content\/uploads\/2021\/12\/DV_ZAnK_Webillu_Angebot_368x272px.png\" alt=\"\" class=\"wp-image-1807\" srcset=\"https:\/\/zank.de\/wp-content\/uploads\/2021\/12\/DV_ZAnK_Webillu_Angebot_368x272px.png 768w, https:\/\/zank.de\/wp-content\/uploads\/2021\/12\/DV_ZAnK_Webillu_Angebot_368x272px-400x295.png 400w\" sizes=\"auto, (max-width: 768px) 100vw, 768px\" \/><\/figure>\n<\/div>\n<\/div>\n\n\n\n<div class=\"wp-block-theme-spacer\" style=\"height:4.3rem\"><\/div>\n\n\n\n<h2 class=\"is-style-heading-h2 wp-block-heading\"><strong>Trouver des interlocuteurs dans le monde entier<\/strong><\/h2>\n\n\n\n<div class=\"wp-block-columns is-layout-flex wp-container-core-columns-is-layout-9d6595d7 wp-block-columns-is-layout-flex\">\n<div class=\"wp-block-column is-layout-flow wp-block-column-is-layout-flow\" style=\"flex-basis:69.66%\">\n<figure class=\"wp-block-image size-full\"><img loading=\"lazy\" decoding=\"async\" width=\"768\" height=\"344\" src=\"https:\/\/zank.de\/wp-content\/uploads\/2021\/12\/Adressdatenbank.jpg\" alt=\"Weltkarte mit Markierungen f\u00fcr Beratungsangebote\" class=\"wp-image-2977\" srcset=\"https:\/\/zank.de\/wp-content\/uploads\/2021\/12\/Adressdatenbank.jpg 768w, https:\/\/zank.de\/wp-content\/uploads\/2021\/12\/Adressdatenbank-400x179.jpg 400w\" sizes=\"auto, (max-width: 768px) 100vw, 768px\" \/><\/figure>\n<\/div>\n\n\n\n<div class=\"wp-block-column is-layout-flow wp-block-column-is-layout-flow\" style=\"flex-basis:33.33%\">\n<p style=\"margin-bottom:27px\">O\u00f9 pouvez-vous trouver un soutien ? \u00c0 qui pouvez-vous vous adresser \u00e0 votre lieu de r\u00e9sidence ou compte tenu de votre probl\u00e8me sp\u00e9cifique ? Notre r\u00e9pertoire d\u2019adresses facilite la recherche d\u2019un interlocuteur appropri\u00e9. Vous y trouverez entre autres des avocats sp\u00e9cialis\u00e9s, des offres psychosociales ou th\u00e9rapeutiques, des centres de conseil pour les familles, ainsi que des centrales de m\u00e9diation. La recherche est possible en anglais et en allemand.<\/p>\n\n\n\n<div class=\"wp-block-buttons is-layout-flex wp-block-buttons-is-layout-flex\">\n<div class=\"wp-block-button\"><a class=\"wp-block-button__link\" href=\"https:\/\/zank.de\/en\/materials-addresses\/contacts\/\">Passer au r\u00e9pertoire d\u2019adresses<\/a><\/div>\n<\/div>\n<\/div>\n<\/div>\n\n\n\n<div class=\"wp-block-theme-spacer\" style=\"height:4.8rem\"><\/div>\n<\/div>\n","protected":false},"excerpt":{"rendered":"<p>En tant que point de contact central pour les conflits familiaux internationaux et la m\u00e9diation, ZAnK informe et oriente en cas de conflits familiaux transfronti\u00e8res. Votre probl\u00e8me Je veux m\u2019installer dans un autre pays avec mon enfant On me reproche d\u2019avoir enlev\u00e9 mon enfant Je crains un enl\u00e8vement parental Mon enfant a \u00e9t\u00e9 enlev\u00e9 Notre [&hellip;]<\/p>\n","protected":false},"author":1,"featured_media":0,"parent":0,"menu_order":0,"comment_status":"closed","ping_status":"closed","template":"","meta":{"_acf_changed":false,"footnotes":""},"class_list":["post-2990","page","type-page","status-publish","hentry"],"acf":[],"yoast_head":"<!-- This site is optimized with the Yoast SEO plugin v27.2 - https:\/\/yoast.com\/product\/yoast-seo-wordpress\/ -->\n<title>Home &#8226; ZAnK<\/title>\n<meta name=\"robots\" content=\"index, follow, max-snippet:-1, max-image-preview:large, max-video-preview:-1\" \/>\n<link rel=\"canonical\" href=\"https:\/\/zank.de\/fr\/\" \/>\n<meta property=\"og:locale\" content=\"fr_FR\" \/>\n<meta property=\"og:type\" content=\"article\" \/>\n<meta property=\"og:title\" content=\"Home &#8226; ZAnK\" \/>\n<meta property=\"og:description\" content=\"En tant que point de contact central pour les conflits familiaux internationaux et la m\u00e9diation, ZAnK informe et oriente en cas de conflits familiaux transfronti\u00e8res. Votre probl\u00e8me Je veux m\u2019installer dans un autre pays avec mon enfant On me reproche d\u2019avoir enlev\u00e9 mon enfant Je crains un enl\u00e8vement parental Mon enfant a \u00e9t\u00e9 enlev\u00e9 Notre [&hellip;]\" \/>\n<meta property=\"og:url\" content=\"https:\/\/zank.de\/fr\/\" \/>\n<meta property=\"og:site_name\" content=\"ZAnK\" \/>\n<meta property=\"article:modified_time\" content=\"2022-02-23T17:32:43+00:00\" \/>\n<meta property=\"og:image\" content=\"https:\/\/zank.de\/wp-content\/uploads\/2021\/12\/DV_ZAnK_Webillu_KeyVisual_Header_1134x859px.png\" \/>\n<meta name=\"twitter:card\" content=\"summary_large_image\" \/>\n<meta name=\"twitter:label1\" content=\"Est. reading time\" \/>\n\t<meta name=\"twitter:data1\" content=\"3 minutes\" \/>\n<script type=\"application\/ld+json\" class=\"yoast-schema-graph\">{\"@context\":\"https:\/\/schema.org\",\"@graph\":[{\"@type\":\"WebPage\",\"@id\":\"https:\/\/zank.de\/fr\/\",\"url\":\"https:\/\/zank.de\/fr\/\",\"name\":\"Home &#8226; ZAnK\",\"isPartOf\":{\"@id\":\"https:\/\/zank.de\/#website\"},\"primaryImageOfPage\":{\"@id\":\"https:\/\/zank.de\/fr\/#primaryimage\"},\"image\":{\"@id\":\"https:\/\/zank.de\/fr\/#primaryimage\"},\"thumbnailUrl\":\"https:\/\/zank.de\/wp-content\/uploads\/2021\/12\/DV_ZAnK_Webillu_KeyVisual_Header_1134x859px.png\",\"datePublished\":\"2021-10-04T08:07:40+00:00\",\"dateModified\":\"2022-02-23T17:32:43+00:00\",\"breadcrumb\":{\"@id\":\"https:\/\/zank.de\/fr\/#breadcrumb\"},\"inLanguage\":\"fr-FR\",\"potentialAction\":[{\"@type\":\"ReadAction\",\"target\":[\"https:\/\/zank.de\/fr\/\"]}]},{\"@type\":\"ImageObject\",\"inLanguage\":\"fr-FR\",\"@id\":\"https:\/\/zank.de\/fr\/#primaryimage\",\"url\":\"https:\/\/zank.de\/wp-content\/uploads\/2021\/12\/DV_ZAnK_Webillu_KeyVisual_Header_1134x859px.png\",\"contentUrl\":\"https:\/\/zank.de\/wp-content\/uploads\/2021\/12\/DV_ZAnK_Webillu_KeyVisual_Header_1134x859px.png\"},{\"@type\":\"BreadcrumbList\",\"@id\":\"https:\/\/zank.de\/fr\/#breadcrumb\",\"itemListElement\":[{\"@type\":\"ListItem\",\"position\":1,\"name\":\"Startseite\",\"item\":\"https:\/\/zank.de\/fr\/\"},{\"@type\":\"ListItem\",\"position\":2,\"name\":\"Home\"}]},{\"@type\":\"WebSite\",\"@id\":\"https:\/\/zank.de\/#website\",\"url\":\"https:\/\/zank.de\/\",\"name\":\"ZAnK\",\"description\":\"Zentrale Anlaufstelle f\u00fcr grenz\u00fcberschreitende Kindschaftskonflikte und Mediation\",\"publisher\":{\"@id\":\"https:\/\/zank.de\/#organization\"},\"potentialAction\":[{\"@type\":\"SearchAction\",\"target\":{\"@type\":\"EntryPoint\",\"urlTemplate\":\"https:\/\/zank.de\/?s={search_term_string}\"},\"query-input\":{\"@type\":\"PropertyValueSpecification\",\"valueRequired\":true,\"valueName\":\"search_term_string\"}}],\"inLanguage\":\"fr-FR\"},{\"@type\":\"Organization\",\"@id\":\"https:\/\/zank.de\/#organization\",\"name\":\"ZAnK\",\"url\":\"https:\/\/zank.de\/\",\"logo\":{\"@type\":\"ImageObject\",\"inLanguage\":\"fr-FR\",\"@id\":\"https:\/\/zank.de\/#\/schema\/logo\/image\/\",\"url\":\"https:\/\/zank.de\/wp-content\/uploads\/2021\/10\/ZANK_Logo.svg\",\"contentUrl\":\"https:\/\/zank.de\/wp-content\/uploads\/2021\/10\/ZANK_Logo.svg\",\"width\":567,\"height\":172,\"caption\":\"ZAnK\"},\"image\":{\"@id\":\"https:\/\/zank.de\/#\/schema\/logo\/image\/\"}}]}<\/script>\n<!-- \/ Yoast SEO plugin. -->","yoast_head_json":{"title":"Home &#8226; ZAnK","robots":{"index":"index","follow":"follow","max-snippet":"max-snippet:-1","max-image-preview":"max-image-preview:large","max-video-preview":"max-video-preview:-1"},"canonical":"https:\/\/zank.de\/fr\/","og_locale":"fr_FR","og_type":"article","og_title":"Home &#8226; ZAnK","og_description":"En tant que point de contact central pour les conflits familiaux internationaux et la m\u00e9diation, ZAnK informe et oriente en cas de conflits familiaux transfronti\u00e8res. Votre probl\u00e8me Je veux m\u2019installer dans un autre pays avec mon enfant On me reproche d\u2019avoir enlev\u00e9 mon enfant Je crains un enl\u00e8vement parental Mon enfant a \u00e9t\u00e9 enlev\u00e9 Notre [&hellip;]","og_url":"https:\/\/zank.de\/fr\/","og_site_name":"ZAnK","article_modified_time":"2022-02-23T17:32:43+00:00","og_image":[{"url":"https:\/\/zank.de\/wp-content\/uploads\/2021\/12\/DV_ZAnK_Webillu_KeyVisual_Header_1134x859px.png","type":"","width":"","height":""}],"twitter_card":"summary_large_image","twitter_misc":{"Est. reading time":"3 minutes"},"schema":{"@context":"https:\/\/schema.org","@graph":[{"@type":"WebPage","@id":"https:\/\/zank.de\/fr\/","url":"https:\/\/zank.de\/fr\/","name":"Home &#8226; ZAnK","isPartOf":{"@id":"https:\/\/zank.de\/#website"},"primaryImageOfPage":{"@id":"https:\/\/zank.de\/fr\/#primaryimage"},"image":{"@id":"https:\/\/zank.de\/fr\/#primaryimage"},"thumbnailUrl":"https:\/\/zank.de\/wp-content\/uploads\/2021\/12\/DV_ZAnK_Webillu_KeyVisual_Header_1134x859px.png","datePublished":"2021-10-04T08:07:40+00:00","dateModified":"2022-02-23T17:32:43+00:00","breadcrumb":{"@id":"https:\/\/zank.de\/fr\/#breadcrumb"},"inLanguage":"fr-FR","potentialAction":[{"@type":"ReadAction","target":["https:\/\/zank.de\/fr\/"]}]},{"@type":"ImageObject","inLanguage":"fr-FR","@id":"https:\/\/zank.de\/fr\/#primaryimage","url":"https:\/\/zank.de\/wp-content\/uploads\/2021\/12\/DV_ZAnK_Webillu_KeyVisual_Header_1134x859px.png","contentUrl":"https:\/\/zank.de\/wp-content\/uploads\/2021\/12\/DV_ZAnK_Webillu_KeyVisual_Header_1134x859px.png"},{"@type":"BreadcrumbList","@id":"https:\/\/zank.de\/fr\/#breadcrumb","itemListElement":[{"@type":"ListItem","position":1,"name":"Startseite","item":"https:\/\/zank.de\/fr\/"},{"@type":"ListItem","position":2,"name":"Home"}]},{"@type":"WebSite","@id":"https:\/\/zank.de\/#website","url":"https:\/\/zank.de\/","name":"ZAnK","description":"Zentrale Anlaufstelle f\u00fcr grenz\u00fcberschreitende Kindschaftskonflikte und Mediation","publisher":{"@id":"https:\/\/zank.de\/#organization"},"potentialAction":[{"@type":"SearchAction","target":{"@type":"EntryPoint","urlTemplate":"https:\/\/zank.de\/?s={search_term_string}"},"query-input":{"@type":"PropertyValueSpecification","valueRequired":true,"valueName":"search_term_string"}}],"inLanguage":"fr-FR"},{"@type":"Organization","@id":"https:\/\/zank.de\/#organization","name":"ZAnK","url":"https:\/\/zank.de\/","logo":{"@type":"ImageObject","inLanguage":"fr-FR","@id":"https:\/\/zank.de\/#\/schema\/logo\/image\/","url":"https:\/\/zank.de\/wp-content\/uploads\/2021\/10\/ZANK_Logo.svg","contentUrl":"https:\/\/zank.de\/wp-content\/uploads\/2021\/10\/ZANK_Logo.svg","width":567,"height":172,"caption":"ZAnK"},"image":{"@id":"https:\/\/zank.de\/#\/schema\/logo\/image\/"}}]}},"_links":{"self":[{"href":"https:\/\/zank.de\/fr\/wp-json\/wp\/v2\/pages\/2990","targetHints":{"allow":["GET"]}}],"collection":[{"href":"https:\/\/zank.de\/fr\/wp-json\/wp\/v2\/pages"}],"about":[{"href":"https:\/\/zank.de\/fr\/wp-json\/wp\/v2\/types\/page"}],"author":[{"embeddable":true,"href":"https:\/\/zank.de\/fr\/wp-json\/wp\/v2\/users\/1"}],"replies":[{"embeddable":true,"href":"https:\/\/zank.de\/fr\/wp-json\/wp\/v2\/comments?post=2990"}],"version-history":[{"count":8,"href":"https:\/\/zank.de\/fr\/wp-json\/wp\/v2\/pages\/2990\/revisions"}],"predecessor-version":[{"id":4888,"href":"https:\/\/zank.de\/fr\/wp-json\/wp\/v2\/pages\/2990\/revisions\/4888"}],"wp:attachment":[{"href":"https:\/\/zank.de\/fr\/wp-json\/wp\/v2\/media?parent=2990"}],"curies":[{"name":"wp","href":"https:\/\/api.w.org\/{rel}","templated":true}]}}