{"id":4790,"date":"2021-11-01T15:58:36","date_gmt":"2021-11-01T14:58:36","guid":{"rendered":"https:\/\/zank.de\/wer-wir-sind\/"},"modified":"2022-02-14T18:27:50","modified_gmt":"2022-02-14T17:27:50","slug":"quienes-somos","status":"publish","type":"page","link":"https:\/\/zank.de\/es\/sobre-nosotros\/quienes-somos\/","title":{"rendered":"Qui\u00e9nes somos"},"content":{"rendered":"\n<p class=\"has-lead-font-size\" style=\"margin-bottom:39px\">Las crisis en las familias se presentan de muchas formas. No hay respuestas f\u00e1ciles a los conflictos de ni\u00f1os que implican a pa\u00edses extranjeros, ya sean disputas sobre la custodia y el derecho de visita o la sustracci\u00f3n de un ni\u00f1o desde o hacia Alemania. Los padres a menudo se sienten solos, incluso los profesionales tienen dudas al respecto. Por ello, desde hace diez a\u00f1os ofrecemos informaci\u00f3n interdisciplinar sobre las formas de afrontar el conflicto.<\/p>\n\n\n\n<h2 class=\"is-style-heading-h2 wp-block-heading\" style=\"margin-bottom:51px\"><strong>Nuestro equipo del Servicio Social Internacional<\/strong><\/h2>\n\n\n\n<div class=\"wp-block-group alignfull is-layout-constrained wp-container-core-group-is-layout-b836f330 wp-block-group-is-layout-constrained\">\n<div class=\"wp-block-image\"><figure class=\"aligncenter size-full\"><img loading=\"lazy\" decoding=\"async\" width=\"767\" height=\"499\" src=\"https:\/\/zank.de\/wp-content\/uploads\/2021\/12\/DV_ZAnK_Webillu_UeberUns_368x239px.png\" alt=\"\" class=\"wp-image-1853\" srcset=\"https:\/\/zank.de\/wp-content\/uploads\/2021\/12\/DV_ZAnK_Webillu_UeberUns_368x239px.png 767w, https:\/\/zank.de\/wp-content\/uploads\/2021\/12\/DV_ZAnK_Webillu_UeberUns_368x239px-400x260.png 400w\" sizes=\"auto, (max-width: 767px) 100vw, 767px\" \/><\/figure><\/div>\n<\/div>\n\n\n\n<div class=\"wp-block-theme-spacer\" style=\"height:1.5rem\"><\/div>\n\n\n\n<p style=\"margin-bottom:43px\">ZAnK es un servicio ofrecido por el Servicio Social Internacional. Como campo de trabajo de la Asociaci\u00f3n Alemana para el Bienestar P\u00fablico y Privado (Deutscher Verein f\u00fcr \u00f6ffentliche und private F\u00fcrsorge e.V.), cuenta con diez empleados fijos. Dos <strong>abogados <\/strong>y cinco <strong>trabajadores sociales <\/strong>le asesoran y cuentan con el apoyo de dos <strong>asistentes <\/strong>sociales y un traductor.<\/p>\n\n\n\n<div class=\"wp-block-group alignfull is-layout-constrained wp-container-core-group-is-layout-b836f330 wp-block-group-is-layout-constrained\">\n<div class=\"wp-block-columns is-style-breakpoint-md is-layout-flex wp-container-core-columns-is-layout-9d6595d7 wp-block-columns-is-layout-flex\">\n<div class=\"wp-block-column is-layout-flow wp-block-column-is-layout-flow\">\n<div class=\"wp-block-group rounded-number has-primary-light-background-color has-background is-layout-flow wp-block-group-is-layout-flow\">\n<p class=\"has-text-align-center\">Servicio social <br>internacional <br>desde hace<\/p>\n\n\n\n<p class=\"has-text-align-center\"><strong>90<\/strong><\/p>\n\n\n\n<p class=\"has-text-align-center\">a\u00f1os<\/p>\n<\/div>\n<\/div>\n\n\n\n<div class=\"wp-block-column is-layout-flow wp-block-column-is-layout-flow\">\n<div class=\"wp-block-group rounded-number has-primary-light-background-color has-background is-layout-flow wp-block-group-is-layout-flow\">\n<p class=\"has-text-align-center\">M\u00e1s de<\/p>\n\n\n\n<p class=\"has-text-align-center\"><strong>120<\/strong><\/p>\n\n\n\n<p class=\"has-text-align-center\">cooperaciones y <br>contactos en todo <br>el mundo<\/p>\n<\/div>\n<\/div>\n\n\n\n<div class=\"wp-block-column is-layout-flow wp-block-column-is-layout-flow\">\n<div class=\"wp-block-group rounded-number has-primary-light-background-color has-background is-layout-flow wp-block-group-is-layout-flow\">\n<p class=\"has-text-align-center\">Mandato como <br>ZAnK durante<\/p>\n\n\n\n<p class=\"has-text-align-center\"><strong>10<\/strong><\/p>\n\n\n\n<p class=\"has-text-align-center\">a\u00f1os<\/p>\n<\/div>\n<\/div>\n\n\n\n<div class=\"wp-block-column is-layout-flow wp-block-column-is-layout-flow\">\n<div class=\"wp-block-group rounded-number has-primary-light-background-color has-background is-layout-flow wp-block-group-is-layout-flow\">\n<div class=\"wp-block-theme-spacer\" style=\"height:2rem\"><\/div>\n\n\n\n<p class=\"has-text-align-center\"><strong>1000<\/strong><\/p>\n\n\n\n<p class=\"has-text-align-center\">esiones de <br>asesoramiento al a\u00f1o<\/p>\n<\/div>\n<\/div>\n<\/div>\n<\/div>\n\n\n\n<div class=\"wp-block-theme-spacer\" style=\"height:2.1rem\"><\/div>\n\n\n\n<div class=\"wp-block-theme-icons wp-block-buttons icon-offset\">\n<div class=\"wp-block-theme-icon wp-block-button has-secondary-color has-text-color\"><div class=\"wp-block-theme-icon-innen\"><svg class=\"icon check-circle icon-size-7\" xmlns=\"http:\/\/www.w3.org\/2000\/svg\" focusable=\"false\" aria-hidden=\"true\"><use href=\"#check-circle\"><\/use><\/svg><\/div><\/div>\n\n\n\n<h3 class=\"wp-block-heading\">Trabajamos de forma interdisciplinar<\/h3>\n<\/div>\n\n\n\n<div class=\"wp-block-group is-layout-flow wp-block-group-is-layout-flow\">\n<p>Con nuestras diferentes cualificaciones, podemos responder bien a la complejidad de la mayor\u00eda de las preocupaciones. El equipo tiene formaci\u00f3n adicional en supervisi\u00f3n, mediaci\u00f3n o como especialistas en protecci\u00f3n de la infancia (INSOFA). Otros consejeros tienen un m\u00e1ster en derechos del ni\u00f1o o en resoluci\u00f3n de conflictos interculturales.<\/p>\n\n\n\n<p>Independientemente de con qui\u00e9n hables, <strong>te asesoramos en cuestiones jur\u00eddicas y socioeducativas.<\/strong><\/p>\n<\/div>\n\n\n\n<div class=\"wp-block-theme-icons wp-block-buttons icon-offset\">\n<div class=\"wp-block-theme-icon wp-block-button has-secondary-color has-text-color\"><div class=\"wp-block-theme-icon-innen\"><svg class=\"icon check-circle icon-size-7\" xmlns=\"http:\/\/www.w3.org\/2000\/svg\" focusable=\"false\" aria-hidden=\"true\"><use href=\"#check-circle\"><\/use><\/svg><\/div><\/div>\n\n\n\n<h3 class=\"wp-block-heading\">Aportamos conocimientos de la experiencia de nuestro pa\u00eds y del extranjero<\/h3>\n<\/div>\n\n\n\n<div class=\"wp-block-group is-layout-flow wp-block-group-is-layout-flow\">\n<p class=\"icon-offset\">Llevamos <strong>muchos a\u00f1os asesorando <\/strong>en conflictos familiares relacionados con el extranjero.&nbsp; Todos los miembros del equipo tienen tambi\u00e9n <strong>experiencia profesional en el extranjero<\/strong>. Esto nos ayuda a menudo, porque adem\u00e1s de tratar el conflicto real, suele haber cuestiones de derecho internacional y extranjero. Tambi\u00e9n influyen los diferentes valores culturales.<\/p>\n<\/div>\n\n\n\n<div class=\"wp-block-theme-icons wp-block-buttons icon-offset\">\n<div class=\"wp-block-theme-icon wp-block-button has-secondary-color has-text-color\"><div class=\"wp-block-theme-icon-innen\"><svg class=\"icon check-circle icon-size-7\" xmlns=\"http:\/\/www.w3.org\/2000\/svg\" focusable=\"false\" aria-hidden=\"true\"><use href=\"#check-circle\"><\/use><\/svg><\/div><\/div>\n\n\n\n<h3 class=\"wp-block-heading\">Asesoramos en diferentes idiomas<\/h3>\n<\/div>\n\n\n\n<div class=\"wp-block-group is-layout-flow wp-block-group-is-layout-flow\">\n<p>Para apoyarle, hablamos varios idiomas <strong>adem\u00e1s del alem\u00e1n<\/strong>: actualmente <strong>ingl\u00e9s, espa\u00f1ol y franc\u00e9s<\/strong>. Si necesita asesoramiento en otro idioma, p\u00f3ngase en contacto con nosotros de todos modos. Hasta ahora, siempre hemos encontrado una soluci\u00f3n individual.<\/p>\n\n\n\n<p>Puede aprovechar nuestro <strong>asesoramiento por tel\u00e9fono o por correo electr\u00f3nico.<\/strong> No es posible una consulta personal en nuestra oficina.<\/p>\n\n\n\n<p><strong>No podemos ofrecer asesoramiento jur\u00eddico en sentido estricto.<\/strong> En caso necesario, podemos facilitarle informaci\u00f3n sobre abogados especializados; utilice tambi\u00e9n nuestro <a href=\"https:\/\/zank.de\/en\/materials-addresses\/contacts\/\">directorio de direcciones<\/a>.<\/p>\n<\/div>\n\n\n\n<div class=\"wp-block-theme-spacer\" style=\"height:2.2rem\"><\/div>\n\n\n\n<div class=\"wp-block-group alignfull has-primary-light-background-color has-background is-layout-constrained wp-container-core-group-is-layout-22714b9e wp-block-group-is-layout-constrained\" style=\"padding-top:70px;padding-bottom:70px\">\n<div class=\"wp-block-columns is-style-default is-layout-flex wp-container-core-columns-is-layout-9d6595d7 wp-block-columns-is-layout-flex\">\n<div class=\"wp-block-column is-layout-flow wp-block-column-is-layout-flow\">\n<div class=\"wp-block-group is-style-card is-layout-flow wp-block-group-is-layout-flow\" style=\"padding-top:26px\">\n<h3 class=\"wp-block-heading\" style=\"margin-bottom:15px\">Establecer normas<\/h3>\n\n\n\n<div class=\"wp-block-buttons is-layout-flex wp-block-buttons-is-layout-flex\">\n<div class=\"wp-block-button\"><a class=\"wp-block-button__link\" href=\"https:\/\/zank.de\/es\/ayuda-con\/derecho-de-acceso\/\">Derecho de acceso<\/a><\/div>\n<\/div>\n<\/div>\n<\/div>\n\n\n\n<div class=\"wp-block-column is-layout-flow wp-block-column-is-layout-flow\">\n<div class=\"wp-block-group is-style-card is-layout-flow wp-block-group-is-layout-flow\" style=\"padding-top:26px\">\n<h3 class=\"wp-block-heading\" style=\"margin-bottom:15px\">Por qu\u00e9 ZAnK<\/h3>\n\n\n\n<div class=\"wp-block-buttons is-layout-flex wp-block-buttons-is-layout-flex\">\n<div class=\"wp-block-button\"><a class=\"wp-block-button__link\" href=\"https:\/\/zank.de\/es\/sobre-nosotros\/nuestra-oferta\/\">Nuestra oferta<\/a><\/div>\n<\/div>\n<\/div>\n<\/div>\n\n\n\n<div class=\"wp-block-column is-layout-flow wp-block-column-is-layout-flow\">\n<div class=\"wp-block-group is-style-card is-layout-flow wp-block-group-is-layout-flow\" style=\"padding-top:26px\">\n<h3 class=\"wp-block-heading\" style=\"margin-bottom:15px\">Contacte con<\/h3>\n\n\n\n<div class=\"wp-block-buttons is-layout-flex wp-block-buttons-is-layout-flex\">\n<div class=\"wp-block-button\"><a class=\"wp-block-button__link\" href=\"https:\/\/zank.de\/es\/contacto-su-camino-hacia-el-asesoramiento\/\">A la consulta<\/a><\/div>\n<\/div>\n<\/div>\n<\/div>\n<\/div>\n<\/div>\n","protected":false},"excerpt":{"rendered":"<p>Las crisis en las familias se presentan de muchas formas. No hay respuestas f\u00e1ciles a los conflictos de ni\u00f1os que implican a pa\u00edses extranjeros, ya sean disputas sobre la custodia y el derecho de visita o la sustracci\u00f3n de un ni\u00f1o desde o hacia Alemania. Los padres a menudo se sienten solos, incluso los profesionales [&hellip;]<\/p>\n","protected":false},"author":1,"featured_media":0,"parent":2926,"menu_order":0,"comment_status":"closed","ping_status":"closed","template":"","meta":{"_acf_changed":false,"footnotes":""},"class_list":["post-4790","page","type-page","status-publish","hentry"],"acf":[],"yoast_head":"<!-- This site is optimized with the Yoast SEO plugin v27.2 - https:\/\/yoast.com\/product\/yoast-seo-wordpress\/ -->\n<title>Qui\u00e9nes somos &#8226; ZAnK<\/title>\n<meta name=\"robots\" content=\"index, follow, max-snippet:-1, max-image-preview:large, max-video-preview:-1\" \/>\n<link rel=\"canonical\" href=\"https:\/\/zank.de\/es\/sobre-nosotros\/quienes-somos\/\" \/>\n<meta property=\"og:locale\" content=\"es_ES\" \/>\n<meta property=\"og:type\" content=\"article\" \/>\n<meta property=\"og:title\" content=\"Qui\u00e9nes somos &#8226; ZAnK\" \/>\n<meta property=\"og:description\" content=\"Las crisis en las familias se presentan de muchas formas. No hay respuestas f\u00e1ciles a los conflictos de ni\u00f1os que implican a pa\u00edses extranjeros, ya sean disputas sobre la custodia y el derecho de visita o la sustracci\u00f3n de un ni\u00f1o desde o hacia Alemania. Los padres a menudo se sienten solos, incluso los profesionales [&hellip;]\" \/>\n<meta property=\"og:url\" content=\"https:\/\/zank.de\/es\/sobre-nosotros\/quienes-somos\/\" \/>\n<meta property=\"og:site_name\" content=\"ZAnK\" \/>\n<meta property=\"article:modified_time\" content=\"2022-02-14T17:27:50+00:00\" \/>\n<meta property=\"og:image\" content=\"https:\/\/zank.de\/wp-content\/uploads\/2021\/12\/DV_ZAnK_Webillu_UeberUns_368x239px.png\" \/>\n<meta name=\"twitter:card\" content=\"summary_large_image\" \/>\n<meta name=\"twitter:label1\" content=\"Est. reading time\" \/>\n\t<meta name=\"twitter:data1\" content=\"3 minutes\" \/>\n<script type=\"application\/ld+json\" class=\"yoast-schema-graph\">{\"@context\":\"https:\/\/schema.org\",\"@graph\":[{\"@type\":\"WebPage\",\"@id\":\"https:\/\/zank.de\/es\/sobre-nosotros\/quienes-somos\/\",\"url\":\"https:\/\/zank.de\/es\/sobre-nosotros\/quienes-somos\/\",\"name\":\"Qui\u00e9nes somos &#8226; ZAnK\",\"isPartOf\":{\"@id\":\"https:\/\/zank.de\/#website\"},\"primaryImageOfPage\":{\"@id\":\"https:\/\/zank.de\/es\/sobre-nosotros\/quienes-somos\/#primaryimage\"},\"image\":{\"@id\":\"https:\/\/zank.de\/es\/sobre-nosotros\/quienes-somos\/#primaryimage\"},\"thumbnailUrl\":\"https:\/\/zank.de\/wp-content\/uploads\/2021\/12\/DV_ZAnK_Webillu_UeberUns_368x239px.png\",\"datePublished\":\"2021-11-01T14:58:36+00:00\",\"dateModified\":\"2022-02-14T17:27:50+00:00\",\"breadcrumb\":{\"@id\":\"https:\/\/zank.de\/es\/sobre-nosotros\/quienes-somos\/#breadcrumb\"},\"inLanguage\":\"es-ES\",\"potentialAction\":[{\"@type\":\"ReadAction\",\"target\":[\"https:\/\/zank.de\/es\/sobre-nosotros\/quienes-somos\/\"]}]},{\"@type\":\"ImageObject\",\"inLanguage\":\"es-ES\",\"@id\":\"https:\/\/zank.de\/es\/sobre-nosotros\/quienes-somos\/#primaryimage\",\"url\":\"https:\/\/zank.de\/wp-content\/uploads\/2021\/12\/DV_ZAnK_Webillu_UeberUns_368x239px.png\",\"contentUrl\":\"https:\/\/zank.de\/wp-content\/uploads\/2021\/12\/DV_ZAnK_Webillu_UeberUns_368x239px.png\"},{\"@type\":\"BreadcrumbList\",\"@id\":\"https:\/\/zank.de\/es\/sobre-nosotros\/quienes-somos\/#breadcrumb\",\"itemListElement\":[{\"@type\":\"ListItem\",\"position\":1,\"name\":\"Startseite\",\"item\":\"https:\/\/zank.de\/es\/\"},{\"@type\":\"ListItem\",\"position\":2,\"name\":\"Sobre nosotros\",\"item\":\"https:\/\/zank.de\/es\/sobre-nosotros\/\"},{\"@type\":\"ListItem\",\"position\":3,\"name\":\"Qui\u00e9nes somos\"}]},{\"@type\":\"WebSite\",\"@id\":\"https:\/\/zank.de\/#website\",\"url\":\"https:\/\/zank.de\/\",\"name\":\"ZAnK\",\"description\":\"Zentrale Anlaufstelle f\u00fcr grenz\u00fcberschreitende Kindschaftskonflikte und Mediation\",\"publisher\":{\"@id\":\"https:\/\/zank.de\/#organization\"},\"potentialAction\":[{\"@type\":\"SearchAction\",\"target\":{\"@type\":\"EntryPoint\",\"urlTemplate\":\"https:\/\/zank.de\/?s={search_term_string}\"},\"query-input\":{\"@type\":\"PropertyValueSpecification\",\"valueRequired\":true,\"valueName\":\"search_term_string\"}}],\"inLanguage\":\"es-ES\"},{\"@type\":\"Organization\",\"@id\":\"https:\/\/zank.de\/#organization\",\"name\":\"ZAnK\",\"url\":\"https:\/\/zank.de\/\",\"logo\":{\"@type\":\"ImageObject\",\"inLanguage\":\"es-ES\",\"@id\":\"https:\/\/zank.de\/#\/schema\/logo\/image\/\",\"url\":\"https:\/\/zank.de\/wp-content\/uploads\/2021\/10\/ZANK_Logo.svg\",\"contentUrl\":\"https:\/\/zank.de\/wp-content\/uploads\/2021\/10\/ZANK_Logo.svg\",\"width\":567,\"height\":172,\"caption\":\"ZAnK\"},\"image\":{\"@id\":\"https:\/\/zank.de\/#\/schema\/logo\/image\/\"}}]}<\/script>\n<!-- \/ Yoast SEO plugin. -->","yoast_head_json":{"title":"Qui\u00e9nes somos &#8226; ZAnK","robots":{"index":"index","follow":"follow","max-snippet":"max-snippet:-1","max-image-preview":"max-image-preview:large","max-video-preview":"max-video-preview:-1"},"canonical":"https:\/\/zank.de\/es\/sobre-nosotros\/quienes-somos\/","og_locale":"es_ES","og_type":"article","og_title":"Qui\u00e9nes somos &#8226; ZAnK","og_description":"Las crisis en las familias se presentan de muchas formas. No hay respuestas f\u00e1ciles a los conflictos de ni\u00f1os que implican a pa\u00edses extranjeros, ya sean disputas sobre la custodia y el derecho de visita o la sustracci\u00f3n de un ni\u00f1o desde o hacia Alemania. Los padres a menudo se sienten solos, incluso los profesionales [&hellip;]","og_url":"https:\/\/zank.de\/es\/sobre-nosotros\/quienes-somos\/","og_site_name":"ZAnK","article_modified_time":"2022-02-14T17:27:50+00:00","og_image":[{"url":"https:\/\/zank.de\/wp-content\/uploads\/2021\/12\/DV_ZAnK_Webillu_UeberUns_368x239px.png","type":"","width":"","height":""}],"twitter_card":"summary_large_image","twitter_misc":{"Est. reading time":"3 minutes"},"schema":{"@context":"https:\/\/schema.org","@graph":[{"@type":"WebPage","@id":"https:\/\/zank.de\/es\/sobre-nosotros\/quienes-somos\/","url":"https:\/\/zank.de\/es\/sobre-nosotros\/quienes-somos\/","name":"Qui\u00e9nes somos &#8226; ZAnK","isPartOf":{"@id":"https:\/\/zank.de\/#website"},"primaryImageOfPage":{"@id":"https:\/\/zank.de\/es\/sobre-nosotros\/quienes-somos\/#primaryimage"},"image":{"@id":"https:\/\/zank.de\/es\/sobre-nosotros\/quienes-somos\/#primaryimage"},"thumbnailUrl":"https:\/\/zank.de\/wp-content\/uploads\/2021\/12\/DV_ZAnK_Webillu_UeberUns_368x239px.png","datePublished":"2021-11-01T14:58:36+00:00","dateModified":"2022-02-14T17:27:50+00:00","breadcrumb":{"@id":"https:\/\/zank.de\/es\/sobre-nosotros\/quienes-somos\/#breadcrumb"},"inLanguage":"es-ES","potentialAction":[{"@type":"ReadAction","target":["https:\/\/zank.de\/es\/sobre-nosotros\/quienes-somos\/"]}]},{"@type":"ImageObject","inLanguage":"es-ES","@id":"https:\/\/zank.de\/es\/sobre-nosotros\/quienes-somos\/#primaryimage","url":"https:\/\/zank.de\/wp-content\/uploads\/2021\/12\/DV_ZAnK_Webillu_UeberUns_368x239px.png","contentUrl":"https:\/\/zank.de\/wp-content\/uploads\/2021\/12\/DV_ZAnK_Webillu_UeberUns_368x239px.png"},{"@type":"BreadcrumbList","@id":"https:\/\/zank.de\/es\/sobre-nosotros\/quienes-somos\/#breadcrumb","itemListElement":[{"@type":"ListItem","position":1,"name":"Startseite","item":"https:\/\/zank.de\/es\/"},{"@type":"ListItem","position":2,"name":"Sobre nosotros","item":"https:\/\/zank.de\/es\/sobre-nosotros\/"},{"@type":"ListItem","position":3,"name":"Qui\u00e9nes somos"}]},{"@type":"WebSite","@id":"https:\/\/zank.de\/#website","url":"https:\/\/zank.de\/","name":"ZAnK","description":"Zentrale Anlaufstelle f\u00fcr grenz\u00fcberschreitende Kindschaftskonflikte und Mediation","publisher":{"@id":"https:\/\/zank.de\/#organization"},"potentialAction":[{"@type":"SearchAction","target":{"@type":"EntryPoint","urlTemplate":"https:\/\/zank.de\/?s={search_term_string}"},"query-input":{"@type":"PropertyValueSpecification","valueRequired":true,"valueName":"search_term_string"}}],"inLanguage":"es-ES"},{"@type":"Organization","@id":"https:\/\/zank.de\/#organization","name":"ZAnK","url":"https:\/\/zank.de\/","logo":{"@type":"ImageObject","inLanguage":"es-ES","@id":"https:\/\/zank.de\/#\/schema\/logo\/image\/","url":"https:\/\/zank.de\/wp-content\/uploads\/2021\/10\/ZANK_Logo.svg","contentUrl":"https:\/\/zank.de\/wp-content\/uploads\/2021\/10\/ZANK_Logo.svg","width":567,"height":172,"caption":"ZAnK"},"image":{"@id":"https:\/\/zank.de\/#\/schema\/logo\/image\/"}}]}},"_links":{"self":[{"href":"https:\/\/zank.de\/es\/wp-json\/wp\/v2\/pages\/4790","targetHints":{"allow":["GET"]}}],"collection":[{"href":"https:\/\/zank.de\/es\/wp-json\/wp\/v2\/pages"}],"about":[{"href":"https:\/\/zank.de\/es\/wp-json\/wp\/v2\/types\/page"}],"author":[{"embeddable":true,"href":"https:\/\/zank.de\/es\/wp-json\/wp\/v2\/users\/1"}],"replies":[{"embeddable":true,"href":"https:\/\/zank.de\/es\/wp-json\/wp\/v2\/comments?post=4790"}],"version-history":[{"count":9,"href":"https:\/\/zank.de\/es\/wp-json\/wp\/v2\/pages\/4790\/revisions"}],"predecessor-version":[{"id":4880,"href":"https:\/\/zank.de\/es\/wp-json\/wp\/v2\/pages\/4790\/revisions\/4880"}],"up":[{"embeddable":true,"href":"https:\/\/zank.de\/es\/wp-json\/wp\/v2\/pages\/2926"}],"wp:attachment":[{"href":"https:\/\/zank.de\/es\/wp-json\/wp\/v2\/media?parent=4790"}],"curies":[{"name":"wp","href":"https:\/\/api.w.org\/{rel}","templated":true}]}}