{"id":4781,"date":"2021-11-02T13:55:45","date_gmt":"2021-11-02T12:55:45","guid":{"rendered":"https:\/\/zank.de\/erste-schritte-im-akutfall\/"},"modified":"2022-02-14T18:09:20","modified_gmt":"2022-02-14T17:09:20","slug":"que-hacer-en-un-caso-agudo-de-secuestro","status":"publish","type":"page","link":"https:\/\/zank.de\/es\/que-hacer-en-un-caso-agudo-de-secuestro\/","title":{"rendered":"Qu\u00e9 hacer en un caso agudo de secuestro"},"content":{"rendered":"\n<div class=\"wp-block-group alignfull intro-background is-style-default is-layout-constrained wp-block-group-is-layout-constrained\"><div class=\"breadcrumb page-breadcrumb\"><span><a href=\"https:\/\/zank.de\/es\/\"><span class=\"visually-hidden\">Go to homepage<\/span><svg class=\"icon icon-home\"><use href=\"#home\" \/><\/svg><\/a><\/span><\/div><h1 class=\"entry-title mt-0\">Qu\u00e9 hacer en un caso agudo de secuestro<\/h1>\n\n\n<p class=\"has-lead-font-size\">\u00bfTeme que se produzca o sea inminente el secuestro de un ni\u00f1o? A continuaci\u00f3n, encontrar\u00e1 un resumen de las primeras posibilidades de actuaci\u00f3n que existen en estas situaciones agudas.<\/p>\n\n\n\n<ul class=\"is-style-anchor wp-block-list\"><li><a href=\"#pasado\">\u00bfQu\u00e9 ha pasado?<\/a><\/li><li><a href=\"#seguir\">Posibles pasos a seguir<\/a><\/li><\/ul>\n<\/div>\n\n\n\n<h2 class=\"is-style-heading-h2 wp-block-heading\" id=\"pasado\"><strong>\u00bfQu\u00e9 ha pasado?<\/strong><\/h2>\n\n\n\n<p>El ni\u00f1o<\/p>\n\n\n\n<ul class=\"wp-block-list\"><li><strong>Se mud\u00f3 al extranjero <\/strong>con uno de los padres<\/li><li>o <strong>no ha vuelto a casa <\/strong>despu\u00e9s de una excursi\u00f3n, unas vacaciones o un fin de semana de visita con sus padres<\/li><\/ul>\n\n\n\n<p>Ahora est\u00e1 en otro pa\u00eds y <strong>la custodia de los padres <\/strong>es<\/p>\n\n\n\n<ul class=\"wp-block-list\"><li>ambos padres juntos o<\/li><li>el padre abandonado solo<\/li><\/ul>\n\n\n\n<p>Al mismo tiempo, \u00bfno existe el <strong>consentimiento del otro progenitor <\/strong>ni la correspondiente <strong>orden judicial<\/strong>?<\/p>\n\n\n\n<h2 class=\"is-style-heading-h2 wp-block-heading\" id=\"seguir\"><strong>Posibles pasos a seguir<\/strong><\/h2>\n\n\n\n<div class=\"wp-block-theme-accordion accordion-item\"><h3 class=\"accordion-header\" id=\"heading-c7cb33e1-0120-42e8-8980-81efe346c9f6\"><button class=\"accordion-button collapsed\" type=\"button\" aria-expanded=\"false\" aria-controls=\"collapse-c7cb33e1-0120-42e8-8980-81efe346c9f6\"><span class=\"accordion-button-text\">Informar a la polic\u00eda en el n\u00famero de emergencia 110<\/span><\/button><\/h3><div id=\"collapse-c7cb33e1-0120-42e8-8980-81efe346c9f6\" class=\"accordion-collapse collapse\" aria-labelledby=\"heading-c7cb33e1-0120-42e8-8980-81efe346c9f6\"><div class=\"accordion-body\">\n<p>Se puede presentar una <strong>denuncia penal <\/strong>ante la polic\u00eda <strong>con el n\u00famero 110 <\/strong>o en cualquier comisar\u00eda para que la polic\u00eda tome medidas de b\u00fasqueda.<\/p>\n\n\n\n<p>Es \u00fatil que <strong>proporcione la siguiente informaci\u00f3n<\/strong>:<\/p>\n\n\n\n<ul class=\"wp-block-list\"><li>Nombre, fecha de nacimiento y nacionalidad del ni\u00f1o desaparecido y del otro progenitor<\/li><li>Descripci\u00f3n de la apariencia (color de pelo, color de ojos y tama\u00f1o) y rasgos f\u00edsicos especiales y, si procede, una fotograf\u00eda reciente<\/li><li>Informaci\u00f3n sobre la ropa del ni\u00f1o desaparecido<\/li><li>Notas sobre caracter\u00edsticas especiales, como pendientes, tirantes o gafas<\/li><li>Descripci\u00f3n correspondiente del otro progenitor.<\/li><\/ul>\n<\/div><\/div><\/div>\n\n\n\n<div class=\"wp-block-theme-accordion accordion-item\"><h3 class=\"accordion-header\" id=\"heading-5a07bfbf-ba77-43a4-884a-bb232d89ac71\"><button class=\"accordion-button collapsed\" type=\"button\" aria-expanded=\"false\" aria-controls=\"collapse-5a07bfbf-ba77-43a4-884a-bb232d89ac71\"><span class=\"accordion-button-text\">P\u00f3ngase en contacto con la Iniciativa de Ni\u00f1os Desaparecidos en el 116 000<\/span><\/button><\/h3><div id=\"collapse-5a07bfbf-ba77-43a4-884a-bb232d89ac71\" class=\"accordion-collapse collapse\" aria-labelledby=\"heading-5a07bfbf-ba77-43a4-884a-bb232d89ac71\"><div class=\"accordion-body\">\n<p>Adem\u00e1s, se puede contactar con la <strong>iniciativa &#8220;Missing Children&#8221;<\/strong>, que puede iniciar la b\u00fasqueda del ni\u00f1o con publicidad. Para ello, existe una <strong>l\u00ednea de atenci\u00f3n telef\u00f3nica en toda Europa <\/strong>disponible las 24 horas del d\u00eda llamando al <strong>116 000.<\/strong><\/p>\n\n\n\n<div class=\"wp-block-buttons is-layout-flex wp-block-buttons-is-layout-flex\">\n<div class=\"wp-block-button\"><a class=\"wp-block-button__link\" href=\"https:\/\/www.vermisste-kinder.de\/\">A la p\u00e1gina web de la iniciativa &#8220;Missing Children&#8221;<\/a><\/div>\n<\/div>\n<\/div><\/div><\/div>\n\n\n\n<div class=\"wp-block-theme-accordion accordion-item\"><h3 class=\"accordion-header\" id=\"heading-370e37b3-e942-47f4-97ea-22b09dd47d08\"><button class=\"accordion-button collapsed\" type=\"button\" aria-expanded=\"false\" aria-controls=\"collapse-370e37b3-e942-47f4-97ea-22b09dd47d08\"><span class=\"accordion-button-text\">Solicitar al tribunal de familia un aviso de b\u00fasqueda en la frontera<\/span><\/button><\/h3><div id=\"collapse-370e37b3-e942-47f4-97ea-22b09dd47d08\" class=\"accordion-collapse collapse\" aria-labelledby=\"heading-370e37b3-e942-47f4-97ea-22b09dd47d08\"><div class=\"accordion-body\">\n<p>Adem\u00e1s, en determinadas circunstancias, se puede solicitar al tribunal de familia competente una descripci\u00f3n de b\u00fasqueda en la frontera para el <strong>territorio de los llamados Estados Schengen.<\/strong> El espacio Schengen comprende Alemania, Austria, B\u00e9lgica, Dinamarca, Eslovaquia, Eslovenia, Espa\u00f1a, Estonia, Finlandia, Francia, Grecia, Hungr\u00eda, Islandia, Italia, Letonia, Lituania, Luxemburgo, Malta, Noruega, Pa\u00edses Bajos, Polonia, Portugal, Rep\u00fablica Checa y Suecia.<\/p>\n\n\n\n<p>El <strong>tribunal de distrito del lugar de residencia del <\/strong>menor es el encargado de ordenar la detenci\u00f3n en la frontera.<\/p>\n\n\n\n<p>La <strong>Jefatura de la Polic\u00eda Federal de <\/strong>Potsdam puede entonces incluir al progenitor secuestrador y al ni\u00f1o en el Sistema de Informaci\u00f3n de Schengen (SIS) para que se puedan iniciar medidas de b\u00fasqueda.<\/p>\n<\/div><\/div><\/div>\n\n\n\n<div class=\"wp-block-group alignfull has-primary-light-background-color has-background is-layout-constrained wp-container-core-group-is-layout-22714b9e wp-block-group-is-layout-constrained\" style=\"padding-top:70px;padding-bottom:70px\">\n<div class=\"wp-block-columns is-style-default is-layout-flex wp-container-core-columns-is-layout-9d6595d7 wp-block-columns-is-layout-flex\">\n<div class=\"wp-block-column is-layout-flow wp-block-column-is-layout-flow\">\n<div class=\"wp-block-group is-style-card is-layout-flow wp-block-group-is-layout-flow\" style=\"padding-top:26px\">\n<h3 class=\"wp-block-heading\" style=\"margin-bottom:15px\">Por qu\u00e9 ZAnK<\/h3>\n\n\n\n<div class=\"wp-block-buttons is-layout-flex wp-block-buttons-is-layout-flex\">\n<div class=\"wp-block-button\"><a class=\"wp-block-button__link\" href=\"https:\/\/zank.de\/es\/sobre-nosotros\/nuestra-oferta\/\">Nuestra oferta<\/a><\/div>\n<\/div>\n<\/div>\n<\/div>\n\n\n\n<div class=\"wp-block-column is-layout-flow wp-block-column-is-layout-flow\">\n<div class=\"wp-block-group is-style-card is-layout-flow wp-block-group-is-layout-flow\" style=\"padding-top:26px\">\n<h3 class=\"wp-block-heading\" style=\"margin-bottom:15px\">Buscar persona de contacto<\/h3>\n\n\n\n<div class=\"wp-block-buttons is-layout-flex wp-block-buttons-is-layout-flex\">\n<div class=\"wp-block-button\"><a class=\"wp-block-button__link\" href=\"https:\/\/zank.de\/en\/materials-addresses\/contacts\/\">Directorio de direcciones<\/a><\/div>\n<\/div>\n<\/div>\n<\/div>\n\n\n\n<div class=\"wp-block-column is-layout-flow wp-block-column-is-layout-flow\">\n<div class=\"wp-block-group is-style-card is-layout-flow wp-block-group-is-layout-flow\" style=\"padding-top:26px\">\n<h3 class=\"wp-block-heading\" style=\"margin-bottom:15px\">Contacte con<\/h3>\n\n\n\n<div class=\"wp-block-buttons is-layout-flex wp-block-buttons-is-layout-flex\">\n<div class=\"wp-block-button\"><a class=\"wp-block-button__link\" href=\"https:\/\/zank.de\/es\/contacto-su-camino-hacia-el-asesoramiento\/\">A la consulta<\/a><\/div>\n<\/div>\n<\/div>\n<\/div>\n<\/div>\n<\/div>\n","protected":false},"excerpt":{"rendered":"<p>\u00bfTeme que se produzca o sea inminente el secuestro de un ni\u00f1o? A continuaci\u00f3n, encontrar\u00e1 un resumen de las primeras posibilidades de actuaci\u00f3n que existen en estas situaciones agudas. \u00bfQu\u00e9 ha pasado? Posibles pasos a seguir \u00bfQu\u00e9 ha pasado? El ni\u00f1o Se mud\u00f3 al extranjero con uno de los padres o no ha vuelto a [&hellip;]<\/p>\n","protected":false},"author":3,"featured_media":0,"parent":0,"menu_order":5,"comment_status":"closed","ping_status":"closed","template":"","meta":{"_acf_changed":false,"footnotes":""},"class_list":["post-4781","page","type-page","status-publish","hentry"],"acf":[],"yoast_head":"<!-- This site is optimized with the Yoast SEO plugin v27.2 - https:\/\/yoast.com\/product\/yoast-seo-wordpress\/ -->\n<title>Qu\u00e9 hacer en un caso agudo de secuestro &#8226; ZAnK<\/title>\n<meta name=\"robots\" content=\"index, follow, max-snippet:-1, max-image-preview:large, max-video-preview:-1\" \/>\n<link rel=\"canonical\" href=\"https:\/\/zank.de\/es\/que-hacer-en-un-caso-agudo-de-secuestro\/\" \/>\n<meta property=\"og:locale\" content=\"es_ES\" \/>\n<meta property=\"og:type\" content=\"article\" \/>\n<meta property=\"og:title\" content=\"Qu\u00e9 hacer en un caso agudo de secuestro &#8226; ZAnK\" \/>\n<meta property=\"og:description\" content=\"\u00bfTeme que se produzca o sea inminente el secuestro de un ni\u00f1o? A continuaci\u00f3n, encontrar\u00e1 un resumen de las primeras posibilidades de actuaci\u00f3n que existen en estas situaciones agudas. \u00bfQu\u00e9 ha pasado? Posibles pasos a seguir \u00bfQu\u00e9 ha pasado? El ni\u00f1o Se mud\u00f3 al extranjero con uno de los padres o no ha vuelto a [&hellip;]\" \/>\n<meta property=\"og:url\" content=\"https:\/\/zank.de\/es\/que-hacer-en-un-caso-agudo-de-secuestro\/\" \/>\n<meta property=\"og:site_name\" content=\"ZAnK\" \/>\n<meta property=\"article:modified_time\" content=\"2022-02-14T17:09:20+00:00\" \/>\n<meta name=\"twitter:card\" content=\"summary_large_image\" \/>\n<meta name=\"twitter:label1\" content=\"Est. reading time\" \/>\n\t<meta name=\"twitter:data1\" content=\"3 minutes\" \/>\n<script type=\"application\/ld+json\" class=\"yoast-schema-graph\">{\"@context\":\"https:\/\/schema.org\",\"@graph\":[{\"@type\":\"WebPage\",\"@id\":\"https:\/\/zank.de\/es\/que-hacer-en-un-caso-agudo-de-secuestro\/\",\"url\":\"https:\/\/zank.de\/es\/que-hacer-en-un-caso-agudo-de-secuestro\/\",\"name\":\"Qu\u00e9 hacer en un caso agudo de secuestro &#8226; ZAnK\",\"isPartOf\":{\"@id\":\"https:\/\/zank.de\/#website\"},\"datePublished\":\"2021-11-02T12:55:45+00:00\",\"dateModified\":\"2022-02-14T17:09:20+00:00\",\"breadcrumb\":{\"@id\":\"https:\/\/zank.de\/es\/que-hacer-en-un-caso-agudo-de-secuestro\/#breadcrumb\"},\"inLanguage\":\"es-ES\",\"potentialAction\":[{\"@type\":\"ReadAction\",\"target\":[\"https:\/\/zank.de\/es\/que-hacer-en-un-caso-agudo-de-secuestro\/\"]}]},{\"@type\":\"BreadcrumbList\",\"@id\":\"https:\/\/zank.de\/es\/que-hacer-en-un-caso-agudo-de-secuestro\/#breadcrumb\",\"itemListElement\":[{\"@type\":\"ListItem\",\"position\":1,\"name\":\"Startseite\",\"item\":\"https:\/\/zank.de\/es\/\"},{\"@type\":\"ListItem\",\"position\":2,\"name\":\"Qu\u00e9 hacer en un caso agudo de secuestro\"}]},{\"@type\":\"WebSite\",\"@id\":\"https:\/\/zank.de\/#website\",\"url\":\"https:\/\/zank.de\/\",\"name\":\"ZAnK\",\"description\":\"Zentrale Anlaufstelle f\u00fcr grenz\u00fcberschreitende Kindschaftskonflikte und Mediation\",\"publisher\":{\"@id\":\"https:\/\/zank.de\/#organization\"},\"potentialAction\":[{\"@type\":\"SearchAction\",\"target\":{\"@type\":\"EntryPoint\",\"urlTemplate\":\"https:\/\/zank.de\/?s={search_term_string}\"},\"query-input\":{\"@type\":\"PropertyValueSpecification\",\"valueRequired\":true,\"valueName\":\"search_term_string\"}}],\"inLanguage\":\"es-ES\"},{\"@type\":\"Organization\",\"@id\":\"https:\/\/zank.de\/#organization\",\"name\":\"ZAnK\",\"url\":\"https:\/\/zank.de\/\",\"logo\":{\"@type\":\"ImageObject\",\"inLanguage\":\"es-ES\",\"@id\":\"https:\/\/zank.de\/#\/schema\/logo\/image\/\",\"url\":\"https:\/\/zank.de\/wp-content\/uploads\/2021\/10\/ZANK_Logo.svg\",\"contentUrl\":\"https:\/\/zank.de\/wp-content\/uploads\/2021\/10\/ZANK_Logo.svg\",\"width\":567,\"height\":172,\"caption\":\"ZAnK\"},\"image\":{\"@id\":\"https:\/\/zank.de\/#\/schema\/logo\/image\/\"}}]}<\/script>\n<!-- \/ Yoast SEO plugin. -->","yoast_head_json":{"title":"Qu\u00e9 hacer en un caso agudo de secuestro &#8226; ZAnK","robots":{"index":"index","follow":"follow","max-snippet":"max-snippet:-1","max-image-preview":"max-image-preview:large","max-video-preview":"max-video-preview:-1"},"canonical":"https:\/\/zank.de\/es\/que-hacer-en-un-caso-agudo-de-secuestro\/","og_locale":"es_ES","og_type":"article","og_title":"Qu\u00e9 hacer en un caso agudo de secuestro &#8226; ZAnK","og_description":"\u00bfTeme que se produzca o sea inminente el secuestro de un ni\u00f1o? A continuaci\u00f3n, encontrar\u00e1 un resumen de las primeras posibilidades de actuaci\u00f3n que existen en estas situaciones agudas. \u00bfQu\u00e9 ha pasado? Posibles pasos a seguir \u00bfQu\u00e9 ha pasado? El ni\u00f1o Se mud\u00f3 al extranjero con uno de los padres o no ha vuelto a [&hellip;]","og_url":"https:\/\/zank.de\/es\/que-hacer-en-un-caso-agudo-de-secuestro\/","og_site_name":"ZAnK","article_modified_time":"2022-02-14T17:09:20+00:00","twitter_card":"summary_large_image","twitter_misc":{"Est. reading time":"3 minutes"},"schema":{"@context":"https:\/\/schema.org","@graph":[{"@type":"WebPage","@id":"https:\/\/zank.de\/es\/que-hacer-en-un-caso-agudo-de-secuestro\/","url":"https:\/\/zank.de\/es\/que-hacer-en-un-caso-agudo-de-secuestro\/","name":"Qu\u00e9 hacer en un caso agudo de secuestro &#8226; ZAnK","isPartOf":{"@id":"https:\/\/zank.de\/#website"},"datePublished":"2021-11-02T12:55:45+00:00","dateModified":"2022-02-14T17:09:20+00:00","breadcrumb":{"@id":"https:\/\/zank.de\/es\/que-hacer-en-un-caso-agudo-de-secuestro\/#breadcrumb"},"inLanguage":"es-ES","potentialAction":[{"@type":"ReadAction","target":["https:\/\/zank.de\/es\/que-hacer-en-un-caso-agudo-de-secuestro\/"]}]},{"@type":"BreadcrumbList","@id":"https:\/\/zank.de\/es\/que-hacer-en-un-caso-agudo-de-secuestro\/#breadcrumb","itemListElement":[{"@type":"ListItem","position":1,"name":"Startseite","item":"https:\/\/zank.de\/es\/"},{"@type":"ListItem","position":2,"name":"Qu\u00e9 hacer en un caso agudo de secuestro"}]},{"@type":"WebSite","@id":"https:\/\/zank.de\/#website","url":"https:\/\/zank.de\/","name":"ZAnK","description":"Zentrale Anlaufstelle f\u00fcr grenz\u00fcberschreitende Kindschaftskonflikte und Mediation","publisher":{"@id":"https:\/\/zank.de\/#organization"},"potentialAction":[{"@type":"SearchAction","target":{"@type":"EntryPoint","urlTemplate":"https:\/\/zank.de\/?s={search_term_string}"},"query-input":{"@type":"PropertyValueSpecification","valueRequired":true,"valueName":"search_term_string"}}],"inLanguage":"es-ES"},{"@type":"Organization","@id":"https:\/\/zank.de\/#organization","name":"ZAnK","url":"https:\/\/zank.de\/","logo":{"@type":"ImageObject","inLanguage":"es-ES","@id":"https:\/\/zank.de\/#\/schema\/logo\/image\/","url":"https:\/\/zank.de\/wp-content\/uploads\/2021\/10\/ZANK_Logo.svg","contentUrl":"https:\/\/zank.de\/wp-content\/uploads\/2021\/10\/ZANK_Logo.svg","width":567,"height":172,"caption":"ZAnK"},"image":{"@id":"https:\/\/zank.de\/#\/schema\/logo\/image\/"}}]}},"_links":{"self":[{"href":"https:\/\/zank.de\/es\/wp-json\/wp\/v2\/pages\/4781","targetHints":{"allow":["GET"]}}],"collection":[{"href":"https:\/\/zank.de\/es\/wp-json\/wp\/v2\/pages"}],"about":[{"href":"https:\/\/zank.de\/es\/wp-json\/wp\/v2\/types\/page"}],"author":[{"embeddable":true,"href":"https:\/\/zank.de\/es\/wp-json\/wp\/v2\/users\/3"}],"replies":[{"embeddable":true,"href":"https:\/\/zank.de\/es\/wp-json\/wp\/v2\/comments?post=4781"}],"version-history":[{"count":5,"href":"https:\/\/zank.de\/es\/wp-json\/wp\/v2\/pages\/4781\/revisions"}],"predecessor-version":[{"id":4860,"href":"https:\/\/zank.de\/es\/wp-json\/wp\/v2\/pages\/4781\/revisions\/4860"}],"wp:attachment":[{"href":"https:\/\/zank.de\/es\/wp-json\/wp\/v2\/media?parent=4781"}],"curies":[{"name":"wp","href":"https:\/\/api.w.org\/{rel}","templated":true}]}}