{"id":4776,"date":"2021-10-04T10:08:31","date_gmt":"2021-10-04T08:08:31","guid":{"rendered":"https:\/\/zank.de\/ayuda-con\/mir-wird-kindesentfuehrung-vorgeworfen\/"},"modified":"2024-04-10T09:10:53","modified_gmt":"2024-04-10T07:10:53","slug":"me-acusan-de-sustraccion-de-menores","status":"publish","type":"page","link":"https:\/\/zank.de\/es\/ayuda-con\/me-acusan-de-sustraccion-de-menores\/","title":{"rendered":"Me acusan de sustracci\u00f3n de menores"},"content":{"rendered":"\n<div class=\"wp-block-group alignfull intro-background is-layout-constrained wp-block-group-is-layout-constrained\"><div class=\"breadcrumb page-breadcrumb\"><span><a href=\"https:\/\/zank.de\/es\/\"><span class=\"visually-hidden\">Go to homepage<\/span><svg class=\"icon icon-home\"><use href=\"#home\" \/><\/svg><\/a><\/span><\/div><h1 class=\"entry-title mt-0\">Me acusan de sustracci\u00f3n de menores<\/h1>\n\n\n<p class=\"has-lead-font-size\">\u00bfHa regresado a Alemania con su hijo o se ha marchado definitivamente del pa\u00eds? Si no tiene el consentimiento del otro progenitor o de un tribunal para ello, puede tratarse efectivamente de un caso de sustracci\u00f3n de menores. Probablemente actu\u00f3 con la mejor de las intenciones. Pero las consecuencias para su hijo son enormes. \u00bfQu\u00e9 puede hacer ahora? Perm\u00edtanos ser un apoyo para afrontar el conflicto sobre el ni\u00f1o y actuar en el mejor inter\u00e9s de su hijo.<\/p>\n\n\n\n<ul class=\"is-style-anchor wp-block-list\">\n<li><a href=\"#menores\">\u00bfQu\u00e9 significa la sustracci\u00f3n de menores?<\/a><\/li>\n\n\n\n<li><a href=\"#\"><\/a><a href=\"#ahora\">\u00bfQu\u00e9 pasa ahora?<\/a><\/li>\n\n\n\n<li><a href=\"#amistoso\">Encontrar un camino de vuelta a un acuerdo amistoso<\/a><\/li>\n<\/ul>\n<\/div>\n\n\n\n<h2 class=\"wp-block-heading is-style-heading-h2\" id=\"menores\"><strong>\u00bfQu\u00e9 significa la sustracci\u00f3n de menores?<\/strong><\/h2>\n\n\n\n<h3 class=\"wp-block-heading\">La situaci\u00f3n<\/h3>\n\n\n\n<p>Si se ha trasladado con su hijo de un pa\u00eds a otro <strong>sin <\/strong>el <strong>permiso del otro progenitor o el de un tribunal <\/strong>(por ejemplo, en forma de una orden que le otorga derechos de residencia exclusiva), puede ser acusado de sustracci\u00f3n internacional de menores.<\/p>\n\n\n\n<p>El \u00fanico factor decisivo para una sustracci\u00f3n es la cuesti\u00f3n de d\u00f3nde ten\u00eda el ni\u00f1o su <strong>residencia habitual <\/strong>antes del traslado. La nacionalidad o incluso el pa\u00eds de nacimiento del ni\u00f1o no juegan ning\u00fan papel.<\/p>\n\n\n\n<h3 class=\"wp-block-heading\">La terminolog\u00eda<\/h3>\n\n\n\n<p>El t\u00e9rmino se encuentra en el <strong>derecho penal nacional y <\/strong>en las <strong>disposiciones jur\u00eddicas internacionales. <\/strong>En lugar de sustracci\u00f3n de menores, tambi\u00e9n se habla de <strong>traslado il\u00edcito del menor<\/strong>. Aunque est\u00e1 claro que, en la pr\u00e1ctica, la afirmaci\u00f3n &#8220;sustracci\u00f3n de menores por un progenitor&#8221; resume muchas situaciones vitales y familiares diferentes.<\/p>\n\n\n\n<div class=\"wp-block-group is-style-infobox is-layout-flow wp-block-group-is-layout-flow\">\n<h3 class=\"wp-block-heading\">Una posible constelaci\u00f3n<\/h3>\n\n\n\n<p>Ha vivido en el extranjero con el otro progenitor y el hijo com\u00fan. Tiene derecho a la custodia parental compartida. Su relaci\u00f3n de pareja se ha roto. M\u00e1s all\u00e1 de eso, no hay mucho que te retenga all\u00ed; te gustar\u00eda volver a tu pa\u00eds de origen. <strong>All\u00ed se ven mejores oportunidades para el futuro de su hijo. <\/strong>Mientras discuten sobre esto como padres, deben tener claro que s\u00ed pueden mudarse, pero por supuesto no con un hijo.<\/p>\n\n\n\n<p>Por lo tanto, usted se llev\u00f3 a su hijo o decidi\u00f3 no devolverlo o entregarlo al final de una visita transfronteriza sin que el otro progenitor estuviera de acuerdo con el cambio de lugar.Es posible que <strong>no haya <\/strong>visto <strong>otra salida por <\/strong>razones distintas a las mencionadas anteriormente y que haya ignorado deliberadamente la situaci\u00f3n legal. \u00bfSe ha dado cuenta de que est\u00e1 <strong>haciendo sufrir mucho a su hijo<\/strong>? Tal vez <strong>no <\/strong>era <strong>plenamente consciente de <\/strong>las consecuencias (legales) de sus actos.<\/p>\n<\/div>\n\n\n\n<h2 class=\"wp-block-heading is-style-heading-h2\" id=\"ahora\"><strong>\u00bfQu\u00e9 pasa ahora?<\/strong><\/h2>\n\n\n\n<p>Si los puntos anteriores se aplican a su situaci\u00f3n, corre el riesgo de que no se le permita acompa\u00f1ar a su hijo y tenga que volver porque el otro progenitor presente una solicitud en virtud del Convenio de La Haya sobre Sustracci\u00f3n de Menores y la lleve a la ejecuci\u00f3n y\/o implique a la polic\u00eda.<\/p>\n\n\n\n<div class=\"wp-block-theme-accordion accordion-item\"><h3 class=\"accordion-header\" id=\"heading-ad5ba2c4-41c6-48c6-ba47-b6243fa8a05a\"><button class=\"accordion-button collapsed\" type=\"button\" aria-expanded=\"false\" aria-controls=\"collapse-ad5ba2c4-41c6-48c6-ba47-b6243fa8a05a\"><span class=\"accordion-button-text\">Relevancia para el derecho penal<\/span><\/button><\/h3><div id=\"collapse-ad5ba2c4-41c6-48c6-ba47-b6243fa8a05a\" class=\"accordion-collapse collapse\" aria-labelledby=\"heading-ad5ba2c4-41c6-48c6-ba47-b6243fa8a05a\"><div class=\"accordion-body\">\n<p>El otro progenitor cuyo derecho de custodia ha sido violado por el traslado tiene <strong>diferentes posibilidades de actuar contra este traslado dependiendo del pa\u00eds<\/strong>. La sustracci\u00f3n de menores es un delito en muchos Estados (en Alemania, seg\u00fan el art\u00edculo 235 del C\u00f3digo Penal); en consecuencia, se puede presentar una <strong>denuncia penal ante la <\/strong>polic\u00eda, que puede dar lugar a una investigaci\u00f3n penal, una orden de detenci\u00f3n (internacional) y, si es necesario, una condena posterior.<\/p>\n<\/div><\/div><\/div>\n\n\n\n<div class=\"wp-block-theme-accordion accordion-item\"><h3 class=\"accordion-header\" id=\"heading-c1a4f2f9-ed74-44d7-b2a1-45767b985428\"><button class=\"accordion-button collapsed\" type=\"button\" aria-expanded=\"false\" aria-controls=\"collapse-c1a4f2f9-ed74-44d7-b2a1-45767b985428\"><span class=\"accordion-button-text\">\u00bfSe ha presentado una solicitud de repatriaci\u00f3n?<\/span><\/button><\/h3><div id=\"collapse-c1a4f2f9-ed74-44d7-b2a1-45767b985428\" class=\"accordion-collapse collapse\" aria-labelledby=\"heading-c1a4f2f9-ed74-44d7-b2a1-45767b985428\"><div class=\"accordion-body\">\n<h4 class=\"wp-block-heading\">Procedimiento<\/h4>\n\n\n\n<p>Si tanto el pa\u00eds de su anterior lugar de residencia como el pa\u00eds al que se ha trasladado son <strong>Estados contratantes del Convenio de La Haya sobre Sustracci\u00f3n de Menores<\/strong>, el progenitor perjudicado puede presentar una solicitud de repatriaci\u00f3n adem\u00e1s de cualquier denuncia. Con ello, se inicia un procedimiento, cuya idea es que los ni\u00f1os que han sido trasladados indebidamente a otro pa\u00eds sean <strong>devueltos al pa\u00eds de su residencia habitual hasta que se produzca el <\/strong>acuerdo necesario o se inicie el procedimiento de derecho de familia.<\/p>\n\n\n\n<p>El progenitor desplazado puede dirigirse a la <strong>autoridad central de <\/strong>su pa\u00eds, en Alemania la Oficina Federal de Justicia, que presentar\u00e1 una solicitud de devoluci\u00f3n ante el tribunal de su lugar de residencia. Sin embargo, el otro progenitor tambi\u00e9n puede solicitar la <strong>restituci\u00f3n del menor sustra\u00eddo <\/strong>all\u00ed sin necesidad de una autoridad central, pero remiti\u00e9ndose al Convenio de La Haya sobre <strong>Sustracci\u00f3n de<\/strong> Menores.<\/p>\n\n\n\n<hr class=\"wp-block-separator has-css-opacity\"\/>\n\n\n\n<h4 class=\"wp-block-heading\">Posibles obst\u00e1culos para el retorno<\/h4>\n\n\n\n<p>El tribunal decidir\u00e1 entonces si su hijo debe ser devuelto o si hay una raz\u00f3n para no hacerlo. Los motivos enumerados en el Convenio incluyen, entre otros, si se determina que la restituci\u00f3n implicar\u00eda un grave <strong>peligro para el menor. <\/strong>Los tribunales examinan cuidadosamente estas objeciones -llamadas motivos de devoluci\u00f3n- y aplican un <strong>criterio estricto.<\/strong><\/p>\n\n\n\n<p>Especialmente en la mayor\u00eda de los pa\u00edses de la Uni\u00f3n Europea, la orden de restituci\u00f3n ya se dicta cuando se demuestra que se han tomado medidas de protecci\u00f3n para el menor en su lugar de residencia habitual.<\/p>\n\n\n\n<h4 class=\"wp-block-heading\">Plazo de solicitud<\/h4>\n\n\n\n<p>Si el progenitor abandonado no toma ninguna medida contra el traslado durante un <strong>periodo de un a\u00f1o<\/strong>, se considera que el ni\u00f1o ha establecido una nueva residencia habitual. Los tribunales del nuevo estado son entonces responsables de los procedimientos de derecho de familia.<\/p>\n<\/div><\/div><\/div>\n\n\n\n<div class=\"wp-block-theme-accordion accordion-item\"><h3 class=\"accordion-header\" id=\"heading-5f6e3f4b-8ca9-44a4-af83-21b753e98f10\"><button class=\"accordion-button collapsed\" type=\"button\" aria-expanded=\"false\" aria-controls=\"collapse-5f6e3f4b-8ca9-44a4-af83-21b753e98f10\"><span class=\"accordion-button-text\">Una orden de restituci\u00f3n est\u00e1 en marcha, la ejecuci\u00f3n es inminente<\/span><\/button><\/h3><div id=\"collapse-5f6e3f4b-8ca9-44a4-af83-21b753e98f10\" class=\"accordion-collapse collapse\" aria-labelledby=\"heading-5f6e3f4b-8ca9-44a4-af83-21b753e98f10\"><div class=\"accordion-body\">\n<p>Una orden de restituci\u00f3n solo se refiere a la restituci\u00f3n del menor, no a la del progenitor sustractor. Si una orden de restituci\u00f3n es <strong>definitiva y se declara ejecutable, <\/strong>esto significa que se puede nombrar a un agente judicial para que <strong>devuelva al menor por la fuerza <\/strong>si es necesario.<\/p>\n\n\n\n<blockquote class=\"wp-block-quote is-layout-flow wp-block-quote-is-layout-flow\">\n<p>Para evitarle a usted y a su hijo este acontecimiento, deber\u00eda asegurar el retorno voluntario del ni\u00f1o a m\u00e1s tardar ahora.<\/p>\n<\/blockquote>\n\n\n\n<p>Juntos, podemos considerar c\u00f3mo puede dise\u00f1ar ese movimiento de retorno originado por usted.<\/p>\n\n\n\n<div class=\"wp-block-buttons is-layout-flex wp-block-buttons-is-layout-flex\">\n<div class=\"wp-block-button\"><a class=\"wp-block-button__link wp-element-button\" href=\"https:\/\/zank.de\/es\/contacto-su-camino-hacia-el-asesoramiento\/\">Contacto<\/a><\/div>\n<\/div>\n<\/div><\/div><\/div>\n\n\n\n<h2 class=\"wp-block-heading is-style-heading-h2\" id=\"amistoso\"><strong>Encontrar un camino de vuelta a un acuerdo amistoso<\/strong><\/h2>\n\n\n\n<p>En principio, siempre existe la posibilidad de llegar a un acuerdo amistoso, <strong>fuera de los procedimientos judiciales, pero tambi\u00e9n en el marco de los mismos<\/strong>, especialmente en los procedimientos en virtud del Convenio de La Haya sobre Sustracci\u00f3n de Menores. Incluso despu\u00e9s de su conclusi\u00f3n, existe la posibilidad de llegar a un acuerdo amistoso. A menudo se sugiere que la mediaci\u00f3n se lleve a cabo durante el proceso judicial.<\/p>\n\n\n\n<div class=\"wp-block-group is-style-infobox is-layout-flow wp-block-group-is-layout-flow\">\n<p>Su hijo tiene <strong>derecho a tener contacto <\/strong>con ambos padres. Tambi\u00e9n por este motivo, debe permitir el contacto entre su hijo y el otro progenitor en <strong>todas las fases de <\/strong>cualquier procedimiento judicial o proceso de negociaci\u00f3n.<\/p>\n<\/div>\n\n\n\n<div class=\"wp-block-group alignfull has-primary-light-background-color has-background is-layout-constrained wp-container-core-group-is-layout-22714b9e wp-block-group-is-layout-constrained\" style=\"padding-top:70px;padding-bottom:70px\">\n<div class=\"wp-block-columns is-style-default is-layout-flex wp-container-core-columns-is-layout-9d6595d7 wp-block-columns-is-layout-flex\">\n<div class=\"wp-block-column is-layout-flow wp-block-column-is-layout-flow\">\n<div class=\"wp-block-group is-style-card is-layout-flow wp-block-group-is-layout-flow\" style=\"padding-top:26px\">\n<h3 class=\"wp-block-heading\" style=\"margin-bottom:15px\">Por qu\u00e9 ZAnK<\/h3>\n\n\n\n<div class=\"wp-block-buttons is-layout-flex wp-block-buttons-is-layout-flex\">\n<div class=\"wp-block-button\"><a class=\"wp-block-button__link wp-element-button\" href=\"https:\/\/zank.de\/es\/sobre-nosotros\/nuestra-oferta\/\">Nuestra oferta<\/a><\/div>\n<\/div>\n<\/div>\n<\/div>\n\n\n\n<div class=\"wp-block-column is-layout-flow wp-block-column-is-layout-flow\">\n<div class=\"wp-block-group is-style-card is-layout-flow wp-block-group-is-layout-flow\" style=\"padding-top:26px\">\n<h3 class=\"wp-block-heading\" style=\"margin-bottom:15px\">Establecer normas<\/h3>\n\n\n\n<div class=\"wp-block-buttons is-layout-flex wp-block-buttons-is-layout-flex\">\n<div class=\"wp-block-button\"><a class=\"wp-block-button__link wp-element-button\" href=\"https:\/\/zank.de\/es\/ayuda-con\/derecho-de-acceso\/\">Derecho de acceso<\/a><\/div>\n<\/div>\n<\/div>\n<\/div>\n\n\n\n<div class=\"wp-block-column is-layout-flow wp-block-column-is-layout-flow\">\n<div class=\"wp-block-group is-style-card is-layout-flow wp-block-group-is-layout-flow\" style=\"padding-top:26px\">\n<h3 class=\"wp-block-heading\" style=\"margin-bottom:15px\">Buscar persona de contacto<\/h3>\n\n\n\n<div class=\"wp-block-buttons is-layout-flex wp-block-buttons-is-layout-flex\">\n<div class=\"wp-block-button\"><a class=\"wp-block-button__link wp-element-button\" href=\"https:\/\/zank.de\/en\/materials-addresses\/contacts\/\">Directorio de direcciones<\/a><\/div>\n<\/div>\n<\/div>\n<\/div>\n<\/div>\n<\/div>\n","protected":false},"excerpt":{"rendered":"<p>\u00bfHa regresado a Alemania con su hijo o se ha marchado definitivamente del pa\u00eds? Si no tiene el consentimiento del otro progenitor o de un tribunal para ello, puede tratarse efectivamente de un caso de sustracci\u00f3n de menores. Probablemente actu\u00f3 con la mejor de las intenciones. Pero las consecuencias para su hijo son enormes. \u00bfQu\u00e9 [&hellip;]<\/p>\n","protected":false},"author":1,"featured_media":0,"parent":2941,"menu_order":6,"comment_status":"closed","ping_status":"closed","template":"","meta":{"_acf_changed":false,"footnotes":""},"class_list":["post-4776","page","type-page","status-publish","hentry"],"acf":[],"yoast_head":"<!-- This site is optimized with the Yoast SEO plugin v27.2 - https:\/\/yoast.com\/product\/yoast-seo-wordpress\/ -->\n<title>Me acusan de sustracci\u00f3n de menores &#8226; ZAnK<\/title>\n<meta name=\"robots\" content=\"index, follow, max-snippet:-1, max-image-preview:large, max-video-preview:-1\" \/>\n<link rel=\"canonical\" href=\"https:\/\/zank.de\/es\/ayuda-con\/me-acusan-de-sustraccion-de-menores\/\" \/>\n<meta property=\"og:locale\" content=\"es_ES\" \/>\n<meta property=\"og:type\" content=\"article\" \/>\n<meta property=\"og:title\" content=\"Me acusan de sustracci\u00f3n de menores &#8226; ZAnK\" \/>\n<meta property=\"og:description\" content=\"\u00bfHa regresado a Alemania con su hijo o se ha marchado definitivamente del pa\u00eds? Si no tiene el consentimiento del otro progenitor o de un tribunal para ello, puede tratarse efectivamente de un caso de sustracci\u00f3n de menores. Probablemente actu\u00f3 con la mejor de las intenciones. Pero las consecuencias para su hijo son enormes. \u00bfQu\u00e9 [&hellip;]\" \/>\n<meta property=\"og:url\" content=\"https:\/\/zank.de\/es\/ayuda-con\/me-acusan-de-sustraccion-de-menores\/\" \/>\n<meta property=\"og:site_name\" content=\"ZAnK\" \/>\n<meta property=\"article:modified_time\" content=\"2024-04-10T07:10:53+00:00\" \/>\n<meta name=\"twitter:card\" content=\"summary_large_image\" \/>\n<meta name=\"twitter:label1\" content=\"Est. reading time\" \/>\n\t<meta name=\"twitter:data1\" content=\"6 minutes\" \/>\n<script type=\"application\/ld+json\" class=\"yoast-schema-graph\">{\"@context\":\"https:\/\/schema.org\",\"@graph\":[{\"@type\":\"WebPage\",\"@id\":\"https:\/\/zank.de\/es\/ayuda-con\/me-acusan-de-sustraccion-de-menores\/\",\"url\":\"https:\/\/zank.de\/es\/ayuda-con\/me-acusan-de-sustraccion-de-menores\/\",\"name\":\"Me acusan de sustracci\u00f3n de menores &#8226; ZAnK\",\"isPartOf\":{\"@id\":\"https:\/\/zank.de\/#website\"},\"datePublished\":\"2021-10-04T08:08:31+00:00\",\"dateModified\":\"2024-04-10T07:10:53+00:00\",\"breadcrumb\":{\"@id\":\"https:\/\/zank.de\/es\/ayuda-con\/me-acusan-de-sustraccion-de-menores\/#breadcrumb\"},\"inLanguage\":\"es-ES\",\"potentialAction\":[{\"@type\":\"ReadAction\",\"target\":[\"https:\/\/zank.de\/es\/ayuda-con\/me-acusan-de-sustraccion-de-menores\/\"]}]},{\"@type\":\"BreadcrumbList\",\"@id\":\"https:\/\/zank.de\/es\/ayuda-con\/me-acusan-de-sustraccion-de-menores\/#breadcrumb\",\"itemListElement\":[{\"@type\":\"ListItem\",\"position\":1,\"name\":\"Startseite\",\"item\":\"https:\/\/zank.de\/es\/\"},{\"@type\":\"ListItem\",\"position\":2,\"name\":\"Ayuda con&#8230;\",\"item\":\"https:\/\/zank.de\/es\/ayuda-con\/\"},{\"@type\":\"ListItem\",\"position\":3,\"name\":\"Me acusan de sustracci\u00f3n de menores\"}]},{\"@type\":\"WebSite\",\"@id\":\"https:\/\/zank.de\/#website\",\"url\":\"https:\/\/zank.de\/\",\"name\":\"ZAnK\",\"description\":\"Zentrale Anlaufstelle f\u00fcr grenz\u00fcberschreitende Kindschaftskonflikte und Mediation\",\"publisher\":{\"@id\":\"https:\/\/zank.de\/#organization\"},\"potentialAction\":[{\"@type\":\"SearchAction\",\"target\":{\"@type\":\"EntryPoint\",\"urlTemplate\":\"https:\/\/zank.de\/?s={search_term_string}\"},\"query-input\":{\"@type\":\"PropertyValueSpecification\",\"valueRequired\":true,\"valueName\":\"search_term_string\"}}],\"inLanguage\":\"es-ES\"},{\"@type\":\"Organization\",\"@id\":\"https:\/\/zank.de\/#organization\",\"name\":\"ZAnK\",\"url\":\"https:\/\/zank.de\/\",\"logo\":{\"@type\":\"ImageObject\",\"inLanguage\":\"es-ES\",\"@id\":\"https:\/\/zank.de\/#\/schema\/logo\/image\/\",\"url\":\"https:\/\/zank.de\/wp-content\/uploads\/2021\/10\/ZANK_Logo.svg\",\"contentUrl\":\"https:\/\/zank.de\/wp-content\/uploads\/2021\/10\/ZANK_Logo.svg\",\"width\":567,\"height\":172,\"caption\":\"ZAnK\"},\"image\":{\"@id\":\"https:\/\/zank.de\/#\/schema\/logo\/image\/\"}}]}<\/script>\n<!-- \/ Yoast SEO plugin. -->","yoast_head_json":{"title":"Me acusan de sustracci\u00f3n de menores &#8226; ZAnK","robots":{"index":"index","follow":"follow","max-snippet":"max-snippet:-1","max-image-preview":"max-image-preview:large","max-video-preview":"max-video-preview:-1"},"canonical":"https:\/\/zank.de\/es\/ayuda-con\/me-acusan-de-sustraccion-de-menores\/","og_locale":"es_ES","og_type":"article","og_title":"Me acusan de sustracci\u00f3n de menores &#8226; ZAnK","og_description":"\u00bfHa regresado a Alemania con su hijo o se ha marchado definitivamente del pa\u00eds? Si no tiene el consentimiento del otro progenitor o de un tribunal para ello, puede tratarse efectivamente de un caso de sustracci\u00f3n de menores. Probablemente actu\u00f3 con la mejor de las intenciones. Pero las consecuencias para su hijo son enormes. \u00bfQu\u00e9 [&hellip;]","og_url":"https:\/\/zank.de\/es\/ayuda-con\/me-acusan-de-sustraccion-de-menores\/","og_site_name":"ZAnK","article_modified_time":"2024-04-10T07:10:53+00:00","twitter_card":"summary_large_image","twitter_misc":{"Est. reading time":"6 minutes"},"schema":{"@context":"https:\/\/schema.org","@graph":[{"@type":"WebPage","@id":"https:\/\/zank.de\/es\/ayuda-con\/me-acusan-de-sustraccion-de-menores\/","url":"https:\/\/zank.de\/es\/ayuda-con\/me-acusan-de-sustraccion-de-menores\/","name":"Me acusan de sustracci\u00f3n de menores &#8226; ZAnK","isPartOf":{"@id":"https:\/\/zank.de\/#website"},"datePublished":"2021-10-04T08:08:31+00:00","dateModified":"2024-04-10T07:10:53+00:00","breadcrumb":{"@id":"https:\/\/zank.de\/es\/ayuda-con\/me-acusan-de-sustraccion-de-menores\/#breadcrumb"},"inLanguage":"es-ES","potentialAction":[{"@type":"ReadAction","target":["https:\/\/zank.de\/es\/ayuda-con\/me-acusan-de-sustraccion-de-menores\/"]}]},{"@type":"BreadcrumbList","@id":"https:\/\/zank.de\/es\/ayuda-con\/me-acusan-de-sustraccion-de-menores\/#breadcrumb","itemListElement":[{"@type":"ListItem","position":1,"name":"Startseite","item":"https:\/\/zank.de\/es\/"},{"@type":"ListItem","position":2,"name":"Ayuda con&#8230;","item":"https:\/\/zank.de\/es\/ayuda-con\/"},{"@type":"ListItem","position":3,"name":"Me acusan de sustracci\u00f3n de menores"}]},{"@type":"WebSite","@id":"https:\/\/zank.de\/#website","url":"https:\/\/zank.de\/","name":"ZAnK","description":"Zentrale Anlaufstelle f\u00fcr grenz\u00fcberschreitende Kindschaftskonflikte und Mediation","publisher":{"@id":"https:\/\/zank.de\/#organization"},"potentialAction":[{"@type":"SearchAction","target":{"@type":"EntryPoint","urlTemplate":"https:\/\/zank.de\/?s={search_term_string}"},"query-input":{"@type":"PropertyValueSpecification","valueRequired":true,"valueName":"search_term_string"}}],"inLanguage":"es-ES"},{"@type":"Organization","@id":"https:\/\/zank.de\/#organization","name":"ZAnK","url":"https:\/\/zank.de\/","logo":{"@type":"ImageObject","inLanguage":"es-ES","@id":"https:\/\/zank.de\/#\/schema\/logo\/image\/","url":"https:\/\/zank.de\/wp-content\/uploads\/2021\/10\/ZANK_Logo.svg","contentUrl":"https:\/\/zank.de\/wp-content\/uploads\/2021\/10\/ZANK_Logo.svg","width":567,"height":172,"caption":"ZAnK"},"image":{"@id":"https:\/\/zank.de\/#\/schema\/logo\/image\/"}}]}},"_links":{"self":[{"href":"https:\/\/zank.de\/es\/wp-json\/wp\/v2\/pages\/4776","targetHints":{"allow":["GET"]}}],"collection":[{"href":"https:\/\/zank.de\/es\/wp-json\/wp\/v2\/pages"}],"about":[{"href":"https:\/\/zank.de\/es\/wp-json\/wp\/v2\/types\/page"}],"author":[{"embeddable":true,"href":"https:\/\/zank.de\/es\/wp-json\/wp\/v2\/users\/1"}],"replies":[{"embeddable":true,"href":"https:\/\/zank.de\/es\/wp-json\/wp\/v2\/comments?post=4776"}],"version-history":[{"count":5,"href":"https:\/\/zank.de\/es\/wp-json\/wp\/v2\/pages\/4776\/revisions"}],"predecessor-version":[{"id":5443,"href":"https:\/\/zank.de\/es\/wp-json\/wp\/v2\/pages\/4776\/revisions\/5443"}],"up":[{"embeddable":true,"href":"https:\/\/zank.de\/es\/wp-json\/wp\/v2\/pages\/2941"}],"wp:attachment":[{"href":"https:\/\/zank.de\/es\/wp-json\/wp\/v2\/media?parent=4776"}],"curies":[{"name":"wp","href":"https:\/\/api.w.org\/{rel}","templated":true}]}}