{"id":4772,"date":"2021-10-04T10:08:28","date_gmt":"2021-10-04T08:08:28","guid":{"rendered":"https:\/\/zank.de\/ayuda-con\/mit-kind-in-ein-anderes-land-umziehen\/"},"modified":"2022-02-14T18:05:04","modified_gmt":"2022-02-14T17:05:04","slug":"me-gustaria-mudarme-a-otro-pais-solo-con-nuestro-hijo","status":"publish","type":"page","link":"https:\/\/zank.de\/es\/ayuda-con\/me-gustaria-mudarme-a-otro-pais-solo-con-nuestro-hijo\/","title":{"rendered":"Me gustar\u00eda mudarme a otro pa\u00eds solo con nuestro hijo"},"content":{"rendered":"\n<div class=\"wp-block-group alignfull intro-background is-layout-constrained wp-block-group-is-layout-constrained\"><div class=\"breadcrumb page-breadcrumb\"><span><a href=\"https:\/\/zank.de\/es\/\"><span class=\"visually-hidden\">Go to homepage<\/span><svg class=\"icon icon-home\"><use href=\"#home\" \/><\/svg><\/a><\/span><\/div><h1 class=\"entry-title mt-0\">Me gustar\u00eda mudarme a otro pa\u00eds solo con nuestro hijo<\/h1>\n\n\n<p class=\"has-lead-font-size\">Un gran n\u00famero de relaciones se separan, los matrimonios se divorcian. Los ni\u00f1os suelen verse afectados con la separaci\u00f3n de los padres, su mundo no pocas veces se pone patas arriba. Esto puede intensificarse si ustedes, como padres, quieren vivir en diferentes pa\u00edses en el futuro. Puede haber muchas razones plausibles para una mudanza. \u00bfPlanea usted mismo instalarse con su hijo en un pa\u00eds diferente al anterior? Damos asesoramientos sobre las preguntas que se deben aclarar de antemano.<\/p>\n\n\n\n<ul class=\"is-style-anchor wp-block-list\"><li><a href=\"#reubicacion\">Planes de reubicaci\u00f3n<\/a><\/li><li><a href=\"#\"><\/a><a href=\"#cuenta\">\u00bfQu\u00e9 hay que tener en cuenta?<\/a><\/li><li><a href=\"#alternativa\">No es posible llegar a un acuerdo, \u00bfes la \u00fanica alternativa?<\/a><\/li><\/ul>\n<\/div>\n\n\n\n<h2 class=\"is-style-heading-h2 wp-block-heading\" id=\"reubicacion\"><strong>Planes de reubicaci\u00f3n<\/strong><\/h2>\n\n\n\n<p>Nuestra pr\u00e1ctica de asesoramiento lo demuestra: <strong>hay muchas razones para <\/strong>querer mudarse solo con su propio hijo. \u00bfQuiz\u00e1s hay una crisis importante en vuestra relaci\u00f3n, llevan mucho tiempo viviendo separados o nunca han vivido con el otro progenitor del ni\u00f1o? Al mismo tiempo, \u00bfuna oportunidad profesional, la conexi\u00f3n con la familia extensa o alg\u00fan otro factor le atrae al extranjero?<\/p>\n\n\n\n<h2 class=\"is-style-heading-h2 wp-block-heading\" id=\"cuenta\"><strong>\u00bfQu\u00e9 hay que tener en cuenta?<\/strong><\/h2>\n\n\n\n<div class=\"wp-block-group is-style-infobox is-layout-flow wp-block-group-is-layout-flow\">\n<p>En relaci\u00f3n con cualquier plan de traslado, se aplica el siguiente <strong>principio<\/strong>: mientras ambos progenitores ejerzan conjuntamente la patria potestad y, en particular, la parte relevante para un traslado al extranjero, el derecho de residencia, deben <strong>decidir conjuntamente el traslado del menor<\/strong>.<\/p>\n<\/div>\n\n\n\n<p>\u00bfActualmente est\u00e1 en su casa en Alemania y quiere trasladarse al extranjero con su hijo sin el otro progenitor? \u00bfLe gustar\u00eda mudarse (de vuelta) a Alemania desde el extranjero? Para evitar un conflicto o su escalada, debe tratar las siguientes cuestiones con <strong>antelaci\u00f3n:<\/strong><\/p>\n\n\n\n<ul class=\"wp-block-list\"><li>\u00bfTengo la custodia <strong>exclusiva de <\/strong>mi hijo o se me ha concedido <strong>el derecho exclusivo de residencia<\/strong>? Importante: En las constelaciones familiares transfronterizas, la patria potestad no se corresponder\u00e1 necesariamente (solo) con el derecho de custodia alem\u00e1n. Consulte nuestra <a href=\"https:\/\/zank.de\/es\/ayuda-con\/custodia-international\/\">p\u00e1gina sobre la custodia internacional<\/a>.<\/li><li>Aunque tengo derecho a determinar la residencia habitual de nuestro hijo por mi cuenta, \u00bfqu\u00e9 <strong>ventajas <\/strong>puede tener seguir consultando con el otro progenitor? Por el contrario, \u00bfqu\u00e9 <strong>consecuencias puedo <\/strong>esperar si evito el acuerdo?<\/li><li>\u00bfHe escuchado <strong>el punto de vista de mi hijo <\/strong>seg\u00fan su edad y lo he tenido en cuenta seg\u00fan mis posibilidades?<\/li><li>Suponiendo que el derecho de visita del otro progenitor sea ilimitado, \u00bfc\u00f3mo puedo satisfacer la necesidad y el derecho de nuestro hijo a tener contacto regular con ambos progenitores incluso despu\u00e9s de la mudanza? \u00bfC\u00f3mo se puede organizar el <strong>contacto con el otro progenitor m\u00e1s all\u00e1 de las fronteras nacionales<\/strong>?<\/li><\/ul>\n\n\n\n<p>Estas preguntas -que no pretenden ser exhaustivas y deben adaptarse a su vida personal y su situaci\u00f3n familiar- pueden requerir <strong>la ayuda de especialistas<\/strong>. Adem\u00e1s de las ofertas locales, estaremos encantados de ayudarle en calidad de asesores. Nuestro asesoramiento se centra en <strong>salvaguardar los intereses de su hijo, al <\/strong>tiempo que atendemos sus consideraciones <strong>sin juzgarlo.<\/strong><\/p>\n\n\n\n<div class=\"wp-block-buttons is-layout-flex wp-block-buttons-is-layout-flex\">\n<div class=\"wp-block-button\"><a class=\"wp-block-button__link\" href=\"https:\/\/zank.de\/es\/contacto-su-camino-hacia-el-asesoramiento\/\">Contacto<\/a><\/div>\n<\/div>\n\n\n\n<div class=\"wp-block-theme-spacer\" style=\"height:2rem\"><\/div>\n\n\n\n<p>Por supuesto, los puntos anteriores tambi\u00e9n deben tenerse en cuenta si tiene contacto con su hijo y no planea devolverlo a la madre\/padre principal que lo cuida.<\/p>\n\n\n\n<h2 class=\"is-style-heading-h2 wp-block-heading\" id=\"alternativa\"><strong>No es posible llegar a un acuerdo, \u00bfes la \u00fanica alternativa?<\/strong><\/h2>\n\n\n\n<p>Por eso, antes de trasladarse al extranjero con su hijo, el otro progenitor debe dar su consentimiento. Te preguntar\u00e1s <strong>qu\u00e9 puedes hacer <\/strong>si te lo deniegan.<\/p>\n\n\n\n<div class=\"wp-block-theme-accordion accordion-item\"><h3 class=\"accordion-header\" id=\"heading-86afd4c1-93a0-4b36-859d-ca544820aadd\"><button class=\"accordion-button collapsed\" type=\"button\" aria-expanded=\"false\" aria-controls=\"collapse-86afd4c1-93a0-4b36-859d-ca544820aadd\"><span class=\"accordion-button-text\">Crear un consenso<\/span><\/button><\/h3><div id=\"collapse-86afd4c1-93a0-4b36-859d-ca544820aadd\" class=\"accordion-collapse collapse\" aria-labelledby=\"heading-86afd4c1-93a0-4b36-859d-ca544820aadd\"><div class=\"accordion-body\">\n<p>Seg\u00fan nuestra experiencia, incluso en situaciones dif\u00edciles y muy conflictivas, es posible obtener <strong>el consentimiento mediante una comunicaci\u00f3n directa <\/strong>y un intercambio abierto. Pide ayuda a terceros: quiz\u00e1s amigos o familiares podr\u00edan <strong>mediar la situaci\u00f3n<\/strong> o los profesionales podr\u00edan <strong>moderar la conversaci\u00f3n.<\/strong><\/p>\n\n\n\n<p>A menudo, es especialmente importante que el acuerdo ofrezca una buena soluci\u00f3n para el <strong>r\u00e9gimen de visitas, de <\/strong>modo que quede claro que, a pesar de la mudanza, debe mantenerse una buena relaci\u00f3n entre el ni\u00f1o y el progenitor que se queda.<\/p>\n<\/div><\/div><\/div>\n\n\n\n<div class=\"wp-block-theme-accordion accordion-item\"><h3 class=\"accordion-header\" id=\"heading-801a6085-24e6-4e8d-88cb-231364bf8367\"><button class=\"accordion-button collapsed\" type=\"button\" aria-expanded=\"false\" aria-controls=\"collapse-801a6085-24e6-4e8d-88cb-231364bf8367\"><span class=\"accordion-button-text\">Solicitar el consentimiento en el tribunal de familia<\/span><\/button><\/h3><div id=\"collapse-801a6085-24e6-4e8d-88cb-231364bf8367\" class=\"accordion-collapse collapse\" aria-labelledby=\"heading-801a6085-24e6-4e8d-88cb-231364bf8367\"><div class=\"accordion-body\">\n<p>Si el otro progenitor no est\u00e1 dispuesto a aceptar el traslado al extranjero, pero t\u00fa no quieres o no puedes prescindir de \u00e9l, un <strong>tribunal de familia <\/strong>debe decidir al respecto. El tribunal de familia en cuya jurisdicci\u00f3n el ni\u00f1o tiene su anterior residencia habitual es responsable de estos procedimientos.<\/p>\n\n\n\n<p>En <strong>Alemania, <\/strong>sin embargo, un tribunal de familia no puede decidir en qu\u00e9 pa\u00eds debe vivir un ni\u00f1o. En cambio, puede <strong>conceder el derecho de residencia exclusivo a <\/strong>uno u otro progenitor.<\/p>\n\n\n\n<p>Para m\u00e1s informaci\u00f3n sobre la divisi\u00f3n del cuidado parental, v\u00e9ase <a href=\"https:\/\/zank.de\/es\/ayuda-con\/custodia-international\/\">Cuastodia internacional.<\/a><\/p>\n\n\n\n<p>En cuanto se le conceda el derecho exclusivo de residencia, podr\u00e1 trasladarse con su hijo. Es importante que <strong>todo el procedimiento de derecho de familia se complete antes de <\/strong>cambiar el centro de vida del ni\u00f1o.<\/p>\n\n\n\n<div class=\"wp-block-group is-style-infobox is-layout-flow wp-block-group-is-layout-flow\">\n<p><strong>Importante:<\/strong> si vive fuera de Alemania, se aplican las normas de ese pa\u00eds. Esto significa que los <strong>requisitos para salir del pa\u00eds <\/strong>pueden <strong>variar de un pa\u00eds a otro.<\/strong> No en todos los pa\u00edses la custodia exclusiva significa autom\u00e1ticamente el permiso para salir del pa\u00eds con el ni\u00f1o. Es posible que se requiera un permiso por separado para ello.<\/p>\n<\/div>\n\n\n\n<blockquote class=\"wp-block-quote is-layout-flow wp-block-quote-is-layout-flow\"><p>Averig\u00fce en cada caso qu\u00e9 requisitos se aplican y qu\u00e9 normas deben respetarse.<\/p><\/blockquote>\n\n\n\n<p>Si no hay una aclaraci\u00f3n judicial y el progenitor con la custodia compartida (en algunos ordenamientos jur\u00eddicos tambi\u00e9n el progenitor con derecho de visita) no ha dado su consentimiento o incluso lo ha negado expresamente, no debe mudarse. De lo contrario, estar\u00e1 cometiendo una <strong>sustracci\u00f3n internacional de menores<\/strong>. Al hacerlo, no solo est\u00e1 sometiendo a su hijo al cambio que suele acompa\u00f1ar a una mudanza al extranjero, sino que <strong>amenaza con <\/strong>m\u00e1s <strong>consecuencias <\/strong>y, por \u00faltimo, con la <strong>repatriaci\u00f3n<\/strong>.<\/p>\n<\/div><\/div><\/div>\n\n\n\n<div class=\"wp-block-group is-style-infobox is-layout-flow wp-block-group-is-layout-flow\">\n<h3 class=\"wp-block-heading\">\u00bfPueden los padres secuestrar a sus propios hijos?<\/h3>\n\n\n\n<p>S\u00ed, aunque esto signifique algo m\u00e1s que un secuestro con antecedentes penales. Si quiere ir al extranjero con su hijo o quedarse all\u00ed sin poder decidir la estancia del ni\u00f1o solo, es imprescindible que el otro progenitor est\u00e9 de acuerdo con su elecci\u00f3n. Si \u00e9l o ella no est\u00e1 de acuerdo, esto se denomina sustracci\u00f3n de menores.<\/p>\n<\/div>\n\n\n\n<p>\u00bfC\u00f3mo podemos apoyarles en la creaci\u00f3n de las condiciones para <strong>buscar una soluci\u00f3n juntos <\/strong>como padres o para tomar <strong>las medidas legales necesarias<\/strong>? <strong><a href=\"https:\/\/zank.de\/es\/contacto-su-camino-hacia-el-asesoramiento\/\">Hable con nosotros<\/a>.<\/strong><\/p>\n\n\n\n<div class=\"wp-block-group alignfull has-primary-light-background-color has-background is-layout-constrained wp-container-core-group-is-layout-22714b9e wp-block-group-is-layout-constrained\" style=\"padding-top:70px;padding-bottom:70px\">\n<div class=\"wp-block-columns is-style-default is-layout-flex wp-container-core-columns-is-layout-9d6595d7 wp-block-columns-is-layout-flex\">\n<div class=\"wp-block-column is-layout-flow wp-block-column-is-layout-flow\">\n<div class=\"wp-block-group is-style-card is-layout-flow wp-block-group-is-layout-flow\" style=\"padding-top:26px\">\n<h3 class=\"wp-block-heading\" style=\"margin-bottom:15px\">Buscar persona de contacto<\/h3>\n\n\n\n<div class=\"wp-block-buttons is-layout-flex wp-block-buttons-is-layout-flex\">\n<div class=\"wp-block-button\"><a class=\"wp-block-button__link\" href=\"https:\/\/zank.de\/en\/materials-addresses\/contacts\/\">Directorio de direcciones<\/a><\/div>\n<\/div>\n<\/div>\n<\/div>\n\n\n\n<div class=\"wp-block-column is-layout-flow wp-block-column-is-layout-flow\">\n<div class=\"wp-block-group is-style-card is-layout-flow wp-block-group-is-layout-flow\" style=\"padding-top:26px\">\n<h3 class=\"wp-block-heading\" style=\"margin-bottom:15px\">Establecer normas<\/h3>\n\n\n\n<div class=\"wp-block-buttons is-layout-flex wp-block-buttons-is-layout-flex\">\n<div class=\"wp-block-button\"><a class=\"wp-block-button__link\" href=\"https:\/\/zank.de\/es\/ayuda-con\/derecho-de-acceso\/\">Derecho de acceso<\/a><\/div>\n<\/div>\n<\/div>\n<\/div>\n\n\n\n<div class=\"wp-block-column is-layout-flow wp-block-column-is-layout-flow\">\n<div class=\"wp-block-group is-style-card is-layout-flow wp-block-group-is-layout-flow\" style=\"padding-top:26px\">\n<h3 class=\"wp-block-heading\" style=\"margin-bottom:15px\">Contacte con<\/h3>\n\n\n\n<div class=\"wp-block-buttons is-layout-flex wp-block-buttons-is-layout-flex\">\n<div class=\"wp-block-button\"><a class=\"wp-block-button__link\" href=\"https:\/\/zank.de\/es\/contacto-su-camino-hacia-el-asesoramiento\/\">A la consulta<\/a><\/div>\n<\/div>\n<\/div>\n<\/div>\n<\/div>\n<\/div>\n","protected":false},"excerpt":{"rendered":"<p>Un gran n\u00famero de relaciones se separan, los matrimonios se divorcian. Los ni\u00f1os suelen verse afectados con la separaci\u00f3n de los padres, su mundo no pocas veces se pone patas arriba. Esto puede intensificarse si ustedes, como padres, quieren vivir en diferentes pa\u00edses en el futuro. Puede haber muchas razones plausibles para una mudanza. \u00bfPlanea [&hellip;]<\/p>\n","protected":false},"author":1,"featured_media":0,"parent":2941,"menu_order":5,"comment_status":"closed","ping_status":"closed","template":"","meta":{"_acf_changed":false,"footnotes":""},"class_list":["post-4772","page","type-page","status-publish","hentry"],"acf":[],"yoast_head":"<!-- This site is optimized with the Yoast SEO plugin v27.2 - https:\/\/yoast.com\/product\/yoast-seo-wordpress\/ -->\n<title>Me gustar\u00eda mudarme a otro pa\u00eds solo con nuestro hijo &#8226; ZAnK<\/title>\n<meta name=\"robots\" content=\"index, follow, max-snippet:-1, max-image-preview:large, max-video-preview:-1\" \/>\n<link rel=\"canonical\" href=\"https:\/\/zank.de\/es\/ayuda-con\/me-gustaria-mudarme-a-otro-pais-solo-con-nuestro-hijo\/\" \/>\n<meta property=\"og:locale\" content=\"es_ES\" \/>\n<meta property=\"og:type\" content=\"article\" \/>\n<meta property=\"og:title\" content=\"Me gustar\u00eda mudarme a otro pa\u00eds solo con nuestro hijo &#8226; ZAnK\" \/>\n<meta property=\"og:description\" content=\"Un gran n\u00famero de relaciones se separan, los matrimonios se divorcian. Los ni\u00f1os suelen verse afectados con la separaci\u00f3n de los padres, su mundo no pocas veces se pone patas arriba. Esto puede intensificarse si ustedes, como padres, quieren vivir en diferentes pa\u00edses en el futuro. Puede haber muchas razones plausibles para una mudanza. \u00bfPlanea [&hellip;]\" \/>\n<meta property=\"og:url\" content=\"https:\/\/zank.de\/es\/ayuda-con\/me-gustaria-mudarme-a-otro-pais-solo-con-nuestro-hijo\/\" \/>\n<meta property=\"og:site_name\" content=\"ZAnK\" \/>\n<meta property=\"article:modified_time\" content=\"2022-02-14T17:05:04+00:00\" \/>\n<meta name=\"twitter:card\" content=\"summary_large_image\" \/>\n<meta name=\"twitter:label1\" content=\"Est. reading time\" \/>\n\t<meta name=\"twitter:data1\" content=\"6 minutes\" \/>\n<script type=\"application\/ld+json\" class=\"yoast-schema-graph\">{\"@context\":\"https:\/\/schema.org\",\"@graph\":[{\"@type\":\"WebPage\",\"@id\":\"https:\/\/zank.de\/es\/ayuda-con\/me-gustaria-mudarme-a-otro-pais-solo-con-nuestro-hijo\/\",\"url\":\"https:\/\/zank.de\/es\/ayuda-con\/me-gustaria-mudarme-a-otro-pais-solo-con-nuestro-hijo\/\",\"name\":\"Me gustar\u00eda mudarme a otro pa\u00eds solo con nuestro hijo &#8226; ZAnK\",\"isPartOf\":{\"@id\":\"https:\/\/zank.de\/#website\"},\"datePublished\":\"2021-10-04T08:08:28+00:00\",\"dateModified\":\"2022-02-14T17:05:04+00:00\",\"breadcrumb\":{\"@id\":\"https:\/\/zank.de\/es\/ayuda-con\/me-gustaria-mudarme-a-otro-pais-solo-con-nuestro-hijo\/#breadcrumb\"},\"inLanguage\":\"es-ES\",\"potentialAction\":[{\"@type\":\"ReadAction\",\"target\":[\"https:\/\/zank.de\/es\/ayuda-con\/me-gustaria-mudarme-a-otro-pais-solo-con-nuestro-hijo\/\"]}]},{\"@type\":\"BreadcrumbList\",\"@id\":\"https:\/\/zank.de\/es\/ayuda-con\/me-gustaria-mudarme-a-otro-pais-solo-con-nuestro-hijo\/#breadcrumb\",\"itemListElement\":[{\"@type\":\"ListItem\",\"position\":1,\"name\":\"Startseite\",\"item\":\"https:\/\/zank.de\/es\/\"},{\"@type\":\"ListItem\",\"position\":2,\"name\":\"Ayuda con&#8230;\",\"item\":\"https:\/\/zank.de\/es\/ayuda-con\/\"},{\"@type\":\"ListItem\",\"position\":3,\"name\":\"Me gustar\u00eda mudarme a otro pa\u00eds solo con nuestro hijo\"}]},{\"@type\":\"WebSite\",\"@id\":\"https:\/\/zank.de\/#website\",\"url\":\"https:\/\/zank.de\/\",\"name\":\"ZAnK\",\"description\":\"Zentrale Anlaufstelle f\u00fcr grenz\u00fcberschreitende Kindschaftskonflikte und Mediation\",\"publisher\":{\"@id\":\"https:\/\/zank.de\/#organization\"},\"potentialAction\":[{\"@type\":\"SearchAction\",\"target\":{\"@type\":\"EntryPoint\",\"urlTemplate\":\"https:\/\/zank.de\/?s={search_term_string}\"},\"query-input\":{\"@type\":\"PropertyValueSpecification\",\"valueRequired\":true,\"valueName\":\"search_term_string\"}}],\"inLanguage\":\"es-ES\"},{\"@type\":\"Organization\",\"@id\":\"https:\/\/zank.de\/#organization\",\"name\":\"ZAnK\",\"url\":\"https:\/\/zank.de\/\",\"logo\":{\"@type\":\"ImageObject\",\"inLanguage\":\"es-ES\",\"@id\":\"https:\/\/zank.de\/#\/schema\/logo\/image\/\",\"url\":\"https:\/\/zank.de\/wp-content\/uploads\/2021\/10\/ZANK_Logo.svg\",\"contentUrl\":\"https:\/\/zank.de\/wp-content\/uploads\/2021\/10\/ZANK_Logo.svg\",\"width\":567,\"height\":172,\"caption\":\"ZAnK\"},\"image\":{\"@id\":\"https:\/\/zank.de\/#\/schema\/logo\/image\/\"}}]}<\/script>\n<!-- \/ Yoast SEO plugin. -->","yoast_head_json":{"title":"Me gustar\u00eda mudarme a otro pa\u00eds solo con nuestro hijo &#8226; ZAnK","robots":{"index":"index","follow":"follow","max-snippet":"max-snippet:-1","max-image-preview":"max-image-preview:large","max-video-preview":"max-video-preview:-1"},"canonical":"https:\/\/zank.de\/es\/ayuda-con\/me-gustaria-mudarme-a-otro-pais-solo-con-nuestro-hijo\/","og_locale":"es_ES","og_type":"article","og_title":"Me gustar\u00eda mudarme a otro pa\u00eds solo con nuestro hijo &#8226; ZAnK","og_description":"Un gran n\u00famero de relaciones se separan, los matrimonios se divorcian. Los ni\u00f1os suelen verse afectados con la separaci\u00f3n de los padres, su mundo no pocas veces se pone patas arriba. Esto puede intensificarse si ustedes, como padres, quieren vivir en diferentes pa\u00edses en el futuro. Puede haber muchas razones plausibles para una mudanza. \u00bfPlanea [&hellip;]","og_url":"https:\/\/zank.de\/es\/ayuda-con\/me-gustaria-mudarme-a-otro-pais-solo-con-nuestro-hijo\/","og_site_name":"ZAnK","article_modified_time":"2022-02-14T17:05:04+00:00","twitter_card":"summary_large_image","twitter_misc":{"Est. reading time":"6 minutes"},"schema":{"@context":"https:\/\/schema.org","@graph":[{"@type":"WebPage","@id":"https:\/\/zank.de\/es\/ayuda-con\/me-gustaria-mudarme-a-otro-pais-solo-con-nuestro-hijo\/","url":"https:\/\/zank.de\/es\/ayuda-con\/me-gustaria-mudarme-a-otro-pais-solo-con-nuestro-hijo\/","name":"Me gustar\u00eda mudarme a otro pa\u00eds solo con nuestro hijo &#8226; ZAnK","isPartOf":{"@id":"https:\/\/zank.de\/#website"},"datePublished":"2021-10-04T08:08:28+00:00","dateModified":"2022-02-14T17:05:04+00:00","breadcrumb":{"@id":"https:\/\/zank.de\/es\/ayuda-con\/me-gustaria-mudarme-a-otro-pais-solo-con-nuestro-hijo\/#breadcrumb"},"inLanguage":"es-ES","potentialAction":[{"@type":"ReadAction","target":["https:\/\/zank.de\/es\/ayuda-con\/me-gustaria-mudarme-a-otro-pais-solo-con-nuestro-hijo\/"]}]},{"@type":"BreadcrumbList","@id":"https:\/\/zank.de\/es\/ayuda-con\/me-gustaria-mudarme-a-otro-pais-solo-con-nuestro-hijo\/#breadcrumb","itemListElement":[{"@type":"ListItem","position":1,"name":"Startseite","item":"https:\/\/zank.de\/es\/"},{"@type":"ListItem","position":2,"name":"Ayuda con&#8230;","item":"https:\/\/zank.de\/es\/ayuda-con\/"},{"@type":"ListItem","position":3,"name":"Me gustar\u00eda mudarme a otro pa\u00eds solo con nuestro hijo"}]},{"@type":"WebSite","@id":"https:\/\/zank.de\/#website","url":"https:\/\/zank.de\/","name":"ZAnK","description":"Zentrale Anlaufstelle f\u00fcr grenz\u00fcberschreitende Kindschaftskonflikte und Mediation","publisher":{"@id":"https:\/\/zank.de\/#organization"},"potentialAction":[{"@type":"SearchAction","target":{"@type":"EntryPoint","urlTemplate":"https:\/\/zank.de\/?s={search_term_string}"},"query-input":{"@type":"PropertyValueSpecification","valueRequired":true,"valueName":"search_term_string"}}],"inLanguage":"es-ES"},{"@type":"Organization","@id":"https:\/\/zank.de\/#organization","name":"ZAnK","url":"https:\/\/zank.de\/","logo":{"@type":"ImageObject","inLanguage":"es-ES","@id":"https:\/\/zank.de\/#\/schema\/logo\/image\/","url":"https:\/\/zank.de\/wp-content\/uploads\/2021\/10\/ZANK_Logo.svg","contentUrl":"https:\/\/zank.de\/wp-content\/uploads\/2021\/10\/ZANK_Logo.svg","width":567,"height":172,"caption":"ZAnK"},"image":{"@id":"https:\/\/zank.de\/#\/schema\/logo\/image\/"}}]}},"_links":{"self":[{"href":"https:\/\/zank.de\/es\/wp-json\/wp\/v2\/pages\/4772","targetHints":{"allow":["GET"]}}],"collection":[{"href":"https:\/\/zank.de\/es\/wp-json\/wp\/v2\/pages"}],"about":[{"href":"https:\/\/zank.de\/es\/wp-json\/wp\/v2\/types\/page"}],"author":[{"embeddable":true,"href":"https:\/\/zank.de\/es\/wp-json\/wp\/v2\/users\/1"}],"replies":[{"embeddable":true,"href":"https:\/\/zank.de\/es\/wp-json\/wp\/v2\/comments?post=4772"}],"version-history":[{"count":4,"href":"https:\/\/zank.de\/es\/wp-json\/wp\/v2\/pages\/4772\/revisions"}],"predecessor-version":[{"id":4856,"href":"https:\/\/zank.de\/es\/wp-json\/wp\/v2\/pages\/4772\/revisions\/4856"}],"up":[{"embeddable":true,"href":"https:\/\/zank.de\/es\/wp-json\/wp\/v2\/pages\/2941"}],"wp:attachment":[{"href":"https:\/\/zank.de\/es\/wp-json\/wp\/v2\/media?parent=4772"}],"curies":[{"name":"wp","href":"https:\/\/api.w.org\/{rel}","templated":true}]}}