{"id":2941,"date":"2021-10-04T10:08:06","date_gmt":"2021-10-04T08:08:06","guid":{"rendered":"https:\/\/zank.de\/hilfe-bei\/"},"modified":"2022-02-14T22:10:43","modified_gmt":"2022-02-14T21:10:43","slug":"ayuda-con","status":"publish","type":"page","link":"https:\/\/zank.de\/es\/ayuda-con\/","title":{"rendered":"Ayuda con&#8230;"},"content":{"rendered":"\n<div class=\"wp-block-group alignfull intro-background intro-bubble-left is-layout-constrained wp-container-core-group-is-layout-ba54016c wp-block-group-is-layout-constrained\" style=\"padding-top:11px;padding-bottom:3rem\"><div class=\"breadcrumb page-breadcrumb\"><span><a href=\"https:\/\/zank.de\/es\/\"><span class=\"visually-hidden\">Go to homepage<\/span><svg class=\"icon icon-home\"><use href=\"#home\" \/><\/svg><\/a><\/span><\/div><h1 class=\"entry-title mt-0\">Ayuda con&#8230;<\/h1>\n\n\n<div class=\"wp-block-columns is-layout-flex wp-container-core-columns-is-layout-9d6595d7 wp-block-columns-is-layout-flex\">\n<div class=\"wp-block-column is-layout-flow wp-block-column-is-layout-flow\" style=\"flex-basis:66.66%\">\n<p class=\"has-h-3-font-size\"><em>Si se separan como padres, su familia vivir\u00e1 momentos tormentosos.<\/em><\/p>\n\n\n\n<div class=\"wp-block-theme-spacer\" style=\"height:1.2rem\"><\/div>\n\n\n\n<p class=\"has-lead-font-size\">Surgen muchas preguntas sobre el futuro de su hijo o hijos comunes. \u00bfC\u00f3mo pueden ambos seguir cuidando de su hijo? \u00bfC\u00f3mo se comunican los padres de forma vinculante y respetuosa a pesar de tener sentimientos como el dolor y la ira? \u00bfY c\u00f3mo se puede tener \u00e9xito -en el caso de una conexi\u00f3n extranjera- incluso a trav\u00e9s de las fronteras?<\/p>\n<\/div>\n\n\n\n<div class=\"wp-block-column is-layout-flow wp-block-column-is-layout-flow\" style=\"flex-basis:31.33%\"><\/div>\n<\/div>\n\n\n\n<div class=\"wp-block-theme-spacer\" style=\"height:4.4rem\"><\/div>\n\n\n\n<div class=\"wp-block-media-text alignwide has-media-on-the-right is-stacked-on-mobile is-vertically-aligned-top is-image-fill padding-sm is-style-with-shadow\" style=\"grid-template-columns:auto 31.5%\"><figure class=\"wp-block-media-text__media\" style=\"background-image:url(https:\/\/zank.de\/wp-content\/uploads\/2021\/12\/Pfeil.svg);background-position:50% 50%\"><img loading=\"lazy\" decoding=\"async\" width=\"268\" height=\"268\" src=\"https:\/\/zank.de\/wp-content\/uploads\/2021\/12\/Pfeil.svg\" alt=\"\" class=\"wp-image-1368 size-full\"\/><\/figure><div class=\"wp-block-media-text__content\">\n<h2 class=\"has-h-3-font-size wp-block-heading\">Custodia internacional<\/h2>\n\n\n\n<p style=\"margin-bottom:24px\"><strong>Como pareja que vive separada, tienes que encontrar acuerdos relativos a su cuidado parental.<\/strong> Esto no siempre se consigue con un mutuo acuerdo. Nuestra pr\u00e1ctica de asesoramiento lo demuestra. Especialmente si la familia se encuentra en m\u00e1s de un pa\u00eds, hay muchas l\u00edneas de conflicto, regulaciones internacionales y particularidades a tener en cuenta. Obtenga m\u00e1s informaci\u00f3n aqu\u00ed.<\/p>\n\n\n\n<div class=\"wp-block-buttons mb-1 is-layout-flex wp-block-buttons-is-layout-flex\">\n<div class=\"wp-block-button\"><a class=\"wp-block-button__link\" href=\"https:\/\/zank.de\/es\/ayuda-con\/custodia-international\/\">M\u00e1s sobre el cuidado de los padres<\/a><\/div>\n<\/div>\n<\/div><\/div>\n\n\n\n<div class=\"wp-block-theme-spacer\" style=\"height:2.6rem\"><\/div>\n\n\n\n<div class=\"wp-block-media-text alignwide has-media-on-the-right is-stacked-on-mobile is-vertically-aligned-top is-image-fill padding-sm is-style-with-shadow has-primary-light-background-color has-background\" style=\"grid-template-columns:auto 31.5%\"><figure class=\"wp-block-media-text__media\" style=\"background-image:url(https:\/\/zank.de\/wp-content\/uploads\/2021\/12\/Pfeil_umgekehrt.svg);background-position:50% 50%\"><img loading=\"lazy\" decoding=\"async\" width=\"268\" height=\"268\" src=\"https:\/\/zank.de\/wp-content\/uploads\/2021\/12\/Pfeil_umgekehrt.svg\" alt=\"\" class=\"wp-image-1861 size-full\"\/><\/figure><div class=\"wp-block-media-text__content\">\n<h2 class=\"has-h-3-font-size wp-block-heading\">Derecho de acceso<\/h2>\n\n\n\n<p style=\"margin-bottom:26px\"><strong>Los ni\u00f1os tienen derecho a tener contacto con ambos padres.<\/strong> Nos gustar\u00eda ayudarle a vivir un acuerdo de contacto exitoso incluso m\u00e1s all\u00e1 de las fronteras nacionales porque las visitas regulares, as\u00ed como el contacto telef\u00f3nico con el progenitor que se ha mudado, pueden dar al ni\u00f1o la sensaci\u00f3n de poder estar seguro en su familia incluso despu\u00e9s de la separaci\u00f3n o el divorcio.<\/p>\n\n\n\n<div class=\"wp-block-buttons is-layout-flex wp-block-buttons-is-layout-flex\">\n<div class=\"wp-block-button\"><a class=\"wp-block-button__link\" href=\"https:\/\/zank.de\/es\/ayuda-con\/derecho-de-acceso\/\">M\u00e1s informaci\u00f3n sobre el derecho de acceso<\/a><\/div>\n<\/div>\n<\/div><\/div>\n\n\n\n<div class=\"wp-block-theme-spacer\" style=\"height:2.6rem\"><\/div>\n\n\n\n<div class=\"wp-block-media-text alignwide has-media-on-the-right is-stacked-on-mobile is-vertically-aligned-top is-image-fill padding-sm is-style-with-shadow\" style=\"grid-template-columns:auto 31.5%\"><figure class=\"wp-block-media-text__media\" style=\"background-image:url(https:\/\/zank.de\/wp-content\/uploads\/2021\/12\/Pfeil.svg);background-position:50% 50%\"><img loading=\"lazy\" decoding=\"async\" width=\"268\" height=\"268\" src=\"https:\/\/zank.de\/wp-content\/uploads\/2021\/12\/Pfeil.svg\" alt=\"\" class=\"wp-image-1368 size-full\"\/><\/figure><div class=\"wp-block-media-text__content\">\n<h2 class=\"has-h-3-font-size wp-block-heading\">Tengo miedo al secuestro de ni\u00f1os<\/h2>\n\n\n\n<p style=\"margin-bottom:24px\"><strong>A veces, en una crisis de separaci\u00f3n, puede surgir el temor de que la (ex) pareja desaparezca con el hijo com\u00fan<\/strong>. Ya sea por una amenaza o por saber que ustedes, como padres, quieren vivir en pa\u00edses diferentes. Si es consciente de este miedo, nos gustar\u00eda darle sugerencias sobre d\u00f3nde obtener ayuda y qu\u00e9 medidas preventivas puede tomar.<\/p>\n\n\n\n<div class=\"wp-block-buttons mb-1 is-layout-flex wp-block-buttons-is-layout-flex\">\n<div class=\"wp-block-button\"><a class=\"wp-block-button__link\" href=\"https:\/\/zank.de\/es\/ayuda-con\/tengo-miedo-de-que-el-otro-padre-secuestre-a-nuestro-hijo-en-otro-pais\/\">Sus opciones en caso de temor a la sustracci\u00f3n de menores<\/a><\/div>\n<\/div>\n<\/div><\/div>\n\n\n\n<div class=\"wp-block-theme-spacer\" style=\"height:2.6rem\"><\/div>\n\n\n\n<div class=\"wp-block-media-text alignwide has-media-on-the-right is-stacked-on-mobile is-vertically-aligned-top is-image-fill padding-sm is-style-with-shadow has-primary-light-background-color has-background\" style=\"grid-template-columns:auto 31.5%\"><figure class=\"wp-block-media-text__media\" style=\"background-image:url(https:\/\/zank.de\/wp-content\/uploads\/2021\/12\/Pfeil_umgekehrt.svg);background-position:50% 50%\"><img loading=\"lazy\" decoding=\"async\" width=\"268\" height=\"268\" src=\"https:\/\/zank.de\/wp-content\/uploads\/2021\/12\/Pfeil_umgekehrt.svg\" alt=\"\" class=\"wp-image-1861 size-full\"\/><\/figure><div class=\"wp-block-media-text__content\">\n<h2 class=\"has-h-3-font-size wp-block-heading\">Mi hijo fue secuestrado<\/h2>\n\n\n\n<p style=\"margin-bottom:26px\"><strong>La sustracci\u00f3n internacional de menores es una escalada particular de un conflicto parental.<\/strong> \u00bfCu\u00e1ndo se habla de secuestro de ni\u00f1os? \u00bfQu\u00e9 mueve a uno de los progenitores a llevarse al ni\u00f1o al extranjero contra la voluntad del otro o a mantenerlo all\u00ed?&nbsp; Ahora surgen muchas preguntas. Aqu\u00ed le explicamos lo que puede hacer concretamente si se ve afectado como madre o padre que se ha quedado sin poder ver a su hijo.<\/p>\n\n\n\n<div class=\"wp-block-buttons is-layout-flex wp-block-buttons-is-layout-flex\">\n<div class=\"wp-block-button\"><a class=\"wp-block-button__link\" href=\"https:\/\/zank.de\/es\/ayuda-con\/mi-hijo-fue-secuestrado\/\">Se ha producido una sustracci\u00f3n de menores<\/a><\/div>\n<\/div>\n<\/div><\/div>\n\n\n\n<div class=\"wp-block-theme-spacer\" style=\"height:2.6rem\"><\/div>\n\n\n\n<div class=\"wp-block-media-text alignwide has-media-on-the-right is-stacked-on-mobile is-vertically-aligned-top is-image-fill padding-sm is-style-with-shadow\" style=\"grid-template-columns:auto 31.5%\"><figure class=\"wp-block-media-text__media\" style=\"background-image:url(https:\/\/zank.de\/wp-content\/uploads\/2021\/12\/Pfeil.svg);background-position:50% 50%\"><img loading=\"lazy\" decoding=\"async\" width=\"268\" height=\"268\" src=\"https:\/\/zank.de\/wp-content\/uploads\/2021\/12\/Pfeil.svg\" alt=\"\" class=\"wp-image-1368 size-full\"\/><\/figure><div class=\"wp-block-media-text__content\">\n<h2 class=\"has-h-3-font-size wp-block-heading\">Me gustar\u00eda mudarme con mi hijo a otro pa\u00eds<\/h2>\n\n\n\n<p style=\"margin-bottom:24px\"><strong>Un gran n\u00famero de relaciones se separan y los matrimonios se divorcian.<\/strong> Los ni\u00f1os suelen verse afectados con la separaci\u00f3n de los padres, su mundo no pocas veces se pone patas arriba. Esto puede intensificarse si ustedes, como padres, quieren vivir en diferentes pa\u00edses en el futuro. \u00bfPiensa instalarse con su hijo en un pa\u00eds diferente al anterior? Aconsejamos sobre las preguntas que hay que aclarar de antemano.<\/p>\n\n\n\n<div class=\"wp-block-buttons mb-1 is-layout-flex wp-block-buttons-is-layout-flex\">\n<div class=\"wp-block-button\"><a class=\"wp-block-button__link\" href=\"https:\/\/zank.de\/es\/ayuda-con\/me-gustaria-mudarme-a-otro-pais-solo-con-nuestro-hijo\/\">Qu\u00e9 hay que tener en cuenta a la hora de hacer planes de mudanza<\/a><\/div>\n<\/div>\n<\/div><\/div>\n\n\n\n<div class=\"wp-block-theme-spacer\" style=\"height:2.6rem\"><\/div>\n\n\n\n<div class=\"wp-block-media-text alignwide has-media-on-the-right is-stacked-on-mobile is-vertically-aligned-top is-image-fill padding-sm is-style-with-shadow has-primary-light-background-color has-background\" style=\"grid-template-columns:auto 31.5%\"><figure class=\"wp-block-media-text__media\" style=\"background-image:url(https:\/\/zank.de\/wp-content\/uploads\/2021\/12\/Pfeil_umgekehrt.svg);background-position:50% 50%\"><img loading=\"lazy\" decoding=\"async\" width=\"268\" height=\"268\" src=\"https:\/\/zank.de\/wp-content\/uploads\/2021\/12\/Pfeil_umgekehrt.svg\" alt=\"\" class=\"wp-image-1861 size-full\"\/><\/figure><div class=\"wp-block-media-text__content\">\n<h2 class=\"has-h-3-font-size wp-block-heading\">Me acusan de sustracci\u00f3n de menores<\/h2>\n\n\n\n<p style=\"margin-bottom:26px\">\u00bfHa <strong>regresado a Alemania con su hijo o se ha marchado definitivamente del pa\u00eds?<\/strong> Si falta el consentimiento del otro progenitor o de un tribunal para ello, puede tratarse efectivamente de un caso de sustracci\u00f3n de menores. Probablemente actu\u00f3 con la mejor de las intenciones. Pero las consecuencias para tu hijo son enormes. \u00bfQu\u00e9 debe hacer ahora? Perm\u00edtanos ser un apoyo para afrontar el conflicto sobre el ni\u00f1o y actuar en el mejor inter\u00e9s de su hijo.<\/p>\n\n\n\n<div class=\"wp-block-buttons is-layout-flex wp-block-buttons-is-layout-flex\">\n<div class=\"wp-block-button\"><a class=\"wp-block-button__link\" href=\"https:\/\/zank.de\/es\/ayuda-con\/me-acusan-de-sustraccion-de-menores\/\">Respondiendo a la acusaci\u00f3n de secuestro<\/a><\/div>\n<\/div>\n<\/div><\/div>\n\n\n\n<div class=\"wp-block-theme-spacer\" style=\"height:2.6rem\"><\/div>\n\n\n\n<div class=\"wp-block-media-text alignwide has-media-on-the-right is-stacked-on-mobile is-vertically-aligned-top is-image-fill is-style-with-shadow\" style=\"grid-template-columns:auto 31.5%\"><figure class=\"wp-block-media-text__media\" style=\"background-image:url(https:\/\/zank.de\/wp-content\/uploads\/2021\/12\/Pfeil.svg);background-position:50% 50%\"><img loading=\"lazy\" decoding=\"async\" width=\"268\" height=\"268\" src=\"https:\/\/zank.de\/wp-content\/uploads\/2021\/12\/Pfeil.svg\" alt=\"\" class=\"wp-image-2275 size-full\"\/><\/figure><div class=\"wp-block-media-text__content\">\n<h2 class=\"has-h-3-font-size wp-block-heading\">Qu\u00e9 hacer en un caso agudo de secuestro<\/h2>\n\n\n\n<p>\u00bfTeme que se produzca o sea inminente el secuestro de un ni\u00f1o? Aqu\u00ed encontrar\u00e1 un resumen de las primeras opciones para actuar en estas situaciones agudas.<\/p>\n\n\n\n<div class=\"wp-block-buttons is-layout-flex wp-block-buttons-is-layout-flex\">\n<div class=\"wp-block-button\"><a class=\"wp-block-button__link\" href=\"https:\/\/zank.de\/es\/que-hacer-en-un-caso-agudo-de-secuestro\/\">Primeros pasos en un caso agudo<\/a><\/div>\n<\/div>\n\n\n\n<div class=\"wp-block-theme-spacer\" style=\"height:0.5rem\"><\/div>\n<\/div><\/div>\n\n\n\n<div class=\"wp-block-theme-spacer\" style=\"height:0.5rem\"><\/div>\n<\/div>\n","protected":false},"excerpt":{"rendered":"<p>Si se separan como padres, su familia vivir\u00e1 momentos tormentosos. Surgen muchas preguntas sobre el futuro de su hijo o hijos comunes. \u00bfC\u00f3mo pueden ambos seguir cuidando de su hijo? \u00bfC\u00f3mo se comunican los padres de forma vinculante y respetuosa a pesar de tener sentimientos como el dolor y la ira? \u00bfY c\u00f3mo se puede [&hellip;]<\/p>\n","protected":false},"author":1,"featured_media":0,"parent":0,"menu_order":0,"comment_status":"closed","ping_status":"closed","template":"","meta":{"_acf_changed":false,"footnotes":""},"class_list":["post-2941","page","type-page","status-publish","hentry"],"acf":[],"yoast_head":"<!-- This site is optimized with the Yoast SEO plugin v27.2 - https:\/\/yoast.com\/product\/yoast-seo-wordpress\/ -->\n<title>Ayuda con... &#8226; ZAnK<\/title>\n<meta name=\"robots\" content=\"index, follow, max-snippet:-1, max-image-preview:large, max-video-preview:-1\" \/>\n<link rel=\"canonical\" href=\"https:\/\/zank.de\/es\/ayuda-con\/\" \/>\n<meta property=\"og:locale\" content=\"es_ES\" \/>\n<meta property=\"og:type\" content=\"article\" \/>\n<meta property=\"og:title\" content=\"Ayuda con... &#8226; ZAnK\" \/>\n<meta property=\"og:description\" content=\"Si se separan como padres, su familia vivir\u00e1 momentos tormentosos. Surgen muchas preguntas sobre el futuro de su hijo o hijos comunes. \u00bfC\u00f3mo pueden ambos seguir cuidando de su hijo? \u00bfC\u00f3mo se comunican los padres de forma vinculante y respetuosa a pesar de tener sentimientos como el dolor y la ira? \u00bfY c\u00f3mo se puede [&hellip;]\" \/>\n<meta property=\"og:url\" content=\"https:\/\/zank.de\/es\/ayuda-con\/\" \/>\n<meta property=\"og:site_name\" content=\"ZAnK\" \/>\n<meta property=\"article:modified_time\" content=\"2022-02-14T21:10:43+00:00\" \/>\n<meta property=\"og:image\" content=\"https:\/\/zank.de\/wp-content\/uploads\/2021\/12\/Pfeil.svg\" \/>\n<meta name=\"twitter:card\" content=\"summary_large_image\" \/>\n<meta name=\"twitter:label1\" content=\"Est. reading time\" \/>\n\t<meta name=\"twitter:data1\" content=\"5 minutes\" \/>\n<script type=\"application\/ld+json\" class=\"yoast-schema-graph\">{\"@context\":\"https:\/\/schema.org\",\"@graph\":[{\"@type\":\"WebPage\",\"@id\":\"https:\/\/zank.de\/es\/ayuda-con\/\",\"url\":\"https:\/\/zank.de\/es\/ayuda-con\/\",\"name\":\"Ayuda con... &#8226; ZAnK\",\"isPartOf\":{\"@id\":\"https:\/\/zank.de\/#website\"},\"primaryImageOfPage\":{\"@id\":\"https:\/\/zank.de\/es\/ayuda-con\/#primaryimage\"},\"image\":{\"@id\":\"https:\/\/zank.de\/es\/ayuda-con\/#primaryimage\"},\"thumbnailUrl\":\"https:\/\/zank.de\/wp-content\/uploads\/2021\/12\/Pfeil.svg\",\"datePublished\":\"2021-10-04T08:08:06+00:00\",\"dateModified\":\"2022-02-14T21:10:43+00:00\",\"breadcrumb\":{\"@id\":\"https:\/\/zank.de\/es\/ayuda-con\/#breadcrumb\"},\"inLanguage\":\"es-ES\",\"potentialAction\":[{\"@type\":\"ReadAction\",\"target\":[\"https:\/\/zank.de\/es\/ayuda-con\/\"]}]},{\"@type\":\"ImageObject\",\"inLanguage\":\"es-ES\",\"@id\":\"https:\/\/zank.de\/es\/ayuda-con\/#primaryimage\",\"url\":\"https:\/\/zank.de\/wp-content\/uploads\/2021\/12\/Pfeil.svg\",\"contentUrl\":\"https:\/\/zank.de\/wp-content\/uploads\/2021\/12\/Pfeil.svg\"},{\"@type\":\"BreadcrumbList\",\"@id\":\"https:\/\/zank.de\/es\/ayuda-con\/#breadcrumb\",\"itemListElement\":[{\"@type\":\"ListItem\",\"position\":1,\"name\":\"Startseite\",\"item\":\"https:\/\/zank.de\/es\/\"},{\"@type\":\"ListItem\",\"position\":2,\"name\":\"Ayuda con&#8230;\"}]},{\"@type\":\"WebSite\",\"@id\":\"https:\/\/zank.de\/#website\",\"url\":\"https:\/\/zank.de\/\",\"name\":\"ZAnK\",\"description\":\"Zentrale Anlaufstelle f\u00fcr grenz\u00fcberschreitende Kindschaftskonflikte und Mediation\",\"publisher\":{\"@id\":\"https:\/\/zank.de\/#organization\"},\"potentialAction\":[{\"@type\":\"SearchAction\",\"target\":{\"@type\":\"EntryPoint\",\"urlTemplate\":\"https:\/\/zank.de\/?s={search_term_string}\"},\"query-input\":{\"@type\":\"PropertyValueSpecification\",\"valueRequired\":true,\"valueName\":\"search_term_string\"}}],\"inLanguage\":\"es-ES\"},{\"@type\":\"Organization\",\"@id\":\"https:\/\/zank.de\/#organization\",\"name\":\"ZAnK\",\"url\":\"https:\/\/zank.de\/\",\"logo\":{\"@type\":\"ImageObject\",\"inLanguage\":\"es-ES\",\"@id\":\"https:\/\/zank.de\/#\/schema\/logo\/image\/\",\"url\":\"https:\/\/zank.de\/wp-content\/uploads\/2021\/10\/ZANK_Logo.svg\",\"contentUrl\":\"https:\/\/zank.de\/wp-content\/uploads\/2021\/10\/ZANK_Logo.svg\",\"width\":567,\"height\":172,\"caption\":\"ZAnK\"},\"image\":{\"@id\":\"https:\/\/zank.de\/#\/schema\/logo\/image\/\"}}]}<\/script>\n<!-- \/ Yoast SEO plugin. -->","yoast_head_json":{"title":"Ayuda con... &#8226; ZAnK","robots":{"index":"index","follow":"follow","max-snippet":"max-snippet:-1","max-image-preview":"max-image-preview:large","max-video-preview":"max-video-preview:-1"},"canonical":"https:\/\/zank.de\/es\/ayuda-con\/","og_locale":"es_ES","og_type":"article","og_title":"Ayuda con... &#8226; ZAnK","og_description":"Si se separan como padres, su familia vivir\u00e1 momentos tormentosos. Surgen muchas preguntas sobre el futuro de su hijo o hijos comunes. \u00bfC\u00f3mo pueden ambos seguir cuidando de su hijo? \u00bfC\u00f3mo se comunican los padres de forma vinculante y respetuosa a pesar de tener sentimientos como el dolor y la ira? \u00bfY c\u00f3mo se puede [&hellip;]","og_url":"https:\/\/zank.de\/es\/ayuda-con\/","og_site_name":"ZAnK","article_modified_time":"2022-02-14T21:10:43+00:00","og_image":[{"url":"https:\/\/zank.de\/wp-content\/uploads\/2021\/12\/Pfeil.svg","type":"","width":"","height":""}],"twitter_card":"summary_large_image","twitter_misc":{"Est. reading time":"5 minutes"},"schema":{"@context":"https:\/\/schema.org","@graph":[{"@type":"WebPage","@id":"https:\/\/zank.de\/es\/ayuda-con\/","url":"https:\/\/zank.de\/es\/ayuda-con\/","name":"Ayuda con... &#8226; ZAnK","isPartOf":{"@id":"https:\/\/zank.de\/#website"},"primaryImageOfPage":{"@id":"https:\/\/zank.de\/es\/ayuda-con\/#primaryimage"},"image":{"@id":"https:\/\/zank.de\/es\/ayuda-con\/#primaryimage"},"thumbnailUrl":"https:\/\/zank.de\/wp-content\/uploads\/2021\/12\/Pfeil.svg","datePublished":"2021-10-04T08:08:06+00:00","dateModified":"2022-02-14T21:10:43+00:00","breadcrumb":{"@id":"https:\/\/zank.de\/es\/ayuda-con\/#breadcrumb"},"inLanguage":"es-ES","potentialAction":[{"@type":"ReadAction","target":["https:\/\/zank.de\/es\/ayuda-con\/"]}]},{"@type":"ImageObject","inLanguage":"es-ES","@id":"https:\/\/zank.de\/es\/ayuda-con\/#primaryimage","url":"https:\/\/zank.de\/wp-content\/uploads\/2021\/12\/Pfeil.svg","contentUrl":"https:\/\/zank.de\/wp-content\/uploads\/2021\/12\/Pfeil.svg"},{"@type":"BreadcrumbList","@id":"https:\/\/zank.de\/es\/ayuda-con\/#breadcrumb","itemListElement":[{"@type":"ListItem","position":1,"name":"Startseite","item":"https:\/\/zank.de\/es\/"},{"@type":"ListItem","position":2,"name":"Ayuda con&#8230;"}]},{"@type":"WebSite","@id":"https:\/\/zank.de\/#website","url":"https:\/\/zank.de\/","name":"ZAnK","description":"Zentrale Anlaufstelle f\u00fcr grenz\u00fcberschreitende Kindschaftskonflikte und Mediation","publisher":{"@id":"https:\/\/zank.de\/#organization"},"potentialAction":[{"@type":"SearchAction","target":{"@type":"EntryPoint","urlTemplate":"https:\/\/zank.de\/?s={search_term_string}"},"query-input":{"@type":"PropertyValueSpecification","valueRequired":true,"valueName":"search_term_string"}}],"inLanguage":"es-ES"},{"@type":"Organization","@id":"https:\/\/zank.de\/#organization","name":"ZAnK","url":"https:\/\/zank.de\/","logo":{"@type":"ImageObject","inLanguage":"es-ES","@id":"https:\/\/zank.de\/#\/schema\/logo\/image\/","url":"https:\/\/zank.de\/wp-content\/uploads\/2021\/10\/ZANK_Logo.svg","contentUrl":"https:\/\/zank.de\/wp-content\/uploads\/2021\/10\/ZANK_Logo.svg","width":567,"height":172,"caption":"ZAnK"},"image":{"@id":"https:\/\/zank.de\/#\/schema\/logo\/image\/"}}]}},"_links":{"self":[{"href":"https:\/\/zank.de\/es\/wp-json\/wp\/v2\/pages\/2941","targetHints":{"allow":["GET"]}}],"collection":[{"href":"https:\/\/zank.de\/es\/wp-json\/wp\/v2\/pages"}],"about":[{"href":"https:\/\/zank.de\/es\/wp-json\/wp\/v2\/types\/page"}],"author":[{"embeddable":true,"href":"https:\/\/zank.de\/es\/wp-json\/wp\/v2\/users\/1"}],"replies":[{"embeddable":true,"href":"https:\/\/zank.de\/es\/wp-json\/wp\/v2\/comments?post=2941"}],"version-history":[{"count":3,"href":"https:\/\/zank.de\/es\/wp-json\/wp\/v2\/pages\/2941\/revisions"}],"predecessor-version":[{"id":4881,"href":"https:\/\/zank.de\/es\/wp-json\/wp\/v2\/pages\/2941\/revisions\/4881"}],"wp:attachment":[{"href":"https:\/\/zank.de\/es\/wp-json\/wp\/v2\/media?parent=2941"}],"curies":[{"name":"wp","href":"https:\/\/api.w.org\/{rel}","templated":true}]}}