{"id":2929,"date":"2021-10-04T10:07:40","date_gmt":"2021-10-04T08:07:40","guid":{"rendered":"https:\/\/zank.de\/home\/"},"modified":"2022-02-23T18:32:14","modified_gmt":"2022-02-23T17:32:14","slug":"home","status":"publish","type":"page","link":"https:\/\/zank.de\/es\/","title":{"rendered":"Home"},"content":{"rendered":"\n<div class=\"wp-block-cover alignfull has-background-dim keyvisual\"><img loading=\"lazy\" decoding=\"async\" width=\"2363\" height=\"1791\" class=\"wp-block-cover__image-background wp-image-1819\" alt=\"\" src=\"https:\/\/zank.de\/wp-content\/uploads\/2021\/12\/DV_ZAnK_Webillu_KeyVisual_Header_1134x859px.png\" data-object-fit=\"cover\" srcset=\"https:\/\/zank.de\/wp-content\/uploads\/2021\/12\/DV_ZAnK_Webillu_KeyVisual_Header_1134x859px.png 2363w, https:\/\/zank.de\/wp-content\/uploads\/2021\/12\/DV_ZAnK_Webillu_KeyVisual_Header_1134x859px-400x303.png 400w, https:\/\/zank.de\/wp-content\/uploads\/2021\/12\/DV_ZAnK_Webillu_KeyVisual_Header_1134x859px-968x734.png 968w, https:\/\/zank.de\/wp-content\/uploads\/2021\/12\/DV_ZAnK_Webillu_KeyVisual_Header_1134x859px-1536x1164.png 1536w, https:\/\/zank.de\/wp-content\/uploads\/2021\/12\/DV_ZAnK_Webillu_KeyVisual_Header_1134x859px-2048x1552.png 2048w\" sizes=\"auto, (max-width: 2363px) 100vw, 2363px\" \/><div class=\"wp-block-cover__inner-container is-layout-flow wp-block-cover-is-layout-flow\">\n<div class=\"wp-block-theme-spacer d-none d-lg-block\" style=\"height:8.5rem\"><\/div>\n\n\n\n<div class=\"wp-block-columns is-style-breakpoint-md is-layout-flex wp-container-core-columns-is-layout-9d6595d7 wp-block-columns-is-layout-flex\">\n<div class=\"wp-block-column is-layout-flow wp-block-column-is-layout-flow\"><\/div>\n\n\n\n<div class=\"wp-block-column is-layout-flow wp-block-column-is-layout-flow\">\n<div class=\"wp-block-group has-primary-light-background-color has-background is-layout-flow wp-block-group-is-layout-flow\">\n<h1 class=\"wp-block-heading\" style=\"margin-bottom:0px\"><span><strong>A trav\u00e9s de las fronteras:<\/strong><\/span><br><span><strong> ayuda para los<\/strong><\/span><br><span><strong> conflictos infantiles<\/strong><\/span><\/h1>\n<\/div>\n\n\n\n<div class=\"wp-block-group has-white-background-color has-background d-none d-lg-block is-layout-flow wp-block-group-is-layout-flow\">\n<p class=\"has-h-3-font-size\">Como <strong>punto de contacto central para los conflictos infantiles transfronterizos y la mediaci\u00f3n, <\/strong>proporcionamos asesoramiento e informaci\u00f3n cuando los conflictos familiares tienen una conexi\u00f3n en el extranjero.<\/p>\n<\/div>\n<\/div>\n<\/div>\n\n\n\n<div class=\"wp-block-theme-spacer d-none d-xxxl-block\" style=\"height:9rem\"><\/div>\n\n\n\n<div class=\"wp-block-theme-spacer d-none d-lg-block\" style=\"height:9.1rem\"><\/div>\n<\/div><\/div>\n\n\n\n<div class=\"wp-block-group d-lg-none is-layout-flow wp-block-group-is-layout-flow\" style=\"padding-top:15px;padding-bottom:15px\">\n<p class=\"has-h-3-font-size\">Como <strong>punto de contacto central para los conflictos infantiles transfronterizos y la mediaci\u00f3n, <\/strong>proporcionamos asesoramiento e informaci\u00f3n cuando los conflictos familiares tienen una conexi\u00f3n en el extranjero.<\/p>\n<\/div>\n\n\n\n<div class=\"wp-block-group alignfull has-primary-light-background-color has-background is-layout-constrained wp-container-core-group-is-layout-e727fd00 wp-block-group-is-layout-constrained\" style=\"padding-top:0rem;padding-bottom:3rem\">\n<h2 class=\"is-style-heading-h2 wp-block-heading\"><strong>Su preocupaci\u00f3n<\/strong><\/h2>\n\n\n\n<div class=\"wp-block-theme-spacer\" style=\"height:0.3rem\"><\/div>\n\n\n\n<div class=\"wp-block-columns is-layout-flex wp-container-core-columns-is-layout-9d6595d7 wp-block-columns-is-layout-flex\">\n<div class=\"wp-block-column is-layout-flow wp-block-column-is-layout-flow\">\n<div class=\"wp-block-group is-style-card is-layout-flow wp-block-group-is-layout-flow\" style=\"padding-top:29px;padding-bottom:32px\">\n<h3 class=\"wp-block-heading\" style=\"margin-bottom:16px\">Me gustar\u00eda mudarme con mi hijo a otro pa\u00eds<\/h3>\n\n\n\n<div class=\"wp-block-buttons is-layout-flex wp-block-buttons-is-layout-flex\">\n<div class=\"wp-block-button\"><a class=\"wp-block-button__link\" href=\"https:\/\/zank.de\/es\/ayuda-con\/me-gustaria-mudarme-a-otro-pais-solo-con-nuestro-hijo\/\" title=\"Seitenlik: Ich m\u00f6chte allein mit unserem Kind in ein anderes Land umziehen\">Aprende m\u00e1s<\/a><\/div>\n<\/div>\n<\/div>\n<\/div>\n\n\n\n<div class=\"wp-block-column is-layout-flow wp-block-column-is-layout-flow\">\n<div class=\"wp-block-group is-style-card is-layout-flow wp-block-group-is-layout-flow\" style=\"padding-top:29px;padding-bottom:32px\">\n<h3 class=\"wp-block-heading\" style=\"margin-bottom:16px\">Me acusan de sustracci\u00f3n de menores<\/h3>\n\n\n\n<div class=\"wp-block-buttons is-layout-flex wp-block-buttons-is-layout-flex\">\n<div class=\"wp-block-button\"><a class=\"wp-block-button__link\" href=\"https:\/\/zank.de\/es\/ayuda-con\/me-acusan-de-sustraccion-de-menores\/\" title=\"Seitenlink: Mir wird Kindesentf\u00fchrung vorgeworfen\">Aprende m\u00e1s<\/a><\/div>\n<\/div>\n<\/div>\n<\/div>\n<\/div>\n\n\n\n<div class=\"wp-block-theme-spacer d-none d-md-block\" style=\"height:2.6rem\"><\/div>\n\n\n\n<div class=\"wp-block-columns is-layout-flex wp-container-core-columns-is-layout-9d6595d7 wp-block-columns-is-layout-flex\">\n<div class=\"wp-block-column is-layout-flow wp-block-column-is-layout-flow\">\n<div class=\"wp-block-group is-style-card is-layout-flow wp-block-group-is-layout-flow\" style=\"padding-top:29px;padding-bottom:38px\">\n<h3 class=\"wp-block-heading\" style=\"margin-bottom:16px\">Tengo miedo al secuestro de ni\u00f1os<\/h3>\n\n\n\n<div class=\"wp-block-buttons is-layout-flex wp-block-buttons-is-layout-flex\">\n<div class=\"wp-block-button\"><a class=\"wp-block-button__link\" href=\"https:\/\/zank.de\/es\/ayuda-con\/tengo-miedo-de-que-el-otro-padre-secuestre-a-nuestro-hijo-en-otro-pais\/\" title=\"Ich habe Angst vor Kindesentf\u00fchrung\">Aprende m\u00e1s<\/a><\/div>\n<\/div>\n<\/div>\n<\/div>\n\n\n\n<div class=\"wp-block-column is-layout-flow wp-block-column-is-layout-flow\">\n<div class=\"wp-block-group is-style-card is-layout-flow wp-block-group-is-layout-flow\" style=\"padding-top:29px;padding-bottom:38px\">\n<h3 class=\"wp-block-heading\" style=\"margin-bottom:16px\">Mi hijo fue secuestrado<\/h3>\n\n\n\n<div class=\"wp-block-buttons is-layout-flex wp-block-buttons-is-layout-flex\">\n<div class=\"wp-block-button\"><a class=\"wp-block-button__link\" href=\"https:\/\/zank.de\/es\/ayuda-con\/mi-hijo-fue-secuestrado\/\" title=\"Seitenlink: Mein Kind wurde entf\u00fchrt\">Aprende m\u00e1s<\/a><\/div>\n<\/div>\n<\/div>\n<\/div>\n<\/div>\n\n\n\n<div class=\"wp-block-theme-spacer\" style=\"height:1.4rem\"><\/div>\n<\/div>\n\n\n\n<div class=\"wp-block-group alignfull is-layout-constrained wp-container-core-group-is-layout-b836f330 wp-block-group-is-layout-constrained\">\n<div class=\"wp-block-theme-spacer\" style=\"height:5.9rem\"><\/div>\n\n\n\n<h2 class=\"is-style-heading-h2 wp-block-heading\"><strong>Nuestra oferta<\/strong><\/h2>\n\n\n\n<div class=\"wp-block-columns is-layout-flex wp-container-core-columns-is-layout-9d6595d7 wp-block-columns-is-layout-flex\">\n<div class=\"wp-block-column is-layout-flow wp-block-column-is-layout-flow\">\n<p>Tanto si se trata de un litigio sobre la custodia y el derecho de visita transfronterizos como de la sustracci\u00f3n de un menor desde o hacia Alemania, estamos a su disposici\u00f3n. En nuestro asesoramiento telef\u00f3nico o en l\u00ednea ofrecemos orientaci\u00f3n y apoyo para encontrar soluciones individuales.<\/p>\n\n\n\n<p>En ZAnK nos <strong>centramos en el bienestar del ni\u00f1o<\/strong>; nos acercamos a los padres de forma <strong>imparcial<\/strong>. En caso necesario, nuestros asesores remiten a los servicios locales y est\u00e1n <strong>conectados en red a nivel mundial <\/strong>como parte del Servicio Social Internacional.<\/p>\n\n\n\n<p>En nombre del Gobierno Federal de Alemania, nuestros servicios se dirigen a los <strong>padres que buscan asesoramiento, a los ni\u00f1os afectados y a su entorno<\/strong>. Tambi\u00e9n nos dirigimos a los <strong>abogados <\/strong>y a los <strong>profesionales del sector social, <\/strong>especialmente de la asistencia a la infancia y la juventud.<\/p>\n\n\n\n<div class=\"wp-block-buttons is-layout-flex wp-block-buttons-is-layout-flex\">\n<div class=\"wp-block-button\"><a class=\"wp-block-button__link\" href=\"https:\/\/zank.de\/es\/sobre-nosotros\/nuestra-oferta\/\">Lo que podemos hacer por usted<\/a><\/div>\n<\/div>\n<\/div>\n\n\n\n<div class=\"wp-block-column is-layout-flow wp-block-column-is-layout-flow\" style=\"flex-basis:31%\">\n<figure class=\"wp-block-image size-full\"><img loading=\"lazy\" decoding=\"async\" width=\"768\" height=\"567\" src=\"https:\/\/zank.de\/wp-content\/uploads\/2021\/12\/DV_ZAnK_Webillu_Angebot_368x272px.png\" alt=\"\" class=\"wp-image-2281\" srcset=\"https:\/\/zank.de\/wp-content\/uploads\/2021\/12\/DV_ZAnK_Webillu_Angebot_368x272px.png 768w, https:\/\/zank.de\/wp-content\/uploads\/2021\/12\/DV_ZAnK_Webillu_Angebot_368x272px-400x295.png 400w\" sizes=\"auto, (max-width: 768px) 100vw, 768px\" \/><\/figure>\n<\/div>\n<\/div>\n\n\n\n<div class=\"wp-block-theme-spacer\" style=\"height:4.3rem\"><\/div>\n\n\n\n<h2 class=\"is-style-heading-h2 wp-block-heading\"><strong><strong>C\u00f3mo funciona ZAnK<\/strong><\/strong><\/h2>\n\n\n\n<p>Con estas p\u00e1ginas, en ZAnK, queremos se\u00f1alar posibles opciones de actuaci\u00f3n y familiarizarle con algunas de las particularidades de los conflictos transfronterizos de padres e hijos.<\/p>\n\n\n\n<p>Puede contactar con nuestro servicio de asesoramiento a trav\u00e9s del formulario de contacto, as\u00ed como a trav\u00e9s del chat los d\u00edas <strong>lunes, mi\u00e9rcoles y jueves entre las 9:00 y las 16:00 horas<\/strong>, llamando al <strong>+49 (0)30 62 980 403.<\/strong><\/p>\n\n\n\n<h2 class=\"is-style-heading-h2 wp-block-heading\"><strong>Encuentre personas de contacto en todo el mundo<\/strong><\/h2>\n\n\n\n<div class=\"wp-block-columns is-layout-flex wp-container-core-columns-is-layout-9d6595d7 wp-block-columns-is-layout-flex\">\n<div class=\"wp-block-column is-layout-flow wp-block-column-is-layout-flow\" style=\"flex-basis:69.66%\">\n<figure class=\"wp-block-image size-full\"><img loading=\"lazy\" decoding=\"async\" width=\"768\" height=\"344\" src=\"https:\/\/zank.de\/wp-content\/uploads\/2021\/12\/Adressdatenbank.jpg\" alt=\"Weltkarte mit Markierungen f\u00fcr Beratungsangebote \" class=\"wp-image-2983\" srcset=\"https:\/\/zank.de\/wp-content\/uploads\/2021\/12\/Adressdatenbank.jpg 768w, https:\/\/zank.de\/wp-content\/uploads\/2021\/12\/Adressdatenbank-400x179.jpg 400w\" sizes=\"auto, (max-width: 768px) 100vw, 768px\" \/><\/figure>\n<\/div>\n\n\n\n<div class=\"wp-block-column is-layout-flow wp-block-column-is-layout-flow\" style=\"flex-basis:33.33%\">\n<p style=\"margin-bottom:27px\">\u00bfD\u00f3nde puede encontrar apoyo? \u00bfA qui\u00e9n puede dirigirse en su lugar de residencia o con su preocupaci\u00f3n espec\u00edfica? Nuestro directorio de direcciones facilita la b\u00fasqueda de los contactos adecuados. Entre otras cosas, puede encontrar los datos de contacto de abogados especializados, servicios psicosociales o terap\u00e9uticos, centros de asesoramiento familiar y puntos de contacto para la mediaci\u00f3n. La b\u00fasqueda es posible en ingl\u00e9s y alem\u00e1n.<\/p>\n\n\n\n<div class=\"wp-block-buttons is-layout-flex wp-block-buttons-is-layout-flex\">\n<div class=\"wp-block-button\"><a class=\"wp-block-button__link\" href=\"https:\/\/zank.de\/en\/materials-addresses\/contacts\/\">Directorio de direcciones<\/a><\/div>\n<\/div>\n<\/div>\n<\/div>\n\n\n\n<div class=\"wp-block-theme-spacer\" style=\"height:4.8rem\"><\/div>\n<\/div>\n\n\n\n<div class=\"wp-block-group alignfull has-primary-light-background-color has-background d-none is-layout-constrained wp-container-core-group-is-layout-f6036222 wp-block-group-is-layout-constrained\" style=\"padding-top:71px;padding-bottom:43px\">\n<h2 class=\"wp-block-heading\"><\/h2>\n\n\n\n<div class=\"wp-block-columns is-layout-flex wp-container-core-columns-is-layout-9d6595d7 wp-block-columns-is-layout-flex\">\n<div class=\"wp-block-column is-layout-flow wp-block-column-is-layout-flow\" style=\"flex-basis:66.66%\">\n<p style=\"margin-bottom:22px\"><\/p>\n\n\n\n<div class=\"wp-block-buttons is-layout-flex wp-block-buttons-is-layout-flex\"><\/div>\n<\/div>\n\n\n\n<div class=\"wp-block-column is-layout-flow wp-block-column-is-layout-flow\" style=\"flex-basis:33.33%\"><\/div>\n<\/div>\n<\/div>\n","protected":false},"excerpt":{"rendered":"<p>Como punto de contacto central para los conflictos infantiles transfronterizos y la mediaci\u00f3n, proporcionamos asesoramiento e informaci\u00f3n cuando los conflictos familiares tienen una conexi\u00f3n en el extranjero. Su preocupaci\u00f3n Me gustar\u00eda mudarme con mi hijo a otro pa\u00eds Me acusan de sustracci\u00f3n de menores Tengo miedo al secuestro de ni\u00f1os Mi hijo fue secuestrado Nuestra [&hellip;]<\/p>\n","protected":false},"author":1,"featured_media":0,"parent":0,"menu_order":0,"comment_status":"closed","ping_status":"closed","template":"","meta":{"_acf_changed":false,"footnotes":""},"class_list":["post-2929","page","type-page","status-publish","hentry"],"acf":[],"yoast_head":"<!-- This site is optimized with the Yoast SEO plugin v27.2 - https:\/\/yoast.com\/product\/yoast-seo-wordpress\/ -->\n<title>A trav\u00e9s de las fronteras: ayuda para los conflictos infantiles &#8226; ZAnK<\/title>\n<meta name=\"robots\" content=\"index, follow, max-snippet:-1, max-image-preview:large, max-video-preview:-1\" \/>\n<link rel=\"canonical\" href=\"https:\/\/zank.de\/es\/\" \/>\n<meta property=\"og:locale\" content=\"es_ES\" \/>\n<meta property=\"og:type\" content=\"article\" \/>\n<meta property=\"og:title\" content=\"A trav\u00e9s de las fronteras: ayuda para los conflictos infantiles &#8226; ZAnK\" \/>\n<meta property=\"og:description\" content=\"Como punto de contacto central para los conflictos infantiles transfronterizos y la mediaci\u00f3n, proporcionamos asesoramiento e informaci\u00f3n cuando los conflictos familiares tienen una conexi\u00f3n en el extranjero. Su preocupaci\u00f3n Me gustar\u00eda mudarme con mi hijo a otro pa\u00eds Me acusan de sustracci\u00f3n de menores Tengo miedo al secuestro de ni\u00f1os Mi hijo fue secuestrado Nuestra [&hellip;]\" \/>\n<meta property=\"og:url\" content=\"https:\/\/zank.de\/es\/\" \/>\n<meta property=\"og:site_name\" content=\"ZAnK\" \/>\n<meta property=\"article:modified_time\" content=\"2022-02-23T17:32:14+00:00\" \/>\n<meta property=\"og:image\" content=\"https:\/\/zank.de\/wp-content\/uploads\/2021\/12\/DV_ZAnK_Webillu_KeyVisual_Header_1134x859px.png\" \/>\n<meta name=\"twitter:card\" content=\"summary_large_image\" \/>\n<meta name=\"twitter:label1\" content=\"Est. reading time\" \/>\n\t<meta name=\"twitter:data1\" content=\"3 minutes\" \/>\n<script type=\"application\/ld+json\" class=\"yoast-schema-graph\">{\"@context\":\"https:\/\/schema.org\",\"@graph\":[{\"@type\":\"WebPage\",\"@id\":\"https:\/\/zank.de\/es\/\",\"url\":\"https:\/\/zank.de\/es\/\",\"name\":\"A trav\u00e9s de las fronteras: ayuda para los conflictos infantiles &#8226; ZAnK\",\"isPartOf\":{\"@id\":\"https:\/\/zank.de\/#website\"},\"primaryImageOfPage\":{\"@id\":\"https:\/\/zank.de\/es\/#primaryimage\"},\"image\":{\"@id\":\"https:\/\/zank.de\/es\/#primaryimage\"},\"thumbnailUrl\":\"https:\/\/zank.de\/wp-content\/uploads\/2021\/12\/DV_ZAnK_Webillu_KeyVisual_Header_1134x859px.png\",\"datePublished\":\"2021-10-04T08:07:40+00:00\",\"dateModified\":\"2022-02-23T17:32:14+00:00\",\"breadcrumb\":{\"@id\":\"https:\/\/zank.de\/es\/#breadcrumb\"},\"inLanguage\":\"es-ES\",\"potentialAction\":[{\"@type\":\"ReadAction\",\"target\":[\"https:\/\/zank.de\/es\/\"]}]},{\"@type\":\"ImageObject\",\"inLanguage\":\"es-ES\",\"@id\":\"https:\/\/zank.de\/es\/#primaryimage\",\"url\":\"https:\/\/zank.de\/wp-content\/uploads\/2021\/12\/DV_ZAnK_Webillu_KeyVisual_Header_1134x859px.png\",\"contentUrl\":\"https:\/\/zank.de\/wp-content\/uploads\/2021\/12\/DV_ZAnK_Webillu_KeyVisual_Header_1134x859px.png\"},{\"@type\":\"BreadcrumbList\",\"@id\":\"https:\/\/zank.de\/es\/#breadcrumb\",\"itemListElement\":[{\"@type\":\"ListItem\",\"position\":1,\"name\":\"Startseite\",\"item\":\"https:\/\/zank.de\/es\/\"},{\"@type\":\"ListItem\",\"position\":2,\"name\":\"Home\"}]},{\"@type\":\"WebSite\",\"@id\":\"https:\/\/zank.de\/#website\",\"url\":\"https:\/\/zank.de\/\",\"name\":\"ZAnK\",\"description\":\"Zentrale Anlaufstelle f\u00fcr grenz\u00fcberschreitende Kindschaftskonflikte und Mediation\",\"publisher\":{\"@id\":\"https:\/\/zank.de\/#organization\"},\"potentialAction\":[{\"@type\":\"SearchAction\",\"target\":{\"@type\":\"EntryPoint\",\"urlTemplate\":\"https:\/\/zank.de\/?s={search_term_string}\"},\"query-input\":{\"@type\":\"PropertyValueSpecification\",\"valueRequired\":true,\"valueName\":\"search_term_string\"}}],\"inLanguage\":\"es-ES\"},{\"@type\":\"Organization\",\"@id\":\"https:\/\/zank.de\/#organization\",\"name\":\"ZAnK\",\"url\":\"https:\/\/zank.de\/\",\"logo\":{\"@type\":\"ImageObject\",\"inLanguage\":\"es-ES\",\"@id\":\"https:\/\/zank.de\/#\/schema\/logo\/image\/\",\"url\":\"https:\/\/zank.de\/wp-content\/uploads\/2021\/10\/ZANK_Logo.svg\",\"contentUrl\":\"https:\/\/zank.de\/wp-content\/uploads\/2021\/10\/ZANK_Logo.svg\",\"width\":567,\"height\":172,\"caption\":\"ZAnK\"},\"image\":{\"@id\":\"https:\/\/zank.de\/#\/schema\/logo\/image\/\"}}]}<\/script>\n<!-- \/ Yoast SEO plugin. -->","yoast_head_json":{"title":"A trav\u00e9s de las fronteras: ayuda para los conflictos infantiles &#8226; ZAnK","robots":{"index":"index","follow":"follow","max-snippet":"max-snippet:-1","max-image-preview":"max-image-preview:large","max-video-preview":"max-video-preview:-1"},"canonical":"https:\/\/zank.de\/es\/","og_locale":"es_ES","og_type":"article","og_title":"A trav\u00e9s de las fronteras: ayuda para los conflictos infantiles &#8226; ZAnK","og_description":"Como punto de contacto central para los conflictos infantiles transfronterizos y la mediaci\u00f3n, proporcionamos asesoramiento e informaci\u00f3n cuando los conflictos familiares tienen una conexi\u00f3n en el extranjero. Su preocupaci\u00f3n Me gustar\u00eda mudarme con mi hijo a otro pa\u00eds Me acusan de sustracci\u00f3n de menores Tengo miedo al secuestro de ni\u00f1os Mi hijo fue secuestrado Nuestra [&hellip;]","og_url":"https:\/\/zank.de\/es\/","og_site_name":"ZAnK","article_modified_time":"2022-02-23T17:32:14+00:00","og_image":[{"url":"https:\/\/zank.de\/wp-content\/uploads\/2021\/12\/DV_ZAnK_Webillu_KeyVisual_Header_1134x859px.png","type":"","width":"","height":""}],"twitter_card":"summary_large_image","twitter_misc":{"Est. reading time":"3 minutes"},"schema":{"@context":"https:\/\/schema.org","@graph":[{"@type":"WebPage","@id":"https:\/\/zank.de\/es\/","url":"https:\/\/zank.de\/es\/","name":"A trav\u00e9s de las fronteras: ayuda para los conflictos infantiles &#8226; ZAnK","isPartOf":{"@id":"https:\/\/zank.de\/#website"},"primaryImageOfPage":{"@id":"https:\/\/zank.de\/es\/#primaryimage"},"image":{"@id":"https:\/\/zank.de\/es\/#primaryimage"},"thumbnailUrl":"https:\/\/zank.de\/wp-content\/uploads\/2021\/12\/DV_ZAnK_Webillu_KeyVisual_Header_1134x859px.png","datePublished":"2021-10-04T08:07:40+00:00","dateModified":"2022-02-23T17:32:14+00:00","breadcrumb":{"@id":"https:\/\/zank.de\/es\/#breadcrumb"},"inLanguage":"es-ES","potentialAction":[{"@type":"ReadAction","target":["https:\/\/zank.de\/es\/"]}]},{"@type":"ImageObject","inLanguage":"es-ES","@id":"https:\/\/zank.de\/es\/#primaryimage","url":"https:\/\/zank.de\/wp-content\/uploads\/2021\/12\/DV_ZAnK_Webillu_KeyVisual_Header_1134x859px.png","contentUrl":"https:\/\/zank.de\/wp-content\/uploads\/2021\/12\/DV_ZAnK_Webillu_KeyVisual_Header_1134x859px.png"},{"@type":"BreadcrumbList","@id":"https:\/\/zank.de\/es\/#breadcrumb","itemListElement":[{"@type":"ListItem","position":1,"name":"Startseite","item":"https:\/\/zank.de\/es\/"},{"@type":"ListItem","position":2,"name":"Home"}]},{"@type":"WebSite","@id":"https:\/\/zank.de\/#website","url":"https:\/\/zank.de\/","name":"ZAnK","description":"Zentrale Anlaufstelle f\u00fcr grenz\u00fcberschreitende Kindschaftskonflikte und Mediation","publisher":{"@id":"https:\/\/zank.de\/#organization"},"potentialAction":[{"@type":"SearchAction","target":{"@type":"EntryPoint","urlTemplate":"https:\/\/zank.de\/?s={search_term_string}"},"query-input":{"@type":"PropertyValueSpecification","valueRequired":true,"valueName":"search_term_string"}}],"inLanguage":"es-ES"},{"@type":"Organization","@id":"https:\/\/zank.de\/#organization","name":"ZAnK","url":"https:\/\/zank.de\/","logo":{"@type":"ImageObject","inLanguage":"es-ES","@id":"https:\/\/zank.de\/#\/schema\/logo\/image\/","url":"https:\/\/zank.de\/wp-content\/uploads\/2021\/10\/ZANK_Logo.svg","contentUrl":"https:\/\/zank.de\/wp-content\/uploads\/2021\/10\/ZANK_Logo.svg","width":567,"height":172,"caption":"ZAnK"},"image":{"@id":"https:\/\/zank.de\/#\/schema\/logo\/image\/"}}]}},"_links":{"self":[{"href":"https:\/\/zank.de\/es\/wp-json\/wp\/v2\/pages\/2929","targetHints":{"allow":["GET"]}}],"collection":[{"href":"https:\/\/zank.de\/es\/wp-json\/wp\/v2\/pages"}],"about":[{"href":"https:\/\/zank.de\/es\/wp-json\/wp\/v2\/types\/page"}],"author":[{"embeddable":true,"href":"https:\/\/zank.de\/es\/wp-json\/wp\/v2\/users\/1"}],"replies":[{"embeddable":true,"href":"https:\/\/zank.de\/es\/wp-json\/wp\/v2\/comments?post=2929"}],"version-history":[{"count":3,"href":"https:\/\/zank.de\/es\/wp-json\/wp\/v2\/pages\/2929\/revisions"}],"predecessor-version":[{"id":4887,"href":"https:\/\/zank.de\/es\/wp-json\/wp\/v2\/pages\/2929\/revisions\/4887"}],"wp:attachment":[{"href":"https:\/\/zank.de\/es\/wp-json\/wp\/v2\/media?parent=2929"}],"curies":[{"name":"wp","href":"https:\/\/api.w.org\/{rel}","templated":true}]}}