{"id":2926,"date":"2021-10-04T10:08:02","date_gmt":"2021-10-04T08:08:02","guid":{"rendered":"https:\/\/zank.de\/about-us\/"},"modified":"2022-02-14T18:10:39","modified_gmt":"2022-02-14T17:10:39","slug":"sobre-nosotros","status":"publish","type":"page","link":"https:\/\/zank.de\/es\/sobre-nosotros\/","title":{"rendered":"Sobre nosotros"},"content":{"rendered":"\n<div class=\"wp-block-group alignfull intro-background intro-bubble-left is-layout-constrained wp-container-core-group-is-layout-ba54016c wp-block-group-is-layout-constrained\" style=\"padding-top:11px;padding-bottom:3rem\"><div class=\"breadcrumb page-breadcrumb\"><span><a href=\"https:\/\/zank.de\/es\/\"><span class=\"visually-hidden\">Go to homepage<\/span><svg class=\"icon icon-home\"><use href=\"#home\" \/><\/svg><\/a><\/span><\/div><h1 class=\"entry-title mt-0\">Sobre nosotros<\/h1>\n\n\n<div class=\"wp-block-columns is-layout-flex wp-container-core-columns-is-layout-9d6595d7 wp-block-columns-is-layout-flex\">\n<div class=\"wp-block-column is-layout-flow wp-block-column-is-layout-flow\" style=\"flex-basis:66.66%\">\n<p class=\"has-h-3-font-size\">Lo que ZAnK puede ofrecerle en detalle.<\/p>\n\n\n\n<div class=\"wp-block-theme-spacer\" style=\"height:1.2rem\"><\/div>\n\n\n\n<p class=\"has-lead-font-size\">Tanto si se trata de la custodia y el derecho de visita transfronterizos como de la sustracci\u00f3n de un menor desde o hacia Alemania, estamos a su disposici\u00f3n. En nombre del Gobierno Federal de Alemania, nuestros servicios se dirigen a los padres que buscan asesoramiento, a los ni\u00f1os afectados y a su entorno. Tambi\u00e9n nos dirigimos a los abogados y a los profesionales del sector social, especialmente de la asistencia a la infancia y la juventud.<\/p>\n<\/div>\n\n\n\n<div class=\"wp-block-column is-layout-flow wp-block-column-is-layout-flow\" style=\"flex-basis:31.33%\"><\/div>\n<\/div>\n\n\n\n<div class=\"wp-block-theme-spacer\" style=\"height:4.4rem\"><\/div>\n\n\n\n<div class=\"wp-block-media-text alignwide has-media-on-the-right is-stacked-on-mobile is-vertically-aligned-top is-image-fill is-style-with-shadow\" style=\"grid-template-columns:auto 31.5%\"><figure class=\"wp-block-media-text__media\" style=\"background-image:url(https:\/\/zank.de\/wp-content\/uploads\/2021\/12\/Pfeil.svg);background-position:50% 50%\"><img loading=\"lazy\" decoding=\"async\" width=\"268\" height=\"268\" src=\"https:\/\/zank.de\/wp-content\/uploads\/2021\/12\/Pfeil.svg\" alt=\"\" class=\"wp-image-1368 size-full\"\/><\/figure><div class=\"wp-block-media-text__content\">\n<h2 class=\"has-h-3-font-size wp-block-heading\">Qui\u00e9nes somos<\/h2>\n\n\n\n<p><strong>Las crisis en las familias se presentan de muchas formas. No hay respuestas f\u00e1ciles en los conflictos de ni\u00f1os que involucran a pa\u00edses extranjeros.<\/strong> Los padres a menudo se sienten solos, incluso los profesionales tienen preguntas. Por ello, desde hace diez a\u00f1os ofrecemos informaci\u00f3n interdisciplinar sobre las formas de afrontar el conflicto. Conozca a nuestro equipo.<\/p>\n\n\n\n<div class=\"wp-block-buttons is-layout-flex wp-block-buttons-is-layout-flex\">\n<div class=\"wp-block-button\"><a class=\"wp-block-button__link\" href=\"https:\/\/zank.de\/es\/sobre-nosotros\/quienes-somos\/\">M\u00e1s informaci\u00f3n sobre nuestro equipo<\/a><\/div>\n<\/div>\n<\/div><\/div>\n\n\n\n<div class=\"wp-block-theme-spacer\" style=\"height:2.6rem\"><\/div>\n\n\n\n<div class=\"wp-block-media-text alignwide has-media-on-the-right is-stacked-on-mobile is-vertically-aligned-top is-image-fill is-style-with-shadow has-primary-light-background-color has-background\" style=\"grid-template-columns:auto 31.5%\"><figure class=\"wp-block-media-text__media\" style=\"background-image:url(https:\/\/zank.de\/wp-content\/uploads\/2021\/12\/Pfeil_umgekehrt.svg);background-position:50% 50%\"><img loading=\"lazy\" decoding=\"async\" width=\"268\" height=\"268\" src=\"https:\/\/zank.de\/wp-content\/uploads\/2021\/12\/Pfeil_umgekehrt.svg\" alt=\"\" class=\"wp-image-1861 size-full\"\/><\/figure><div class=\"wp-block-media-text__content\">\n<h2 class=\"has-h-3-font-size wp-block-heading\">Nuestra oferta<\/h2>\n\n\n\n<p>En l\u00ednea y por tel\u00e9fono, ofrecemos asesoramiento, orientaci\u00f3n y apoyo para dar los siguientes pasos. Aqu\u00ed puede encontrar m\u00e1s informaci\u00f3n sobre lo que ofrecemos. Nos adentramos en nuestros principios de trabajo y explicamos en qu\u00e9 consiste el mandato como ZAnK para los conflictos infantiles transfronterizos y la mediaci\u00f3n.<\/p>\n\n\n\n<div class=\"wp-block-buttons is-layout-flex wp-block-buttons-is-layout-flex\">\n<div class=\"wp-block-button\"><a class=\"wp-block-button__link\" href=\"https:\/\/zank.de\/es\/sobre-nosotros\/nuestra-oferta\/\">M\u00e1s informaci\u00f3n sobre la oferta de ZAnK<\/a><\/div>\n<\/div>\n<\/div><\/div>\n\n\n\n<div class=\"wp-block-theme-spacer\" style=\"height:2.6rem\"><\/div>\n\n\n\n<div class=\"wp-block-media-text alignwide has-media-on-the-right is-stacked-on-mobile is-vertically-aligned-top is-image-fill is-style-with-shadow\" style=\"grid-template-columns:auto 31.5%\"><figure class=\"wp-block-media-text__media\" style=\"background-image:url(https:\/\/zank.de\/wp-content\/uploads\/2021\/12\/Pfeil.svg);background-position:50% 50%\"><img loading=\"lazy\" decoding=\"async\" width=\"268\" height=\"268\" src=\"https:\/\/zank.de\/wp-content\/uploads\/2021\/12\/Pfeil.svg\" alt=\"\" class=\"wp-image-1368 size-full\"\/><\/figure><div class=\"wp-block-media-text__content\">\n<h2 class=\"has-h-3-font-size wp-block-heading\">Contacte con<\/h2>\n\n\n\n<p><strong>Estamos a tu disposici\u00f3n a trav\u00e9s de varios canales: utiliza nuestro servicio de asesoramiento telef\u00f3nico, env\u00edanos un correo electr\u00f3nico a trav\u00e9s del formulario de contacto o ponte en contacto con nosotros con tus preocupaciones a trav\u00e9s de nuestro nuevo chat.<\/strong> Nuestros asesores le escuchan y le apoyan en la b\u00fasqueda de soluciones individuales si la disputa sobre el ni\u00f1o tiene una conexi\u00f3n con el extranjero.<\/p>\n\n\n\n<div class=\"wp-block-buttons is-layout-flex wp-block-buttons-is-layout-flex\">\n<div class=\"wp-block-button\"><a class=\"wp-block-button__link\" href=\"https:\/\/zank.de\/es\/contacto-su-camino-hacia-el-asesoramiento\/\">A la consulta<\/a><\/div>\n<\/div>\n<\/div><\/div>\n\n\n\n<div class=\"wp-block-theme-spacer\" style=\"height:2.6rem\"><\/div>\n<\/div>\n","protected":false},"excerpt":{"rendered":"<p>Lo que ZAnK puede ofrecerle en detalle. Tanto si se trata de la custodia y el derecho de visita transfronterizos como de la sustracci\u00f3n de un menor desde o hacia Alemania, estamos a su disposici\u00f3n. En nombre del Gobierno Federal de Alemania, nuestros servicios se dirigen a los padres que buscan asesoramiento, a los ni\u00f1os [&hellip;]<\/p>\n","protected":false},"author":1,"featured_media":0,"parent":0,"menu_order":0,"comment_status":"closed","ping_status":"closed","template":"","meta":{"_acf_changed":false,"footnotes":""},"class_list":["post-2926","page","type-page","status-publish","hentry"],"acf":[],"yoast_head":"<!-- This site is optimized with the Yoast SEO plugin v27.5 - https:\/\/yoast.com\/product\/yoast-seo-wordpress\/ -->\n<title>Sobre nosotros &#8226; ZAnK<\/title>\n<meta name=\"robots\" content=\"index, follow, max-snippet:-1, max-image-preview:large, max-video-preview:-1\" \/>\n<link rel=\"canonical\" href=\"https:\/\/zank.de\/es\/sobre-nosotros\/\" \/>\n<meta property=\"og:locale\" content=\"es_ES\" \/>\n<meta property=\"og:type\" content=\"article\" \/>\n<meta property=\"og:title\" content=\"Sobre nosotros &#8226; ZAnK\" \/>\n<meta property=\"og:description\" content=\"Lo que ZAnK puede ofrecerle en detalle. Tanto si se trata de la custodia y el derecho de visita transfronterizos como de la sustracci\u00f3n de un menor desde o hacia Alemania, estamos a su disposici\u00f3n. En nombre del Gobierno Federal de Alemania, nuestros servicios se dirigen a los padres que buscan asesoramiento, a los ni\u00f1os [&hellip;]\" \/>\n<meta property=\"og:url\" content=\"https:\/\/zank.de\/es\/sobre-nosotros\/\" \/>\n<meta property=\"og:site_name\" content=\"ZAnK\" \/>\n<meta property=\"article:modified_time\" content=\"2022-02-14T17:10:39+00:00\" \/>\n<meta property=\"og:image\" content=\"https:\/\/zank.de\/wp-content\/uploads\/2021\/12\/Pfeil.svg\" \/>\n<meta name=\"twitter:card\" content=\"summary_large_image\" \/>\n<meta name=\"twitter:label1\" content=\"Est. reading time\" \/>\n\t<meta name=\"twitter:data1\" content=\"3 minutes\" \/>\n<script type=\"application\/ld+json\" class=\"yoast-schema-graph\">{\"@context\":\"https:\\\/\\\/schema.org\",\"@graph\":[{\"@type\":\"WebPage\",\"@id\":\"https:\\\/\\\/zank.de\\\/es\\\/sobre-nosotros\\\/\",\"url\":\"https:\\\/\\\/zank.de\\\/es\\\/sobre-nosotros\\\/\",\"name\":\"Sobre nosotros &#8226; ZAnK\",\"isPartOf\":{\"@id\":\"https:\\\/\\\/zank.de\\\/#website\"},\"primaryImageOfPage\":{\"@id\":\"https:\\\/\\\/zank.de\\\/es\\\/sobre-nosotros\\\/#primaryimage\"},\"image\":{\"@id\":\"https:\\\/\\\/zank.de\\\/es\\\/sobre-nosotros\\\/#primaryimage\"},\"thumbnailUrl\":\"https:\\\/\\\/zank.de\\\/wp-content\\\/uploads\\\/2021\\\/12\\\/Pfeil.svg\",\"datePublished\":\"2021-10-04T08:08:02+00:00\",\"dateModified\":\"2022-02-14T17:10:39+00:00\",\"breadcrumb\":{\"@id\":\"https:\\\/\\\/zank.de\\\/es\\\/sobre-nosotros\\\/#breadcrumb\"},\"inLanguage\":\"es-ES\",\"potentialAction\":[{\"@type\":\"ReadAction\",\"target\":[\"https:\\\/\\\/zank.de\\\/es\\\/sobre-nosotros\\\/\"]}]},{\"@type\":\"ImageObject\",\"inLanguage\":\"es-ES\",\"@id\":\"https:\\\/\\\/zank.de\\\/es\\\/sobre-nosotros\\\/#primaryimage\",\"url\":\"https:\\\/\\\/zank.de\\\/wp-content\\\/uploads\\\/2021\\\/12\\\/Pfeil.svg\",\"contentUrl\":\"https:\\\/\\\/zank.de\\\/wp-content\\\/uploads\\\/2021\\\/12\\\/Pfeil.svg\"},{\"@type\":\"BreadcrumbList\",\"@id\":\"https:\\\/\\\/zank.de\\\/es\\\/sobre-nosotros\\\/#breadcrumb\",\"itemListElement\":[{\"@type\":\"ListItem\",\"position\":1,\"name\":\"Startseite\",\"item\":\"https:\\\/\\\/zank.de\\\/es\\\/\"},{\"@type\":\"ListItem\",\"position\":2,\"name\":\"Sobre nosotros\"}]},{\"@type\":\"WebSite\",\"@id\":\"https:\\\/\\\/zank.de\\\/#website\",\"url\":\"https:\\\/\\\/zank.de\\\/\",\"name\":\"ZAnK\",\"description\":\"Zentrale Anlaufstelle f\u00fcr grenz\u00fcberschreitende Kindschaftskonflikte und Mediation\",\"publisher\":{\"@id\":\"https:\\\/\\\/zank.de\\\/#organization\"},\"potentialAction\":[{\"@type\":\"SearchAction\",\"target\":{\"@type\":\"EntryPoint\",\"urlTemplate\":\"https:\\\/\\\/zank.de\\\/?s={search_term_string}\"},\"query-input\":{\"@type\":\"PropertyValueSpecification\",\"valueRequired\":true,\"valueName\":\"search_term_string\"}}],\"inLanguage\":\"es-ES\"},{\"@type\":\"Organization\",\"@id\":\"https:\\\/\\\/zank.de\\\/#organization\",\"name\":\"ZAnK\",\"url\":\"https:\\\/\\\/zank.de\\\/\",\"logo\":{\"@type\":\"ImageObject\",\"inLanguage\":\"es-ES\",\"@id\":\"https:\\\/\\\/zank.de\\\/#\\\/schema\\\/logo\\\/image\\\/\",\"url\":\"https:\\\/\\\/zank.de\\\/wp-content\\\/uploads\\\/2021\\\/10\\\/ZANK_Logo.svg\",\"contentUrl\":\"https:\\\/\\\/zank.de\\\/wp-content\\\/uploads\\\/2021\\\/10\\\/ZANK_Logo.svg\",\"width\":567,\"height\":172,\"caption\":\"ZAnK\"},\"image\":{\"@id\":\"https:\\\/\\\/zank.de\\\/#\\\/schema\\\/logo\\\/image\\\/\"}}]}<\/script>\n<!-- \/ Yoast SEO plugin. -->","yoast_head_json":{"title":"Sobre nosotros &#8226; ZAnK","robots":{"index":"index","follow":"follow","max-snippet":"max-snippet:-1","max-image-preview":"max-image-preview:large","max-video-preview":"max-video-preview:-1"},"canonical":"https:\/\/zank.de\/es\/sobre-nosotros\/","og_locale":"es_ES","og_type":"article","og_title":"Sobre nosotros &#8226; ZAnK","og_description":"Lo que ZAnK puede ofrecerle en detalle. Tanto si se trata de la custodia y el derecho de visita transfronterizos como de la sustracci\u00f3n de un menor desde o hacia Alemania, estamos a su disposici\u00f3n. En nombre del Gobierno Federal de Alemania, nuestros servicios se dirigen a los padres que buscan asesoramiento, a los ni\u00f1os [&hellip;]","og_url":"https:\/\/zank.de\/es\/sobre-nosotros\/","og_site_name":"ZAnK","article_modified_time":"2022-02-14T17:10:39+00:00","og_image":[{"url":"https:\/\/zank.de\/wp-content\/uploads\/2021\/12\/Pfeil.svg","type":"","width":"","height":""}],"twitter_card":"summary_large_image","twitter_misc":{"Est. reading time":"3 minutes"},"schema":{"@context":"https:\/\/schema.org","@graph":[{"@type":"WebPage","@id":"https:\/\/zank.de\/es\/sobre-nosotros\/","url":"https:\/\/zank.de\/es\/sobre-nosotros\/","name":"Sobre nosotros &#8226; ZAnK","isPartOf":{"@id":"https:\/\/zank.de\/#website"},"primaryImageOfPage":{"@id":"https:\/\/zank.de\/es\/sobre-nosotros\/#primaryimage"},"image":{"@id":"https:\/\/zank.de\/es\/sobre-nosotros\/#primaryimage"},"thumbnailUrl":"https:\/\/zank.de\/wp-content\/uploads\/2021\/12\/Pfeil.svg","datePublished":"2021-10-04T08:08:02+00:00","dateModified":"2022-02-14T17:10:39+00:00","breadcrumb":{"@id":"https:\/\/zank.de\/es\/sobre-nosotros\/#breadcrumb"},"inLanguage":"es-ES","potentialAction":[{"@type":"ReadAction","target":["https:\/\/zank.de\/es\/sobre-nosotros\/"]}]},{"@type":"ImageObject","inLanguage":"es-ES","@id":"https:\/\/zank.de\/es\/sobre-nosotros\/#primaryimage","url":"https:\/\/zank.de\/wp-content\/uploads\/2021\/12\/Pfeil.svg","contentUrl":"https:\/\/zank.de\/wp-content\/uploads\/2021\/12\/Pfeil.svg"},{"@type":"BreadcrumbList","@id":"https:\/\/zank.de\/es\/sobre-nosotros\/#breadcrumb","itemListElement":[{"@type":"ListItem","position":1,"name":"Startseite","item":"https:\/\/zank.de\/es\/"},{"@type":"ListItem","position":2,"name":"Sobre nosotros"}]},{"@type":"WebSite","@id":"https:\/\/zank.de\/#website","url":"https:\/\/zank.de\/","name":"ZAnK","description":"Zentrale Anlaufstelle f\u00fcr grenz\u00fcberschreitende Kindschaftskonflikte und Mediation","publisher":{"@id":"https:\/\/zank.de\/#organization"},"potentialAction":[{"@type":"SearchAction","target":{"@type":"EntryPoint","urlTemplate":"https:\/\/zank.de\/?s={search_term_string}"},"query-input":{"@type":"PropertyValueSpecification","valueRequired":true,"valueName":"search_term_string"}}],"inLanguage":"es-ES"},{"@type":"Organization","@id":"https:\/\/zank.de\/#organization","name":"ZAnK","url":"https:\/\/zank.de\/","logo":{"@type":"ImageObject","inLanguage":"es-ES","@id":"https:\/\/zank.de\/#\/schema\/logo\/image\/","url":"https:\/\/zank.de\/wp-content\/uploads\/2021\/10\/ZANK_Logo.svg","contentUrl":"https:\/\/zank.de\/wp-content\/uploads\/2021\/10\/ZANK_Logo.svg","width":567,"height":172,"caption":"ZAnK"},"image":{"@id":"https:\/\/zank.de\/#\/schema\/logo\/image\/"}}]}},"_links":{"self":[{"href":"https:\/\/zank.de\/es\/wp-json\/wp\/v2\/pages\/2926","targetHints":{"allow":["GET"]}}],"collection":[{"href":"https:\/\/zank.de\/es\/wp-json\/wp\/v2\/pages"}],"about":[{"href":"https:\/\/zank.de\/es\/wp-json\/wp\/v2\/types\/page"}],"author":[{"embeddable":true,"href":"https:\/\/zank.de\/es\/wp-json\/wp\/v2\/users\/1"}],"replies":[{"embeddable":true,"href":"https:\/\/zank.de\/es\/wp-json\/wp\/v2\/comments?post=2926"}],"version-history":[{"count":3,"href":"https:\/\/zank.de\/es\/wp-json\/wp\/v2\/pages\/2926\/revisions"}],"predecessor-version":[{"id":4861,"href":"https:\/\/zank.de\/es\/wp-json\/wp\/v2\/pages\/2926\/revisions\/4861"}],"wp:attachment":[{"href":"https:\/\/zank.de\/es\/wp-json\/wp\/v2\/media?parent=2926"}],"curies":[{"name":"wp","href":"https:\/\/api.w.org\/{rel}","templated":true}]}}