{"id":653,"date":"2021-11-01T15:58:36","date_gmt":"2021-11-01T14:58:36","guid":{"rendered":"https:\/\/kinder.zank.de\/\/localhost\/ACB\/zank\/public_wp\/about-us\/wer-wir-sind\/"},"modified":"2021-12-13T15:38:50","modified_gmt":"2021-12-13T14:38:50","slug":"who-we-are","status":"publish","type":"page","link":"https:\/\/zank.de\/en\/about-us\/who-we-are\/","title":{"rendered":"Who we are"},"content":{"rendered":"\n<p class=\"has-lead-font-size\" style=\"margin-bottom:39px\">There are no easy answers in family conflicts with a cross-border element, whether it is about custody and access rights or the abduction of a child from or to Germany. Parents often feel left alone with their worries and professionals have many questions about the way forward. Our interdisciplinary team has been providing information on ways of dealing with conflict for ten years.<\/p>\n\n\n\n<h2 class=\"is-style-heading-h2 wp-block-heading\" style=\"margin-bottom:51px\"><strong>Our team at the International Social Service<\/strong><\/h2>\n\n\n\n<div class=\"wp-block-group alignfull is-layout-constrained wp-container-core-group-is-layout-b836f330 wp-block-group-is-layout-constrained\">\n<div class=\"wp-block-image\"><figure class=\"aligncenter size-full\"><img decoding=\"async\" src=\"https:\/\/zank.de\/wp-content\/uploads\/2021\/12\/DV_ZAnK_Webillu_UeberUns_368x239px.png\" alt=\"\" class=\"wp-image-1854\" \/><\/figure><\/div>\n<\/div>\n\n\n\n<div class=\"wp-block-theme-spacer\" style=\"height:1.5rem\"><\/div>\n\n\n\n<p style=\"margin-bottom:43px\">ZAnK is a service provided by the International Social Service Germany, which is part of Deutscher Verein f\u00fcr \u00f6ffentliche und private F\u00fcrsorge e.V. (German Association for Public and Private Welfare). At ISS Germany you can obtain advice from two <strong>legal practitioners<\/strong> and five <strong>social workers<\/strong>, who are supported by two administrators.<\/p>\n\n\n\n<div class=\"wp-block-group alignfull is-layout-constrained wp-container-core-group-is-layout-b836f330 wp-block-group-is-layout-constrained\">\n<div class=\"wp-block-columns is-style-breakpoint-md is-layout-flex wp-container-core-columns-is-layout-9d6595d7 wp-block-columns-is-layout-flex\">\n<div class=\"wp-block-column is-layout-flow wp-block-column-is-layout-flow\">\n<div class=\"wp-block-group rounded-number has-primary-light-background-color has-background is-layout-flow wp-block-group-is-layout-flow\">\n<p class=\"has-text-align-center\">The German branch of<br>ISS was founded over<\/p>\n\n\n\n<p class=\"has-text-align-center\"><strong>90<\/strong><\/p>\n\n\n\n<p class=\"has-text-align-center\">years ago<\/p>\n<\/div>\n<\/div>\n\n\n\n<div class=\"wp-block-column is-layout-flow wp-block-column-is-layout-flow\">\n<div class=\"wp-block-group rounded-number has-primary-light-background-color has-background is-layout-flow wp-block-group-is-layout-flow\">\n<p class=\"has-text-align-center\">ZAnK cooperates <br>with more than<\/p>\n\n\n\n<p class=\"has-text-align-center\"><strong>120<\/strong><\/p>\n\n\n\n<p class=\"has-text-align-center\">global contacts and partner organisations<\/p>\n<\/div>\n<\/div>\n\n\n\n<div class=\"wp-block-column is-layout-flow wp-block-column-is-layout-flow\">\n<div class=\"wp-block-group rounded-number has-primary-light-background-color has-background is-layout-flow wp-block-group-is-layout-flow\">\n<p class=\"has-text-align-center\">For over<\/p>\n\n\n\n<p class=\"has-text-align-center\"><strong>10<\/strong><\/p>\n\n\n\n<p class=\"has-text-align-center\">years, we have been acting as central contact point<\/p>\n<\/div>\n<\/div>\n\n\n\n<div class=\"wp-block-column is-layout-flow wp-block-column-is-layout-flow\">\n<div class=\"wp-block-group rounded-number has-primary-light-background-color has-background is-layout-flow wp-block-group-is-layout-flow\">\n<p class=\"has-text-align-center\">We offer about<\/p>\n\n\n\n<p class=\"has-text-align-center\"><strong>1000<\/strong><\/p>\n\n\n\n<p class=\"has-text-align-center\">consultations a year<\/p>\n<\/div>\n<\/div>\n<\/div>\n<\/div>\n\n\n\n<div class=\"wp-block-theme-spacer\" style=\"height:2.1rem\"><\/div>\n\n\n\n<div class=\"wp-block-theme-icons wp-block-buttons icon-offset\">\n<div class=\"wp-block-theme-icon wp-block-button has-secondary-color has-text-color\"><div class=\"wp-block-theme-icon-innen\"><svg class=\"icon check-circle icon-size-7\" xmlns=\"http:\/\/www.w3.org\/2000\/svg\" focusable=\"false\" aria-hidden=\"true\"><use href=\"#check-circle\"><\/use><\/svg><\/div><\/div>\n\n\n\n<h3 class=\"wp-block-heading\">We work in a multidisciplinary team<\/h3>\n<\/div>\n\n\n\n<div class=\"wp-block-group is-layout-flow wp-block-group-is-layout-flow\">\n<p>We have a variety of qualifications, which enables us to respond effectively to the complexities of most concerns. <strong>We can provide advice on legal and socio-pedagogical questions<\/strong>. Members of the team have undergone additional training in supervision, mediation or as specialists in child protection (INSOFA). Other advisers possess a Master&#8217;s degree in children&#8217;s rights or intercultural conflict resolution.<\/p>\n<\/div>\n\n\n\n<div class=\"wp-block-theme-icons wp-block-buttons icon-offset\">\n<div class=\"wp-block-theme-icon wp-block-button has-secondary-color has-text-color\"><div class=\"wp-block-theme-icon-innen\"><svg class=\"icon check-circle icon-size-7\" xmlns=\"http:\/\/www.w3.org\/2000\/svg\" focusable=\"false\" aria-hidden=\"true\"><use href=\"#check-circle\"><\/use><\/svg><\/div><\/div>\n\n\n\n<h3 class=\"wp-block-heading\">We bring experience and knowledge gained at home and abroad.<\/h3>\n<\/div>\n\n\n\n<div class=\"wp-block-group is-layout-flow wp-block-group-is-layout-flow\">\n<p class=\"icon-offset\">We <strong>have been providing cultural sensitive advice and support for many years<\/strong> on family conflicts with a cross-border element.&nbsp; All our team members also have <strong>experience of working abroad<\/strong>. This helps us because, apart from dealing with the actual conflict, questions relating to international and foreign law also arise quite often. Differing cultural concepts and ideals also play a role at times.<\/p>\n<\/div>\n\n\n\n<div class=\"wp-block-theme-icons wp-block-buttons icon-offset\">\n<div class=\"wp-block-theme-icon wp-block-button has-secondary-color has-text-color\"><div class=\"wp-block-theme-icon-innen\"><svg class=\"icon check-circle icon-size-7\" xmlns=\"http:\/\/www.w3.org\/2000\/svg\" focusable=\"false\" aria-hidden=\"true\"><use href=\"#check-circle\"><\/use><\/svg><\/div><\/div>\n\n\n\n<h3 class=\"wp-block-heading\">We give advice in various languages<\/h3>\n<\/div>\n\n\n\n<div class=\"wp-block-group is-layout-flow wp-block-group-is-layout-flow\">\n<p>In order to support you, we speak other languages <strong>as well as German<\/strong>: currently <strong>English, Spanish and French<\/strong>. Do contact us though if you need advice in another language. We have always managed to find individual solutions until now.<\/p>\n\n\n\n<p>You can make use of our <strong>advice service by sending us a message via our contact form or get in touch by phone<\/strong>. Please note that we are unable to offer personal consultations on our premises.<\/p>\n\n\n\n<p><strong>If you are in need of legal representation<\/strong>, we can give you details of specialist lawyers or you can use our directory.<\/p>\n<\/div>\n\n\n\n<div class=\"wp-block-theme-spacer\" style=\"height:2.2rem\"><\/div>\n\n\n\n<div class=\"wp-block-group alignfull has-primary-light-background-color has-background is-layout-constrained wp-container-core-group-is-layout-22714b9e wp-block-group-is-layout-constrained\" style=\"padding-top:70px;padding-bottom:70px\">\n<div class=\"wp-block-columns is-style-default is-layout-flex wp-container-core-columns-is-layout-9d6595d7 wp-block-columns-is-layout-flex\">\n<div class=\"wp-block-column is-layout-flow wp-block-column-is-layout-flow\">\n<div class=\"wp-block-group is-style-card is-layout-flow wp-block-group-is-layout-flow\" style=\"padding-top:26px\">\n<h3 class=\"wp-block-heading\" style=\"margin-bottom:15px\">Get in touch<\/h3>\n\n\n\n<div class=\"wp-block-buttons is-layout-flex wp-block-buttons-is-layout-flex\">\n<div class=\"wp-block-button\"><a class=\"wp-block-button__link\" href=\"https:\/\/zank.de\/en\/contact\/\">Contact form<\/a><\/div>\n<\/div>\n<\/div>\n<\/div>\n\n\n\n<div class=\"wp-block-column is-layout-flow wp-block-column-is-layout-flow\">\n<div class=\"wp-block-group is-style-card is-layout-flow wp-block-group-is-layout-flow\" style=\"padding-top:26px\">\n<h3 class=\"wp-block-heading\" style=\"margin-bottom:15px\">Why ZAnK?<\/h3>\n\n\n\n<div class=\"wp-block-buttons is-layout-flex wp-block-buttons-is-layout-flex\">\n<div class=\"wp-block-button\"><a class=\"wp-block-button__link\" href=\"https:\/\/zank.de\/en\/about-us\/our-services\/\">Our services<\/a><\/div>\n<\/div>\n<\/div>\n<\/div>\n\n\n\n<div class=\"wp-block-column is-layout-flow wp-block-column-is-layout-flow\">\n<div class=\"wp-block-group is-style-card is-layout-flow wp-block-group-is-layout-flow\" style=\"padding-top:26px\">\n<h3 class=\"wp-block-heading\" style=\"margin-bottom:15px\">Who to contact<\/h3>\n\n\n\n<div class=\"wp-block-buttons is-layout-flex wp-block-buttons-is-layout-flex\">\n<div class=\"wp-block-button\"><a class=\"wp-block-button__link\" href=\"https:\/\/zank.de\/en\/materials-addresses\/contacts\/\">Directory<\/a><\/div>\n<\/div>\n<\/div>\n<\/div>\n<\/div>\n<\/div>\n","protected":false},"excerpt":{"rendered":"<p>There are no easy answers in family conflicts with a cross-border element, whether it is about custody and access rights or the abduction of a child from or to Germany. Parents often feel left alone with their worries and professionals have many questions about the way forward. Our interdisciplinary team has been providing information on [&hellip;]<\/p>\n","protected":false},"author":1,"featured_media":0,"parent":352,"menu_order":0,"comment_status":"closed","ping_status":"closed","template":"","meta":{"_acf_changed":false,"footnotes":""},"class_list":["post-653","page","type-page","status-publish","hentry"],"acf":[],"yoast_head":"<!-- This site is optimized with the Yoast SEO plugin v27.2 - https:\/\/yoast.com\/product\/yoast-seo-wordpress\/ -->\n<title>Who we are &#8226; ZAnK<\/title>\n<meta name=\"robots\" content=\"index, follow, max-snippet:-1, max-image-preview:large, max-video-preview:-1\" \/>\n<link rel=\"canonical\" href=\"https:\/\/zank.de\/en\/about-us\/who-we-are\/\" \/>\n<meta property=\"og:locale\" content=\"en_US\" \/>\n<meta property=\"og:type\" content=\"article\" \/>\n<meta property=\"og:title\" content=\"Who we are &#8226; ZAnK\" \/>\n<meta property=\"og:description\" content=\"There are no easy answers in family conflicts with a cross-border element, whether it is about custody and access rights or the abduction of a child from or to Germany. Parents often feel left alone with their worries and professionals have many questions about the way forward. Our interdisciplinary team has been providing information on [&hellip;]\" \/>\n<meta property=\"og:url\" content=\"https:\/\/zank.de\/en\/about-us\/who-we-are\/\" \/>\n<meta property=\"og:site_name\" content=\"ZAnK\" \/>\n<meta property=\"article:modified_time\" content=\"2021-12-13T14:38:50+00:00\" \/>\n<meta property=\"og:image\" content=\"https:\/\/zank.de\/wp-content\/uploads\/2021\/12\/DV_ZAnK_Webillu_UeberUns_368x239px.png\" \/>\n<meta name=\"twitter:card\" content=\"summary_large_image\" \/>\n<meta name=\"twitter:label1\" content=\"Est. reading time\" \/>\n\t<meta name=\"twitter:data1\" content=\"3 minutes\" \/>\n<script type=\"application\/ld+json\" class=\"yoast-schema-graph\">{\"@context\":\"https:\/\/schema.org\",\"@graph\":[{\"@type\":\"WebPage\",\"@id\":\"https:\/\/zank.de\/en\/about-us\/who-we-are\/\",\"url\":\"https:\/\/zank.de\/en\/about-us\/who-we-are\/\",\"name\":\"Who we are &#8226; ZAnK\",\"isPartOf\":{\"@id\":\"https:\/\/zank.de\/#website\"},\"primaryImageOfPage\":{\"@id\":\"https:\/\/zank.de\/en\/about-us\/who-we-are\/#primaryimage\"},\"image\":{\"@id\":\"https:\/\/zank.de\/en\/about-us\/who-we-are\/#primaryimage\"},\"thumbnailUrl\":\"https:\/\/zank.de\/wp-content\/uploads\/2021\/12\/DV_ZAnK_Webillu_UeberUns_368x239px.png\",\"datePublished\":\"2021-11-01T14:58:36+00:00\",\"dateModified\":\"2021-12-13T14:38:50+00:00\",\"breadcrumb\":{\"@id\":\"https:\/\/zank.de\/en\/about-us\/who-we-are\/#breadcrumb\"},\"inLanguage\":\"en-US\",\"potentialAction\":[{\"@type\":\"ReadAction\",\"target\":[\"https:\/\/zank.de\/en\/about-us\/who-we-are\/\"]}]},{\"@type\":\"ImageObject\",\"inLanguage\":\"en-US\",\"@id\":\"https:\/\/zank.de\/en\/about-us\/who-we-are\/#primaryimage\",\"url\":\"https:\/\/zank.de\/wp-content\/uploads\/2021\/12\/DV_ZAnK_Webillu_UeberUns_368x239px.png\",\"contentUrl\":\"https:\/\/zank.de\/wp-content\/uploads\/2021\/12\/DV_ZAnK_Webillu_UeberUns_368x239px.png\"},{\"@type\":\"BreadcrumbList\",\"@id\":\"https:\/\/zank.de\/en\/about-us\/who-we-are\/#breadcrumb\",\"itemListElement\":[{\"@type\":\"ListItem\",\"position\":1,\"name\":\"Startseite\",\"item\":\"https:\/\/zank.de\/en\/\"},{\"@type\":\"ListItem\",\"position\":2,\"name\":\"About Us\",\"item\":\"https:\/\/zank.de\/en\/about-us\/\"},{\"@type\":\"ListItem\",\"position\":3,\"name\":\"Who we are\"}]},{\"@type\":\"WebSite\",\"@id\":\"https:\/\/zank.de\/#website\",\"url\":\"https:\/\/zank.de\/\",\"name\":\"ZAnK\",\"description\":\"Zentrale Anlaufstelle f\u00fcr grenz\u00fcberschreitende Kindschaftskonflikte und Mediation\",\"publisher\":{\"@id\":\"https:\/\/zank.de\/#organization\"},\"potentialAction\":[{\"@type\":\"SearchAction\",\"target\":{\"@type\":\"EntryPoint\",\"urlTemplate\":\"https:\/\/zank.de\/?s={search_term_string}\"},\"query-input\":{\"@type\":\"PropertyValueSpecification\",\"valueRequired\":true,\"valueName\":\"search_term_string\"}}],\"inLanguage\":\"en-US\"},{\"@type\":\"Organization\",\"@id\":\"https:\/\/zank.de\/#organization\",\"name\":\"ZAnK\",\"url\":\"https:\/\/zank.de\/\",\"logo\":{\"@type\":\"ImageObject\",\"inLanguage\":\"en-US\",\"@id\":\"https:\/\/zank.de\/#\/schema\/logo\/image\/\",\"url\":\"https:\/\/zank.de\/wp-content\/uploads\/2021\/10\/ZANK_Logo.svg\",\"contentUrl\":\"https:\/\/zank.de\/wp-content\/uploads\/2021\/10\/ZANK_Logo.svg\",\"width\":567,\"height\":172,\"caption\":\"ZAnK\"},\"image\":{\"@id\":\"https:\/\/zank.de\/#\/schema\/logo\/image\/\"}}]}<\/script>\n<!-- \/ Yoast SEO plugin. -->","yoast_head_json":{"title":"Who we are &#8226; ZAnK","robots":{"index":"index","follow":"follow","max-snippet":"max-snippet:-1","max-image-preview":"max-image-preview:large","max-video-preview":"max-video-preview:-1"},"canonical":"https:\/\/zank.de\/en\/about-us\/who-we-are\/","og_locale":"en_US","og_type":"article","og_title":"Who we are &#8226; ZAnK","og_description":"There are no easy answers in family conflicts with a cross-border element, whether it is about custody and access rights or the abduction of a child from or to Germany. Parents often feel left alone with their worries and professionals have many questions about the way forward. Our interdisciplinary team has been providing information on [&hellip;]","og_url":"https:\/\/zank.de\/en\/about-us\/who-we-are\/","og_site_name":"ZAnK","article_modified_time":"2021-12-13T14:38:50+00:00","og_image":[{"url":"https:\/\/zank.de\/wp-content\/uploads\/2021\/12\/DV_ZAnK_Webillu_UeberUns_368x239px.png","type":"","width":"","height":""}],"twitter_card":"summary_large_image","twitter_misc":{"Est. reading time":"3 minutes"},"schema":{"@context":"https:\/\/schema.org","@graph":[{"@type":"WebPage","@id":"https:\/\/zank.de\/en\/about-us\/who-we-are\/","url":"https:\/\/zank.de\/en\/about-us\/who-we-are\/","name":"Who we are &#8226; ZAnK","isPartOf":{"@id":"https:\/\/zank.de\/#website"},"primaryImageOfPage":{"@id":"https:\/\/zank.de\/en\/about-us\/who-we-are\/#primaryimage"},"image":{"@id":"https:\/\/zank.de\/en\/about-us\/who-we-are\/#primaryimage"},"thumbnailUrl":"https:\/\/zank.de\/wp-content\/uploads\/2021\/12\/DV_ZAnK_Webillu_UeberUns_368x239px.png","datePublished":"2021-11-01T14:58:36+00:00","dateModified":"2021-12-13T14:38:50+00:00","breadcrumb":{"@id":"https:\/\/zank.de\/en\/about-us\/who-we-are\/#breadcrumb"},"inLanguage":"en-US","potentialAction":[{"@type":"ReadAction","target":["https:\/\/zank.de\/en\/about-us\/who-we-are\/"]}]},{"@type":"ImageObject","inLanguage":"en-US","@id":"https:\/\/zank.de\/en\/about-us\/who-we-are\/#primaryimage","url":"https:\/\/zank.de\/wp-content\/uploads\/2021\/12\/DV_ZAnK_Webillu_UeberUns_368x239px.png","contentUrl":"https:\/\/zank.de\/wp-content\/uploads\/2021\/12\/DV_ZAnK_Webillu_UeberUns_368x239px.png"},{"@type":"BreadcrumbList","@id":"https:\/\/zank.de\/en\/about-us\/who-we-are\/#breadcrumb","itemListElement":[{"@type":"ListItem","position":1,"name":"Startseite","item":"https:\/\/zank.de\/en\/"},{"@type":"ListItem","position":2,"name":"About Us","item":"https:\/\/zank.de\/en\/about-us\/"},{"@type":"ListItem","position":3,"name":"Who we are"}]},{"@type":"WebSite","@id":"https:\/\/zank.de\/#website","url":"https:\/\/zank.de\/","name":"ZAnK","description":"Zentrale Anlaufstelle f\u00fcr grenz\u00fcberschreitende Kindschaftskonflikte und Mediation","publisher":{"@id":"https:\/\/zank.de\/#organization"},"potentialAction":[{"@type":"SearchAction","target":{"@type":"EntryPoint","urlTemplate":"https:\/\/zank.de\/?s={search_term_string}"},"query-input":{"@type":"PropertyValueSpecification","valueRequired":true,"valueName":"search_term_string"}}],"inLanguage":"en-US"},{"@type":"Organization","@id":"https:\/\/zank.de\/#organization","name":"ZAnK","url":"https:\/\/zank.de\/","logo":{"@type":"ImageObject","inLanguage":"en-US","@id":"https:\/\/zank.de\/#\/schema\/logo\/image\/","url":"https:\/\/zank.de\/wp-content\/uploads\/2021\/10\/ZANK_Logo.svg","contentUrl":"https:\/\/zank.de\/wp-content\/uploads\/2021\/10\/ZANK_Logo.svg","width":567,"height":172,"caption":"ZAnK"},"image":{"@id":"https:\/\/zank.de\/#\/schema\/logo\/image\/"}}]}},"_links":{"self":[{"href":"https:\/\/zank.de\/en\/wp-json\/wp\/v2\/pages\/653","targetHints":{"allow":["GET"]}}],"collection":[{"href":"https:\/\/zank.de\/en\/wp-json\/wp\/v2\/pages"}],"about":[{"href":"https:\/\/zank.de\/en\/wp-json\/wp\/v2\/types\/page"}],"author":[{"embeddable":true,"href":"https:\/\/zank.de\/en\/wp-json\/wp\/v2\/users\/1"}],"replies":[{"embeddable":true,"href":"https:\/\/zank.de\/en\/wp-json\/wp\/v2\/comments?post=653"}],"version-history":[{"count":0,"href":"https:\/\/zank.de\/en\/wp-json\/wp\/v2\/pages\/653\/revisions"}],"up":[{"embeddable":true,"href":"https:\/\/zank.de\/en\/wp-json\/wp\/v2\/pages\/352"}],"wp:attachment":[{"href":"https:\/\/zank.de\/en\/wp-json\/wp\/v2\/media?parent=653"}],"curies":[{"name":"wp","href":"https:\/\/api.w.org\/{rel}","templated":true}]}}